{"id":4279,"date":"2023-04-20T13:21:08","date_gmt":"2023-04-20T12:21:08","guid":{"rendered":"https:\/\/maxc.io\/domains\/"},"modified":"2025-03-20T12:11:36","modified_gmt":"2025-03-20T12:11:36","slug":"domanen","status":"publish","type":"page","link":"https:\/\/maxc.io\/de\/dienstleistungen\/domanen\/","title":{"rendered":"Domains"},"content":{"rendered":"\n<div class=\"wp-block-cover alignwide is-light has-custom-content-position is-position-bottom-center\" style=\"border-radius:10px\"><span aria-hidden=\"true\" class=\"wp-block-cover__background has-background-dim-10 has-background-dim\" style=\"background-color:#a9bcd0\"><\/span><img decoding=\"async\" width=\"550\" height=\"367\" src=\"https:\/\/maxc.io\/wp-content\/uploads\/2023\/08\/domains-3x2-1.png\" class=\"wp-block-cover__image-background wp-post-image\" alt=\"Domains 3x2\" data-object-fit=\"cover\" srcset=\"https:\/\/maxc.io\/wp-content\/uploads\/2023\/08\/domains-3x2-1.png 550w, https:\/\/maxc.io\/wp-content\/uploads\/2023\/08\/domains-3x2-1-300x200.png 300w, https:\/\/maxc.io\/wp-content\/uploads\/2023\/08\/domains-3x2-1-500x334.png 500w\" sizes=\"(max-width: 550px) 100vw, 550px\" \/><div class=\"wp-block-cover__inner-container is-layout-flow wp-block-cover-is-layout-flow\">\n<p class=\"has-text-align-center has-background-color has-text-color has-large-font-size\"><\/p>\n<\/div><\/div>\n\n<div class=\"wp-block-columns alignwide is-layout-flex wp-container-core-columns-is-layout-28f84493 wp-block-columns-is-layout-flex\">\n<div class=\"wp-block-column is-vertically-aligned-center is-layout-flow wp-block-column-is-layout-flow\" style=\"flex-basis:66.66%\">\n<blockquote class=\"wp-block-quote is-layout-flow wp-block-quote-is-layout-flow\">\n<p class=\"has-text-align-left\">Kompetente Domainverwaltung zur Sicherung und F\u00f6rderung Ihrer Marke.<\/p>\n\n\n\n<p>Wir verwalten und pflegen in Ihrem Auftrag Ihre eigenen Domains und DNS-Eintr\u00e4ge. Sie behalten die volle Kontrolle und das Eigentum.<\/p>\n<\/blockquote>\n<\/div>\n\n\n\n<div class=\"wp-block-column is-vertically-aligned-center is-layout-flow wp-block-column-is-layout-flow\" style=\"flex-basis:33.33%\">\n<div class=\"wp-block-buttons is-content-justification-center is-layout-flex wp-container-core-buttons-is-layout-a89b3969 wp-block-buttons-is-layout-flex\">\n<div class=\"wp-block-button\"><a class=\"wp-block-button__link wp-element-button\" href=\"#pricing\">unsere Preise<\/a><\/div>\n\n\n\n<div class=\"wp-block-button\"><a class=\"wp-block-button__link wp-element-button\" href=\"#contact\">kontaktieren Sie uns<\/a><\/div>\n<\/div>\n<\/div>\n<\/div>\n\n<p><strong>maxc.io <\/strong>bietet eine Reihe von Dienstleistungen an, darunter unvoreingenommene Expertenberatung, technische Unterst\u00fctzung f\u00fcr Ihre selbst verwalteten Domain-Eintr\u00e4ge oder vollst\u00e4ndig verwaltete Unterst\u00fctzung f\u00fcr Ihre spezifischen Domain- und DNS-Anforderungen.<\/p>\n<div id=\"wp24-dc-1\" class=\"wp24-dc\"><\/div>\n\n<h2 class=\"wp-block-heading\" id=\"pricing\">Preisgestaltung<\/h2>\n\n<div class=\"woocommerce\"><\/div><table id=\"wcpt_af2c9ae5afc0cad5_1\" class=\"wc-product-table woocommerce multicart-enabled\" width=\"100%\" data-config=\"{&quot;pageLength&quot;:25,&quot;pagingType&quot;:&quot;numbers&quot;,&quot;serverSide&quot;:false,&quot;autoWidth&quot;:true,&quot;clickFilter&quot;:&quot;false&quot;,&quot;scrollOffset&quot;:0,&quot;resetButton&quot;:false,&quot;multiAddToCart&quot;:true,&quot;multiCartLocation&quot;:&quot;bottom&quot;,&quot;variations&quot;:&quot;dropdown&quot;,&quot;ajaxCart&quot;:false,&quot;numOrder&quot;:false,&quot;stickyHeader&quot;:false,&quot;lengthMenu&quot;:[[10,25,50,100,-1],[10,25,50,100,&quot;Alle&quot;]],&quot;columnDefs&quot;:[{&quot;className&quot;:&quot;col-image&quot;,&quot;targets&quot;:0,&quot;type&quot;:&quot;html&quot;},{&quot;className&quot;:&quot;col-name&quot;,&quot;targets&quot;:1,&quot;type&quot;:&quot;html&quot;},{&quot;className&quot;:&quot;col-summary col-short-description&quot;,&quot;targets&quot;:2,&quot;type&quot;:&quot;html&quot;},{&quot;className&quot;:&quot;col-price&quot;,&quot;targets&quot;:3,&quot;type&quot;:&quot;html-num&quot;},{&quot;className&quot;:&quot;col-buy col-add-to-cart&quot;,&quot;targets&quot;:4,&quot;type&quot;:&quot;html&quot;}],&quot;responsive&quot;:{&quot;details&quot;:{&quot;display&quot;:&quot;child_row&quot;}},&quot;search&quot;:{&quot;search&quot;:&quot;&quot;},&quot;dom&quot;:&quot;&lt;\\&quot;wc-product-table-wrapper twentytwentytwo wpt-styling-custom\\&quot;&lt;\\&quot;wc-product-table-controls wc-product-table-above\\&quot;&gt;t&lt;\\&quot;wc-product-table-controls wc-product-table-below\\&quot;&gt;&gt;&quot;}\" data-filters=\"false\" data-order=\"[]\"><thead><tr><th class=\"all\" data-name=\"image\" data-orderable=\"false\" data-searchable=\"false\" data-width=\"70px\" data-priority=\"4\">Bild<\/th><th data-name=\"name\" data-orderable=\"true\" data-searchable=\"true\" data-priority=\"1\">Name<\/th><th data-name=\"summary\" data-orderable=\"true\" data-searchable=\"true\" data-priority=\"11\">Zusammenfassung<\/th><th data-name=\"price\" data-orderable=\"true\" data-searchable=\"true\" data-priority=\"3\">Preise<\/th><th data-name=\"buy\" data-orderable=\"false\" data-searchable=\"true\" data-priority=\"2\">Kaufen<span class=\"wpt-bulk-select-wrap\"><label class=\"wpt-bulk-select-label\">Alle ausw\u00e4hlen<\/label><input type=\"checkbox\" class=\"wpt-bulk-select\"\/><span class=\"wpt-multi-checkbox\"><\/span><\/span><\/th><\/tr><\/thead><tbody><tr id=\"product-row-4078\" class=\"product product-row product-4078 instock product-type-simple purchasable\"><td><div data-thumb=\"https:\/\/maxc.io\/wp-content\/uploads\/2023\/06\/090-web-hosting-300-100x100.png\" class=\"product-thumbnail-wrapper woocommerce-product-gallery__image\"><a href=\"https:\/\/maxc.io\/wp-content\/uploads\/2023\/06\/090-web-hosting-300.png\"><img decoding=\"async\" width=\"70\" height=\"70\" src=\"https:\/\/maxc.io\/wp-content\/uploads\/2023\/06\/090-web-hosting-300-100x100.png\" class=\"product-thumbnail product-table-image\" alt=\"Domain-Erneuerung\" title=\"090-web-hosting-300\" data-caption=\"Domain-Erneuerung\" data-src=\"https:\/\/maxc.io\/wp-content\/uploads\/2023\/06\/090-web-hosting-300.png\" data-large_image=\"https:\/\/maxc.io\/wp-content\/uploads\/2023\/06\/090-web-hosting-300.png\" data-large_image_width=\"300\" data-large_image_height=\"300\" \/><\/a><\/div><\/td><td><a href=\"https:\/\/maxc.io\/de\/produkt\/domain-erneuerung\/\" class=\"single-product-link\" data-product_id=\"4078\">Domain-Erneuerung<\/a><\/td><td><\/td><td data-sort=\"0.00\"><span class=\"woocommerce-Price-amount amount\"><bdi><span class=\"woocommerce-Price-currencySymbol\">&euro;<\/span>0,00<\/bdi><\/span> <small class=\"woocommerce-price-suffix\">exc. VAT<\/small><\/td><td><div class=\"add-to-cart-wrapper multi-cart no-cart-button with-quantity\">   <form class=\"cart\" action=\"\" method=\"post\" enctype='multipart\/form-data'> <div class=\"add-to-cart-button\"> <div class=\"quantity\"> <label class=\"screen-reader-text\" for=\"quantity_69daca2ccfd2a\">Domain-Erneuerung Menge<\/label> <input type=\"number\" id=\"quantity_69daca2ccfd2a\" class=\"input-text qty text\" name=\"quantity\" value=\"1\" aria-label=\"Produktmenge\" min=\"1\" step=\"1\" placeholder=\"\" inputmode=\"numeric\" autocomplete=\"off\" \/> <\/div> <button type=\"submit\" name=\"add-to-cart\" value=\"4078\" class=\"single_add_to_cart_button button alt wp-element-button\">Zum Warenkorb hinzuf\u00fcgen Spalte<\/button> <\/div> <\/form>  <div class=\"multi-cart-check\"> <input type=\"hidden\" name=\"wpt_product_price\" value=\"0\" form=\"multi-cart\"\/> <input type=\"checkbox\" name=\"product_ids[]\" value=\"4078\" form=\"multi-cart\"\/> <span class=\"wpt-multi-checkbox\"><\/span> <input type=\"hidden\" name=\"cart_data[p4078][quantity]\" data-input-name=\"quantity\" value=\"1\" form=\"multi-cart\" \/> <\/div> <\/div><\/td><\/tr><tr id=\"product-row-4124\" class=\"product product-row product-4124 instock virtual product-type-simple purchasable\"><td><div data-thumb=\"https:\/\/maxc.io\/wp-content\/uploads\/2023\/06\/090-web-hosting-300-100x100.png\" class=\"product-thumbnail-wrapper woocommerce-product-gallery__image\"><a href=\"https:\/\/maxc.io\/wp-content\/uploads\/2023\/06\/090-web-hosting-300.png\"><img decoding=\"async\" width=\"70\" height=\"70\" src=\"https:\/\/maxc.io\/wp-content\/uploads\/2023\/06\/090-web-hosting-300-100x100.png\" class=\"product-thumbnail product-table-image\" alt=\"Domain-Umleitung\" title=\"090-web-hosting-300\" data-caption=\"Domain-Umleitung\" data-src=\"https:\/\/maxc.io\/wp-content\/uploads\/2023\/06\/090-web-hosting-300.png\" data-large_image=\"https:\/\/maxc.io\/wp-content\/uploads\/2023\/06\/090-web-hosting-300.png\" data-large_image_width=\"300\" data-large_image_height=\"300\" \/><\/a><\/div><\/td><td><a href=\"https:\/\/maxc.io\/de\/produkt\/domain-redirect\/\" class=\"single-product-link\" data-product_id=\"4124\">Domain-Umleitung<\/a><\/td><td><p>HTTP-basierter Dienst zur Umleitung von Dom\u00e4nen<\/p>\n<\/td><td data-sort=\"0.00\"> <span class=\"woocommerce-Price-amount amount\"><span class=\"woocommerce-Price-currencySymbol\"><\/span><span class=\"woocommerce-Price-amount amount\"><bdi><span class=\"woocommerce-Price-currencySymbol\">&euro;<\/span>0,00<\/bdi><\/span><\/span> \/ month <\/td><td><div class=\"add-to-cart-wrapper multi-cart no-cart-button with-quantity\">   <form class=\"cart\" action=\"\" method=\"post\" enctype='multipart\/form-data'> <div class=\"add-to-cart-button\"> <div class=\"quantity\"> <label class=\"screen-reader-text\" for=\"quantity_69daca2cd1453\">Domain-Umleitung Menge<\/label> <input type=\"number\" id=\"quantity_69daca2cd1453\" class=\"input-text qty text\" name=\"quantity\" value=\"1\" aria-label=\"Produktmenge\" min=\"1\" step=\"1\" placeholder=\"\" inputmode=\"numeric\" autocomplete=\"off\" \/> <\/div> <button type=\"submit\" name=\"add-to-cart\" value=\"4124\" class=\"single_add_to_cart_button button alt wp-element-button\">Subscribe<\/button> <\/div> <\/form>  <div class=\"multi-cart-check\"> <input type=\"hidden\" name=\"wpt_product_price\" value=\"0\" form=\"multi-cart\"\/> <input type=\"checkbox\" name=\"product_ids[]\" value=\"4124\" form=\"multi-cart\"\/> <span class=\"wpt-multi-checkbox\"><\/span> <input type=\"hidden\" name=\"cart_data[p4124][quantity]\" data-input-name=\"quantity\" value=\"1\" form=\"multi-cart\" \/> <\/div> <\/div><\/td><\/tr><\/tbody><\/table>\n\n<h2 class=\"wp-block-heading\">FAQs<\/h2>\n\n<div class=\"wp-block-gutena-accordion gutena-accordion-block gutena-accordion-block-8cf98a-bd is-layout-flow wp-block-gutena-accordion-is-layout-flow\" data-single=\"true\">\n<div class=\"wp-block-gutena-accordion-panel gutena-accordion-block__panel\">\n<div class=\"wp-block-gutena-accordion-panel-title gutena-accordion-block__panel-title\"><div class=\"gutena-accordion-block__panel-title-inner\">\n<h2 class=\"wp-block-heading has-text-align-left has-large-font-size\" style=\"margin-top:0px;margin-right:0px;margin-bottom:0px;margin-left:0px\">Dom\u00e4nennamen<\/h2>\n<div class=\"trigger-up-down\"><div class=\"horizontal\"><\/div><div class=\"vertical\"><\/div><\/div><\/div><\/div>\n\n\n\n<div class=\"wp-block-gutena-accordion-panel-content gutena-accordion-block__panel-content\"><div class=\"gutena-accordion-block__panel-content-inner\"><div  class=\"ewd-ufaq-faq-list ewd-ufaq-page-type-distinct ewd-ufaq-category-tabs-\" id='ewd-ufaq-faq-list'>\n\n\t<input type='hidden' name='show_on_load' value='' id='ewd-ufaq-show-on-load' \/>\n<input type='hidden' name='include_category' value='domains' id='ewd-ufaq-include-category' \/>\n<input type='hidden' name='exclude_category' value='' id='ewd-ufaq-exclude-category' \/>\n<input type='hidden' name='orderby' value='modified' id='ewd-ufaq-orderby' \/>\n<input type='hidden' name='order' value='asc' id='ewd-ufaq-order' \/>\n<input type='hidden' name='post_count' value='-1' id='ewd-ufaq-post-count' \/>\n<input type='hidden' name='current_url' value='\/de\/wp-json\/wp\/v2\/pages\/4279' id='ewd-ufaq-current-url' \/>\n\t\n\t\n\t<div class='ewd-ufaq-faqs'>\n\n\t\t<div id='ewd-ufaq-faq-category-domanennamen' class='ewd-ufaq-faq-category'>\n\t\n\t<div class='ewd-ufaq-faq-category-title '  >\n\t\t\n\t\t<h3 title=\"Click here to open Dom\u00e4nennamen\">\n\t\t\tDom\u00e4nennamen\t\t\t\t\t<\/h3>\n\n\t\t\t\n\t<\/div>\n\t\n\t<div class='ewd-ufaq-faq-category-inner ' >\n<div  class=\"ewd-ufaq-faq-div ewd-ufaq-faq-column-count-one ewd-ufaq-faq-responsive-columns- ewd-ufaq-faq-display-style-default ewd-ufaq-can-be-toggled\" id='ewd-ufaq-post-8778-3QpzwdXCF4' data-post_id='8778'>\n\n\t\t\n\t<div class='ewd-ufaq-faq-title ewd-ufaq-faq-toggle'>\n\t\n\t<a class='ewd-ufaq-post-margin'  href='#' role=\"button\">\n\n\t\t<div class='ewd-ufaq-post-margin-symbol ewd-ufaq-'>\n\t\t\t<span >a<\/span>\n\t\t<\/div>\n\n\t\t<div class='ewd-ufaq-faq-title-text'>\n\n\t\t\t<h4>\n\t\t\t\tWas ist eine Domain-Erneuerung?\t\t\t<\/h4>\n\n\t\t<\/div>\n\n\t\t<div class='ewd-ufaq-clear'><\/div>\n\n\t<\/a>\n\t\n<\/div>\n\t\n\t<div class='ewd-ufaq-faq-body ewd-ufaq-hidden' >\n\n\t\t\n\t\t\t\n\t\t\n\t\t\t<div class='ewd-ufaq-post-margin ewd-ufaq-faq-post'>\n\t\n<p>Ein Domainname wird f\u00fcr einen festen Zeitraum von 1 bis 10 Jahren registriert. Domainnamen m\u00fcssen in regelm\u00e4\u00dfigen Abst\u00e4nden erneuert werden. Dienste wie E-Mail und Webhosting sind mit Dom\u00e4nennamen verbunden, und ihr weiterer Betrieb h\u00e4ngt von der rechtzeitigen Erneuerung des Dom\u00e4nennamens ab.<\/p>\n<\/div>\n\t\t\n\t\t\t\n\t\t\n\t\t\t\n\t\t\n\t\t\t\n\t\t\n\t\t\t\n\t\t\n\t\t\t\n\t\t\n\t\t\t\n\t\t\n\t\t\t\n\t\t\n\t\t\t\n\t\t\n\t<\/div>\n\n<\/div><div  class=\"ewd-ufaq-faq-div ewd-ufaq-faq-column-count-one ewd-ufaq-faq-responsive-columns- ewd-ufaq-faq-display-style-default ewd-ufaq-can-be-toggled\" id='ewd-ufaq-post-8783-IV34dy8CBe' data-post_id='8783'>\n\n\t\t\n\t<div class='ewd-ufaq-faq-title ewd-ufaq-faq-toggle'>\n\t\n\t<a class='ewd-ufaq-post-margin'  href='#' role=\"button\">\n\n\t\t<div class='ewd-ufaq-post-margin-symbol ewd-ufaq-'>\n\t\t\t<span >a<\/span>\n\t\t<\/div>\n\n\t\t<div class='ewd-ufaq-faq-title-text'>\n\n\t\t\t<h4>\n\t\t\t\tWas ist ein Domaintransfer?\t\t\t<\/h4>\n\n\t\t<\/div>\n\n\t\t<div class='ewd-ufaq-clear'><\/div>\n\n\t<\/a>\n\t\n<\/div>\n\t\n\t<div class='ewd-ufaq-faq-body ewd-ufaq-hidden' >\n\n\t\t\n\t\t\t\n\t\t\n\t\t\t<div class='ewd-ufaq-post-margin ewd-ufaq-faq-post'>\n\t\n<p>Ihr Registrar ist die Stelle, die Ihre Domainnamen t\u00e4glich mit den Registrierungsstellen verwaltet. Sie k\u00f6nnen Ihre Domainnamen jederzeit von einem Registrar zu einem anderen \u00fcbertragen.<\/p>\n\n<p>In den meisten F\u00e4llen wird der \u00fcbertragene Domainname um ein weiteres Jahr verl\u00e4ngert, wenn eine \u00dcbertragungsgeb\u00fchr erhoben wird.<\/p>\n\n<p>\u00dcbertragungen m\u00fcssen vom Domaininhaber oder einem Vertreter des Inhabers beantragt werden. Andernfalls kann der \u00dcbertragungsvorgang nicht eingeleitet werden.<\/p>\n<\/div>\n\t\t\n\t\t\t\n\t\t\n\t\t\t\n\t\t\n\t\t\t\n\t\t\n\t\t\t\n\t\t\n\t\t\t\n\t\t\n\t\t\t\n\t\t\n\t\t\t\n\t\t\n\t\t\t\n\t\t\n\t<\/div>\n\n<\/div><div  class=\"ewd-ufaq-faq-div ewd-ufaq-faq-column-count-one ewd-ufaq-faq-responsive-columns- ewd-ufaq-faq-display-style-default ewd-ufaq-can-be-toggled\" id='ewd-ufaq-post-8782-mMLn2A88Yr' data-post_id='8782'>\n\n\t\t\n\t<div class='ewd-ufaq-faq-title ewd-ufaq-faq-toggle'>\n\t\n\t<a class='ewd-ufaq-post-margin'  href='#' role=\"button\">\n\n\t\t<div class='ewd-ufaq-post-margin-symbol ewd-ufaq-'>\n\t\t\t<span >a<\/span>\n\t\t<\/div>\n\n\t\t<div class='ewd-ufaq-faq-title-text'>\n\n\t\t\t<h4>\n\t\t\t\tWelchen Zyklus durchlaufen die Domains?\t\t\t<\/h4>\n\n\t\t<\/div>\n\n\t\t<div class='ewd-ufaq-clear'><\/div>\n\n\t<\/a>\n\t\n<\/div>\n\t\n\t<div class='ewd-ufaq-faq-body ewd-ufaq-hidden' >\n\n\t\t\n\t\t\t\n\t\t\n\t\t\t<div class='ewd-ufaq-post-margin ewd-ufaq-faq-post'>\n\t\n<p>Im Folgenden finden Sie einige der Phasen, die den Lebenszyklus eines Domainnamens ausmachen:<\/p>\n\n<p><strong>Registrierungszeitraum<\/strong>: 1 bis 10 Jahre<em>Die Domain muss vor ihrem Ablaufdatum verl\u00e4ngert werden, damit alle damit verbundenen Dienste (E-Mail, Hosting usw.) aktiv bleiben.<\/em><\/p>\n\n<p><strong>Gnadenfrist<\/strong>: Sobald das Verfallsdatum erreicht ist, kann der Inhaber seine Domain noch 45 Tage lang zum gleichen Preis verl\u00e4ngern. <em>Dienstleistungen (E-Mail, Hosting, usw.) sind nicht mehr verf\u00fcgbar.<\/em><\/p>\n\n<p><strong>Einl\u00f6sungsfrist<\/strong>: Der Inhaber hat noch 30 Tage Zeit, um seinen Domainnamen zu behalten. Es handelt sich nicht mehr um eine Erneuerung, sondern um eine Restaurierung, die teurer ist.  <em>Die Dienste (E-Mail, Hosting usw.) sind immer noch nicht verf\u00fcgbar.<\/em><\/p>\n\n<p>Wenn der Inhaber die Domain nicht verl\u00e4ngert, wird sie dauerhaft gel\u00f6scht.  <em>5 Tage lang k\u00f6nnen keine weiteren Ma\u00dfnahmen ergriffen werden, dann wird die Domain freigegeben und kann von jedem registriert werden.<\/em><\/p>\n<\/div>\n\t\t\n\t\t\t\n\t\t\n\t\t\t\n\t\t\n\t\t\t\n\t\t\n\t\t\t\n\t\t\n\t\t\t\n\t\t\n\t\t\t\n\t\t\n\t\t\t\n\t\t\n\t\t\t\n\t\t\n\t<\/div>\n\n<\/div><div  class=\"ewd-ufaq-faq-div ewd-ufaq-faq-column-count-one ewd-ufaq-faq-responsive-columns- ewd-ufaq-faq-display-style-default ewd-ufaq-can-be-toggled\" id='ewd-ufaq-post-8787-zO1XU8bScx' data-post_id='8787'>\n\n\t\t\n\t<div class='ewd-ufaq-faq-title ewd-ufaq-faq-toggle'>\n\t\n\t<a class='ewd-ufaq-post-margin'  href='#' role=\"button\">\n\n\t\t<div class='ewd-ufaq-post-margin-symbol ewd-ufaq-'>\n\t\t\t<span >a<\/span>\n\t\t<\/div>\n\n\t\t<div class='ewd-ufaq-faq-title-text'>\n\n\t\t\t<h4>\n\t\t\t\tEinen Domainnamen registrieren\t\t\t<\/h4>\n\n\t\t<\/div>\n\n\t\t<div class='ewd-ufaq-clear'><\/div>\n\n\t<\/a>\n\t\n<\/div>\n\t\n\t<div class='ewd-ufaq-faq-body ewd-ufaq-hidden' >\n\n\t\t\n\t\t\t\n\t\t\n\t\t\t<div class='ewd-ufaq-post-margin ewd-ufaq-faq-post'>\n\t\n<p>Bevor Sie einen Dom\u00e4nennamen registrieren, m\u00fcssen Sie die Verf\u00fcgbarkeit pr\u00fcfen, um sicherzustellen, dass der von Ihnen gew\u00fcnschte Dom\u00e4nenname registriert werden kann.<\/p>\n<\/div>\n\t\t\n\t\t\t\n\t\t\n\t\t\t\n\t\t\n\t\t\t\n\t\t\n\t\t\t\n\t\t\n\t\t\t\n\t\t\n\t\t\t\n\t\t\n\t\t\t\n\t\t\n\t\t\t\n\t\t\n\t<\/div>\n\n<\/div><\/div>\n\n<\/div>\n\n\t<\/div>\n\n\t\n<\/div><\/div><\/div>\n<\/div>\n<\/div>\n","protected":false},"excerpt":{"rendered":"<p>Kompetente Domainverwaltung zur Sicherung und F\u00f6rderung Ihrer Marke. Wir verwalten und pflegen in Ihrem Auftrag Ihre eigenen Domains und DNS-Eintr\u00e4ge. Sie behalten die volle Kontrolle und das Eigentum. maxc.io bietet eine Reihe von Dienstleistungen an, darunter unvoreingenommene Expertenberatung, technische Unterst\u00fctzung f\u00fcr Ihre selbst verwalteten Domain-Eintr\u00e4ge oder vollst\u00e4ndig verwaltete Unterst\u00fctzung f\u00fcr Ihre spezifischen Domain- und DNS-Anforderungen. [&hellip;]<\/p>\n","protected":false},"author":1,"featured_media":5416,"parent":4348,"menu_order":110,"comment_status":"closed","ping_status":"closed","template":"","meta":{"slim_seo":{"title":"Domains - maxc.io","description":"Kompetente Domainverwaltung zur Sicherung und F\u00f6rderung Ihrer Marke. Wir verwalten und pflegen in Ihrem Auftrag Ihre eigenen Domains und DNS-Eintr\u00e4ge. Sie behal"},"footnotes":""},"class_list":["post-4279","page","type-page","status-publish","has-post-thumbnail","hentry"],"pp_statuses_selecting_workflow":false,"pp_workflow_action":"current","pp_status_selection":"publish","_links":{"self":[{"href":"https:\/\/maxc.io\/de\/wp-json\/wp\/v2\/pages\/4279","targetHints":{"allow":["GET"]}}],"collection":[{"href":"https:\/\/maxc.io\/de\/wp-json\/wp\/v2\/pages"}],"about":[{"href":"https:\/\/maxc.io\/de\/wp-json\/wp\/v2\/types\/page"}],"author":[{"embeddable":true,"href":"https:\/\/maxc.io\/de\/wp-json\/wp\/v2\/users\/1"}],"replies":[{"embeddable":true,"href":"https:\/\/maxc.io\/de\/wp-json\/wp\/v2\/comments?post=4279"}],"version-history":[{"count":10,"href":"https:\/\/maxc.io\/de\/wp-json\/wp\/v2\/pages\/4279\/revisions"}],"predecessor-version":[{"id":8842,"href":"https:\/\/maxc.io\/de\/wp-json\/wp\/v2\/pages\/4279\/revisions\/8842"}],"up":[{"embeddable":true,"href":"https:\/\/maxc.io\/de\/wp-json\/wp\/v2\/pages\/4348"}],"wp:featuredmedia":[{"embeddable":true,"href":"https:\/\/maxc.io\/de\/wp-json\/wp\/v2\/media\/5416"}],"wp:attachment":[{"href":"https:\/\/maxc.io\/de\/wp-json\/wp\/v2\/media?parent=4279"}],"curies":[{"name":"wp","href":"https:\/\/api.w.org\/{rel}","templated":true}]}}