{"id":4300,"date":"2023-04-09T16:03:21","date_gmt":"2023-04-09T15:03:21","guid":{"rendered":"https:\/\/maxc.io\/support-plans\/"},"modified":"2023-10-29T21:22:25","modified_gmt":"2023-10-29T21:22:25","slug":"plane-fur-die-unterstutzung","status":"publish","type":"page","link":"https:\/\/maxc.io\/de\/plane-fur-die-unterstutzung\/","title":{"rendered":"Pl\u00e4ne f\u00fcr die Unterst\u00fctzung"},"content":{"rendered":"\n<p>Service-Add-ons zur Unterst\u00fctzung Ihrer spezifischen Anforderungen und der Ihrer Nutzer.<\/p>\n\n<div class=\"alignwide\"><div class=\"woocommerce\"><\/div><table id=\"wcpt_ee0520c874b3ddc4_1\" class=\"wc-product-table woocommerce multicart-enabled\" width=\"100%\" data-config=\"{&quot;pageLength&quot;:25,&quot;pagingType&quot;:&quot;numbers&quot;,&quot;serverSide&quot;:false,&quot;autoWidth&quot;:true,&quot;clickFilter&quot;:&quot;false&quot;,&quot;scrollOffset&quot;:0,&quot;resetButton&quot;:false,&quot;multiAddToCart&quot;:true,&quot;multiCartLocation&quot;:&quot;bottom&quot;,&quot;variations&quot;:&quot;dropdown&quot;,&quot;ajaxCart&quot;:false,&quot;numOrder&quot;:false,&quot;stickyHeader&quot;:false,&quot;lengthMenu&quot;:[[10,25,50,100,-1],[10,25,50,100,&quot;Alle&quot;]],&quot;columnDefs&quot;:[{&quot;className&quot;:&quot;col-image&quot;,&quot;targets&quot;:0,&quot;type&quot;:&quot;html&quot;},{&quot;className&quot;:&quot;col-name&quot;,&quot;targets&quot;:1,&quot;type&quot;:&quot;html&quot;},{&quot;className&quot;:&quot;col-summary col-short-description&quot;,&quot;targets&quot;:2,&quot;type&quot;:&quot;html&quot;},{&quot;className&quot;:&quot;col-price&quot;,&quot;targets&quot;:3,&quot;type&quot;:&quot;html-num&quot;},{&quot;className&quot;:&quot;col-buy col-add-to-cart&quot;,&quot;targets&quot;:4,&quot;type&quot;:&quot;html&quot;}],&quot;responsive&quot;:{&quot;details&quot;:{&quot;display&quot;:&quot;child_row&quot;}},&quot;search&quot;:{&quot;search&quot;:&quot;&quot;},&quot;dom&quot;:&quot;&lt;\\&quot;wc-product-table-wrapper twentytwentytwo wpt-styling-custom\\&quot;&lt;\\&quot;wc-product-table-controls wc-product-table-above\\&quot;&gt;t&lt;\\&quot;wc-product-table-controls wc-product-table-below\\&quot;&gt;&gt;&quot;}\" data-filters=\"false\" data-order=\"[]\"><thead><tr><th class=\"all\" data-name=\"image\" data-orderable=\"false\" data-searchable=\"false\" data-width=\"70px\" data-priority=\"4\">Image<\/th><th data-name=\"name\" data-orderable=\"true\" data-searchable=\"true\" data-priority=\"1\">Name<\/th><th data-name=\"summary\" data-orderable=\"true\" data-searchable=\"true\" data-priority=\"11\">Summary<\/th><th data-name=\"price\" data-orderable=\"true\" data-searchable=\"true\" data-priority=\"3\">Price<\/th><th data-name=\"buy\" data-orderable=\"false\" data-searchable=\"true\" data-priority=\"2\">Buy<span class=\"wpt-bulk-select-wrap\"><label class=\"wpt-bulk-select-label\">Alle ausw\u00e4hlen<\/label><input type=\"checkbox\" class=\"wpt-bulk-select\"\/><span class=\"wpt-multi-checkbox\"><\/span><\/span><\/th><\/tr><\/thead><tbody><tr id=\"product-row-4179\" class=\"product product-row product-4179 instock virtual product-type-simple purchasable\"><td><div data-thumb=\"https:\/\/maxc.io\/wp-content\/uploads\/2023\/04\/044-pen-and-paper-300-100x100.png\" class=\"product-thumbnail-wrapper woocommerce-product-gallery__image\"><a href=\"https:\/\/maxc.io\/wp-content\/uploads\/2023\/04\/044-pen-and-paper-300.png\"><img decoding=\"async\" width=\"70\" height=\"70\" src=\"https:\/\/maxc.io\/wp-content\/uploads\/2023\/04\/044-pen-and-paper-300-100x100.png\" class=\"product-thumbnail product-table-image\" alt=\"Add-on: Service-Aufgaben\" title=\"044-pen-and-paper-300\" data-caption=\"Add-on: Service-Aufgaben\" data-src=\"https:\/\/maxc.io\/wp-content\/uploads\/2023\/04\/044-pen-and-paper-300.png\" data-large_image=\"https:\/\/maxc.io\/wp-content\/uploads\/2023\/04\/044-pen-and-paper-300.png\" data-large_image_width=\"300\" data-large_image_height=\"300\" \/><\/a><\/div><\/td><td><a href=\"https:\/\/maxc.io\/de\/produkt\/add-on-service-aufgaben\/\" class=\"single-product-link\" data-product_id=\"4179\">Add-on: Service-Aufgaben<\/a><\/td><td><p>5 Aufgaben pro Jahr, f\u00fcr alle abonnierten Dienste<\/p>\n<\/td><td data-sort=\"11.70\"> <span class=\"woocommerce-Price-amount amount\"><span class=\"woocommerce-Price-currencySymbol\"><\/span><span class=\"woocommerce-Price-amount amount\"><bdi><span class=\"woocommerce-Price-currencySymbol\">&euro;<\/span>11,70<\/bdi><\/span><\/span> \/ month <\/td><td><div class=\"add-to-cart-wrapper multi-cart no-cart-button with-quantity\">   <form class=\"cart\" action=\"\" method=\"post\" enctype='multipart\/form-data'> <div class=\"add-to-cart-button\"> <div class=\"quantity\"> <label class=\"screen-reader-text\" for=\"quantity_69dadd25687b5\">Add-on: Service-Aufgaben Menge<\/label> <input type=\"number\" id=\"quantity_69dadd25687b5\" class=\"input-text qty text\" name=\"quantity\" value=\"1\" aria-label=\"Produktmenge\" min=\"1\" step=\"1\" placeholder=\"\" inputmode=\"numeric\" autocomplete=\"off\" \/> <\/div> <button type=\"submit\" name=\"add-to-cart\" value=\"4179\" class=\"single_add_to_cart_button button alt wp-element-button\">Subscribe<\/button> <\/div> <\/form>  <div class=\"multi-cart-check\"> <input type=\"hidden\" name=\"wpt_product_price\" value=\"11.7\" form=\"multi-cart\"\/> <input type=\"checkbox\" name=\"product_ids[]\" value=\"4179\" form=\"multi-cart\"\/> <span class=\"wpt-multi-checkbox\"><\/span> <input type=\"hidden\" name=\"cart_data[p4179][quantity]\" data-input-name=\"quantity\" value=\"1\" form=\"multi-cart\" \/> <\/div> <\/div><\/td><\/tr><tr id=\"product-row-8278\" class=\"product product-row product-8278 instock virtual product-type-simple purchasable\"><td><div data-thumb=\"https:\/\/maxc.io\/wp-content\/uploads\/2023\/04\/044-pen-and-paper-300-100x100.png\" class=\"product-thumbnail-wrapper woocommerce-product-gallery__image\"><a href=\"https:\/\/maxc.io\/wp-content\/uploads\/2023\/04\/044-pen-and-paper-300.png\"><img decoding=\"async\" width=\"70\" height=\"70\" src=\"https:\/\/maxc.io\/wp-content\/uploads\/2023\/04\/044-pen-and-paper-300-100x100.png\" class=\"product-thumbnail product-table-image\" alt=\"Add-on: Entwicklungsblock\" title=\"044-pen-and-paper-300\" data-caption=\"Add-on: Entwicklungsblock\" data-src=\"https:\/\/maxc.io\/wp-content\/uploads\/2023\/04\/044-pen-and-paper-300.png\" data-large_image=\"https:\/\/maxc.io\/wp-content\/uploads\/2023\/04\/044-pen-and-paper-300.png\" data-large_image_width=\"300\" data-large_image_height=\"300\" \/><\/a><\/div><\/td><td><a href=\"https:\/\/maxc.io\/de\/produkt\/add-on-development-block\/\" class=\"single-product-link\" data-product_id=\"8278\">Add-on: Entwicklungsblock<\/a><\/td><td><p>8 Stunden Entwicklung nach Ma\u00df<\/p>\n<\/td><td data-sort=\"11.70\"><del><span class=\"woocommerce-Price-amount amount\"><span class=\"woocommerce-Price-currencySymbol\"><\/span><span class=\"woocommerce-Price-amount amount\"><bdi><span class=\"woocommerce-Price-currencySymbol\">&euro;<\/span>11,70<\/bdi><\/span><\/span><\/del> <span class=\"woocommerce-Price-amount amount\"><span class=\"woocommerce-Price-currencySymbol\"><\/span><span class=\"woocommerce-Price-amount amount\"><bdi><span class=\"woocommerce-Price-currencySymbol\">&euro;<\/span>10,00<\/bdi><\/span><\/span> \/ month <\/td><td><div class=\"add-to-cart-wrapper multi-cart no-cart-button with-quantity\">   <form class=\"cart\" action=\"\" method=\"post\" enctype='multipart\/form-data'> <div class=\"add-to-cart-button\"> <div class=\"quantity\"> <label class=\"screen-reader-text\" for=\"quantity_69dadd256a154\">Add-on: Entwicklungsblock Menge<\/label> <input type=\"number\" id=\"quantity_69dadd256a154\" class=\"input-text qty text\" name=\"quantity\" value=\"1\" aria-label=\"Produktmenge\" min=\"1\" step=\"1\" placeholder=\"\" inputmode=\"numeric\" autocomplete=\"off\" \/> <\/div> <button type=\"submit\" name=\"add-to-cart\" value=\"8278\" class=\"single_add_to_cart_button button alt wp-element-button\">Subscribe<\/button> <\/div> <\/form>  <div class=\"multi-cart-check\"> <input type=\"hidden\" name=\"wpt_product_price\" value=\"11.7\" form=\"multi-cart\"\/> <input type=\"checkbox\" name=\"product_ids[]\" value=\"8278\" form=\"multi-cart\"\/> <span class=\"wpt-multi-checkbox\"><\/span> <input type=\"hidden\" name=\"cart_data[p8278][quantity]\" data-input-name=\"quantity\" value=\"1\" form=\"multi-cart\" \/> <\/div> <\/div><\/td><\/tr><tr id=\"product-row-4134\" class=\"product product-row product-4134 instock virtual product-type-simple purchasable\"><td><div data-thumb=\"https:\/\/maxc.io\/wp-content\/uploads\/2023\/04\/015-people-network-300-100x100.png\" class=\"product-thumbnail-wrapper woocommerce-product-gallery__image\"><a href=\"https:\/\/maxc.io\/wp-content\/uploads\/2023\/04\/015-people-network-300.png\"><img decoding=\"async\" width=\"70\" height=\"70\" src=\"https:\/\/maxc.io\/wp-content\/uploads\/2023\/04\/015-people-network-300-100x100.png\" class=\"product-thumbnail product-table-image\" alt=\"Add-on: Benutzerunterst\u00fctzung\" title=\"015-people-network-300\" data-caption=\"Add-on: Benutzerunterst\u00fctzung\" data-src=\"https:\/\/maxc.io\/wp-content\/uploads\/2023\/04\/015-people-network-300.png\" data-large_image=\"https:\/\/maxc.io\/wp-content\/uploads\/2023\/04\/015-people-network-300.png\" data-large_image_width=\"300\" data-large_image_height=\"300\" \/><\/a><\/div><\/td><td><a href=\"https:\/\/maxc.io\/de\/produkt\/zusatznutzer-unterstuetzung\/\" class=\"single-product-link\" data-product_id=\"4134\">Add-on: Benutzerunterst\u00fctzung<\/a><\/td><td><p>10 Benutzer Teamzugang, f\u00fcr alle abonnierten Dienste<\/p>\n<\/td><td data-sort=\"11.70\"> <span class=\"woocommerce-Price-amount amount\"><span class=\"woocommerce-Price-currencySymbol\"><\/span><span class=\"woocommerce-Price-amount amount\"><bdi><span class=\"woocommerce-Price-currencySymbol\">&euro;<\/span>11,70<\/bdi><\/span><\/span> \/ month <\/td><td><div class=\"add-to-cart-wrapper multi-cart no-cart-button with-quantity\">   <form class=\"cart\" action=\"\" method=\"post\" enctype='multipart\/form-data'> <div class=\"add-to-cart-button\"> <div class=\"quantity\"> <label class=\"screen-reader-text\" for=\"quantity_69dadd256bcec\">Add-on: Benutzerunterst\u00fctzung Menge<\/label> <input type=\"number\" id=\"quantity_69dadd256bcec\" class=\"input-text qty text\" name=\"quantity\" value=\"1\" aria-label=\"Produktmenge\" min=\"1\" step=\"1\" placeholder=\"\" inputmode=\"numeric\" autocomplete=\"off\" \/> <\/div> <button type=\"submit\" name=\"add-to-cart\" value=\"4134\" class=\"single_add_to_cart_button button alt wp-element-button\">Subscribe<\/button> <\/div> <\/form>  <div class=\"multi-cart-check\"> <input type=\"hidden\" name=\"wpt_product_price\" value=\"11.7\" form=\"multi-cart\"\/> <input type=\"checkbox\" name=\"product_ids[]\" value=\"4134\" form=\"multi-cart\"\/> <span class=\"wpt-multi-checkbox\"><\/span> <input type=\"hidden\" name=\"cart_data[p4134][quantity]\" data-input-name=\"quantity\" value=\"1\" form=\"multi-cart\" \/> <\/div> <\/div><\/td><\/tr><\/tbody><\/table><\/div>\n","protected":false},"excerpt":{"rendered":"<p>Service-Add-ons zur Unterst\u00fctzung Ihrer spezifischen Anforderungen und der Ihrer Nutzer.<\/p>\n","protected":false},"author":1,"featured_media":0,"parent":0,"menu_order":0,"comment_status":"closed","ping_status":"closed","template":"","meta":{"slim_seo":{"title":"Pl\u00e4ne f\u00fcr die Unterst\u00fctzung - maxc.io","description":"Service-Add-ons zur Unterst\u00fctzung Ihrer spezifischen Anforderungen und der Ihrer Nutzer. Image Name Summary Price Buy Alle ausw\u00e4hlen Add-on: Service-Aufgaben 5"},"footnotes":""},"class_list":["post-4300","page","type-page","status-publish","hentry"],"pp_statuses_selecting_workflow":false,"pp_workflow_action":"current","pp_status_selection":"publish","_links":{"self":[{"href":"https:\/\/maxc.io\/de\/wp-json\/wp\/v2\/pages\/4300","targetHints":{"allow":["GET"]}}],"collection":[{"href":"https:\/\/maxc.io\/de\/wp-json\/wp\/v2\/pages"}],"about":[{"href":"https:\/\/maxc.io\/de\/wp-json\/wp\/v2\/types\/page"}],"author":[{"embeddable":true,"href":"https:\/\/maxc.io\/de\/wp-json\/wp\/v2\/users\/1"}],"replies":[{"embeddable":true,"href":"https:\/\/maxc.io\/de\/wp-json\/wp\/v2\/comments?post=4300"}],"version-history":[{"count":5,"href":"https:\/\/maxc.io\/de\/wp-json\/wp\/v2\/pages\/4300\/revisions"}],"predecessor-version":[{"id":6910,"href":"https:\/\/maxc.io\/de\/wp-json\/wp\/v2\/pages\/4300\/revisions\/6910"}],"wp:attachment":[{"href":"https:\/\/maxc.io\/de\/wp-json\/wp\/v2\/media?parent=4300"}],"curies":[{"name":"wp","href":"https:\/\/api.w.org\/{rel}","templated":true}]}}