{"id":4369,"date":"2022-06-15T17:17:18","date_gmt":"2022-06-15T16:17:18","guid":{"rendered":"https:\/\/maxc.io\/website-terms-and-conditions\/"},"modified":"2023-11-02T12:49:34","modified_gmt":"2023-11-02T12:49:34","slug":"website-bedingungen-und-konditionen","status":"publish","type":"page","link":"https:\/\/maxc.io\/de\/website-bedingungen-und-konditionen\/","title":{"rendered":"Website-Nutzungsbedingungen"},"content":{"rendered":"\n<p><strong>1. Einleitung<\/strong><\/p>\n\n<p>1.1 Diese Bedingungen regeln Ihre Nutzung unserer Website.<\/p>\n\n<p>1.2 Durch die Nutzung unserer Website akzeptieren Sie diese Bedingungen in vollem Umfang; wenn Sie mit diesen Bedingungen oder einem Teil davon nicht einverstanden sind, d\u00fcrfen Sie unsere Website nicht nutzen.<\/p>\n\n<p>1.3 Wenn Sie sich auf unserer Website registrieren, Material auf unserer Website einreichen oder einen unserer Webseitendienste nutzen, werden wir Sie bitten, diesen Bedingungen ausdr\u00fccklich zuzustimmen.<\/p>\n\n<p><strong>2. Urheberrechtshinweis<\/strong><\/p>\n\n<p>2.1 Copyright (c) 2023 Maxicandi Ltd.<\/p>\n\n<p>2.2 Vorbehaltlich der ausdr\u00fccklichen Bestimmungen in diesen Bedingungen und Konditionen:<\/p>\n\n<p>(a) wir, zusammen mit unseren Lizenzgebern, alle Urheberrechte und andere Rechte an geistigem Eigentum an unserer Website und dem Material auf unserer Website besitzen und kontrollieren; und<\/p>\n\n<p>(b) alle Urheberrechte und sonstigen geistigen Eigentumsrechte an unserer Website und dem Material auf unserer Website vorbehalten sind.<\/p>\n\n<p><strong>3. Erlaubnis zur Nutzung der Website<\/strong><\/p>\n\n<p>3.1 Sie k\u00f6nnen:<\/p>\n\n<p>(a) die Seiten unserer Website in einem Webbrowser ansehen;<\/p>\n\n<p>(b) das Herunterladen von Seiten von unserer Website zum Zwischenspeichern in einem Webbrowser;<\/p>\n\n<p>(c) Seiten von unserer Website f\u00fcr den pers\u00f6nlichen und nicht kommerziellen Gebrauch auszudrucken;<\/p>\n\n<p>(d) Audio- und Videodateien von unserer Website \u00fcber den Media Player auf unserer Website zu streamen; und<\/p>\n\n<p>(e) unsere Website-Dienste mit Hilfe eines Webbrowsers nutzen,<\/p>\n\n<p>vorbehaltlich der \u00fcbrigen Bestimmungen der vorliegenden Bedingungen.<\/p>\n\n<p>3.2 Sofern nicht ausdr\u00fccklich durch Abschnitt 3.1 oder die anderen Bestimmungen dieser Gesch\u00e4ftsbedingungen gestattet, d\u00fcrfen Sie kein Material von unserer Website herunterladen oder auf Ihrem Computer speichern.<\/p>\n\n<p>3.3 Sie d\u00fcrfen unsere Website nur f\u00fcr Ihre eigenen pers\u00f6nlichen und gesch\u00e4ftlichen Zwecke nutzen; Sie d\u00fcrfen unsere Website nicht f\u00fcr andere Zwecke nutzen.<\/p>\n\n<p>3.4 Sofern nicht ausdr\u00fccklich durch diese Bedingungen gestattet, d\u00fcrfen Sie kein Material auf unserer Website bearbeiten oder anderweitig ver\u00e4ndern.<\/p>\n\n<p>3.5 Sofern Sie nicht die entsprechenden Rechte an dem Material besitzen oder kontrollieren, d\u00fcrfen Sie nicht:<\/p>\n\n<p>(a) Material von unserer Website erneut zu ver\u00f6ffentlichen (einschlie\u00dflich Wiederver\u00f6ffentlichung auf einer anderen Website);<\/p>\n\n<p>(b) Material von unserer Website verkaufen, vermieten oder unterlizenzieren;<\/p>\n\n<p>(c) Material von unserer Website in der \u00d6ffentlichkeit zu zeigen;<\/p>\n\n<p>(d) Material von unserer Website f\u00fcr einen kommerziellen Zweck zu nutzen; oder<\/p>\n\n<p>(e) Material von unserer Website weiterzuverbreiten.<\/p>\n\n<p>3.6 Ungeachtet des Abschnitts 3.5 d\u00fcrfen Sie unseren Newsletter in gedruckter und elektronischer Form an beliebige Personen weitergeben.<\/p>\n\n<p>3.7 Wir behalten uns das Recht vor, den Zugang zu unserer Website, zu Bereichen unserer Website und\/oder zu Funktionen auf unserer Website auszusetzen oder zu beschr\u00e4nken. Wir k\u00f6nnen zum Beispiel den Zugang zur Website w\u00e4hrend der Wartung des Servers oder bei der Aktualisierung der Website aussetzen. Sie d\u00fcrfen keine Zugangsbeschr\u00e4nkungsma\u00dfnahmen auf der Website umgehen oder umgehen oder versuchen, diese zu umgehen oder zu umgehen.<\/p>\n\n<p><strong>4. Missbr\u00e4uchliche Nutzung der Website<\/strong><\/p>\n\n<p>4.1 Sie d\u00fcrfen nicht:<\/p>\n\n<p>(a) unsere Website in irgendeiner Weise zu nutzen oder Handlungen vorzunehmen, die Sch\u00e4den an der Website oder eine Beeintr\u00e4chtigung der Leistung, Verf\u00fcgbarkeit, Zug\u00e4nglichkeit, Integrit\u00e4t oder Sicherheit der Website verursachen oder verursachen k\u00f6nnen;<\/p>\n\n<p>(b) unsere Website in einer Weise zu nutzen, die ungesetzlich, illegal, betr\u00fcgerisch oder sch\u00e4dlich ist, oder in Verbindung mit einem ungesetzlichen, illegalen, betr\u00fcgerischen oder sch\u00e4dlichen Zweck oder einer Aktivit\u00e4t;<\/p>\n\n<p>(c) unsere Website zu hacken oder anderweitig zu manipulieren;<\/p>\n\n<p>(d) die Verwundbarkeit unserer Website ohne unsere Erlaubnis zu untersuchen, zu scannen oder zu testen;<\/p>\n\n<p>(e) Umgehung von Authentifizierungs- oder Sicherheitssystemen oder -verfahren auf oder im Zusammenhang mit unserer Website;<\/p>\n\n<p>(f) unsere Website zu nutzen, um Material zu kopieren, zu speichern, zu hosten, zu \u00fcbertragen, zu senden, zu nutzen, zu ver\u00f6ffentlichen oder zu verteilen, das aus Spyware, Computerviren, Trojanern, W\u00fcrmern, Keystroke-Loggern, Rootkits oder anderer b\u00f6sartiger Computersoftware besteht (oder damit verbunden ist);<\/p>\n\n<p>(g) unsere Website-Ressourcen (einschlie\u00dflich Bandbreite, Speicherkapazit\u00e4t und Verarbeitungskapazit\u00e4t) unangemessen stark zu belasten;<\/p>\n\n<p>(h) Mitteilungen, die von oder an unsere Website gesendet werden, ohne unsere Zustimmung zu entschl\u00fcsseln oder zu entziffern;<\/p>\n\n<p>(i) systematische oder automatisierte Datenerfassungsaktivit\u00e4ten (einschlie\u00dflich, aber nicht beschr\u00e4nkt auf Scraping, Data Mining, Datenextraktion und Data Harvesting) auf oder in Bezug auf unsere Website ohne unsere ausdr\u00fcckliche schriftliche Zustimmung durchzuf\u00fchren;<\/p>\n\n<p>(j) mit Hilfe von Robotern, Spidern oder anderen automatisierten Mitteln auf unsere Website zuzugreifen oder anderweitig mit ihr zu interagieren, au\u00dfer zum Zweck der Indizierung durch Suchmaschinen;<\/p>\n\n<p>(k) unsere Website au\u00dfer \u00fcber unsere \u00f6ffentlichen Schnittstellen zu nutzen;<\/p>\n\n<p>(l) gegen die in der robots.txt-Datei f\u00fcr unsere Website festgelegten Richtlinien versto\u00dfen;<\/p>\n\n<p>(m) die auf unserer Website gesammelten Daten f\u00fcr Direktmarketing-Aktivit\u00e4ten zu verwenden (einschlie\u00dflich, aber nicht beschr\u00e4nkt auf E-Mail-Marketing, SMS-Marketing, Telefonmarketing und Direktwerbung); oder<\/p>\n\n<p>(n) irgendetwas zu tun, das die normale Nutzung unserer Website st\u00f6rt.<\/p>\n\n<p>4.2 Sie d\u00fcrfen die auf unserer Website gesammelten Daten nicht verwenden, um mit Einzelpersonen, Unternehmen oder anderen Personen oder Einrichtungen Kontakt aufzunehmen.<\/p>\n\n<p>4.3 Sie m\u00fcssen sicherstellen, dass alle Informationen, die Sie uns \u00fcber unsere Website oder im Zusammenhang mit unserer Website zur Verf\u00fcgung stellen, wahr, genau, aktuell, vollst\u00e4ndig und nicht irref\u00fchrend sind.<\/p>\n\n<p><strong>5. Registrierung und Konten<\/strong><\/p>\n\n<p>5.1 Sie k\u00f6nnen sich f\u00fcr ein Konto auf unserer Website registrieren, indem Sie das Formular zur Kontoregistrierung auf unserer Website ausf\u00fcllen und abschicken und auf den Verifizierungslink in der E-Mail klicken, die Ihnen von der Website zugesandt wird.<\/p>\n\n<p>5.2 Sie d\u00fcrfen keiner anderen Person erlauben, Ihr Konto f\u00fcr den Zugang zur Website zu nutzen.<\/p>\n\n<p>5.3 Sie m\u00fcssen uns unverz\u00fcglich schriftlich benachrichtigen, wenn Sie von einer unbefugten Nutzung Ihres Kontos Kenntnis erhalten.<\/p>\n\n<p>5.4 Sie d\u00fcrfen das Konto einer anderen Person nicht f\u00fcr den Zugriff auf die Website verwenden.<\/p>\n\n<p><strong>6. Benutzer-Anmeldedaten<\/strong><\/p>\n\n<p>6.1 Wenn Sie sich f\u00fcr ein Konto auf unserer Website registrieren, werden Sie aufgefordert, eine Benutzer-ID und ein Passwort zu w\u00e4hlen.<\/p>\n\n<p>6.2 Ihre Benutzerkennung darf nicht zur Irref\u00fchrung geeignet sein und muss den in Abschnitt 10 dargelegten Inhaltsregeln entsprechen; Sie d\u00fcrfen Ihr Konto oder Ihre Benutzerkennung nicht f\u00fcr oder in Verbindung mit der Nachahmung einer anderen Person verwenden.<\/p>\n\n<p>6.3 Sie m\u00fcssen Ihr Passwort vertraulich behandeln.<\/p>\n\n<p>6.4 Sie m\u00fcssen uns unverz\u00fcglich schriftlich benachrichtigen, wenn Sie von einer Offenlegung Ihres Passworts erfahren.<\/p>\n\n<p>6.5 Sie sind f\u00fcr alle Aktivit\u00e4ten auf unserer Website verantwortlich, die sich aus einem Vers\u00e4umnis ergeben, Ihr Passwort geheim zu halten, und k\u00f6nnen f\u00fcr alle Verluste haftbar gemacht werden, die sich aus einem solchen Vers\u00e4umnis ergeben.<\/p>\n\n<p><strong>7. Unsere Rechte zur Nutzung Ihrer Inhalte<\/strong><\/p>\n\n<p>7.1 In diesen Bedingungen bedeutet &#8222;Ihre Inhalte&#8220; alle Werke und Materialien (einschlie\u00dflich, aber nicht beschr\u00e4nkt auf Texte, Grafiken, Bilder, Audiomaterial, Videomaterial, audiovisuelles Material, Skripte, Software und Dateien), die Sie uns oder unserer Website zur Speicherung oder Ver\u00f6ffentlichung auf unserer Website, zur Verarbeitung durch unsere Website oder zur \u00dcbertragung \u00fcber unsere Website \u00fcbermitteln.<\/p>\n\n<p>7.2 Sie gew\u00e4hren uns eine weltweite, unwiderrufliche, nicht ausschlie\u00dfliche, geb\u00fchrenfreie Lizenz zur Nutzung, Reproduktion, Speicherung, Anpassung, Ver\u00f6ffentlichung, \u00dcbersetzung und Verbreitung Ihrer Inhalte in allen bestehenden oder zuk\u00fcnftigen Medien.<\/p>\n\n<p>7.3 Sie r\u00e4umen uns das Recht ein, Unterlizenzen f\u00fcr die in Abschnitt 7.2 lizenzierten Rechte zu vergeben.<\/p>\n\n<p>7.4 Sie r\u00e4umen uns das Recht ein, eine Klage wegen Verletzung der unter Ziffer 7.2 lizenzierten Rechte zu erheben.<\/p>\n\n<p>7.5 Sie verzichten hiermit auf alle Urheberpers\u00f6nlichkeitsrechte an Ihren Inhalten, soweit dies nach geltendem Recht zul\u00e4ssig ist, und Sie gew\u00e4hrleisten und sichern zu, dass auf alle anderen Urheberpers\u00f6nlichkeitsrechte an Ihren Inhalten verzichtet wurde, soweit dies nach geltendem Recht zul\u00e4ssig ist.<\/p>\n\n<p>7.6 Sie k\u00f6nnen Ihre Inhalte im zul\u00e4ssigen Umfang \u00fcber die auf unserer Website zur Verf\u00fcgung gestellten Bearbeitungsfunktionen bearbeiten.<\/p>\n\n<p>7.7 Unbeschadet unserer sonstigen Rechte im Rahmen dieser Bedingungen k\u00f6nnen wir, wenn Sie in irgendeiner Weise gegen eine Bestimmung dieser Bedingungen versto\u00dfen oder wenn wir den begr\u00fcndeten Verdacht haben, dass Sie in irgendeiner Weise gegen diese Bedingungen versto\u00dfen haben, Ihre Inhalte ganz oder teilweise l\u00f6schen, nicht ver\u00f6ffentlichen oder bearbeiten.<\/p>\n\n<p><strong>8. Regeln f\u00fcr Ihren Inhalt<\/strong><\/p>\n\n<p>8.1 Sie garantieren und sichern zu, dass Ihr Inhalt mit diesen Bedingungen \u00fcbereinstimmen wird.<\/p>\n\n<p>8.2 Ihre Inhalte d\u00fcrfen nicht illegal oder ungesetzlich sein, sie d\u00fcrfen nicht die gesetzlichen Rechte einer Person verletzen und sie d\u00fcrfen nicht zu rechtlichen Schritten gegen eine Person f\u00fchren (in jedem Fall in jeder Gerichtsbarkeit und unter jedem anwendbaren Gesetz).<\/p>\n\n<p>8.3 Ihre Inhalte und die Nutzung Ihrer Inhalte durch uns in \u00dcbereinstimmung mit diesen Bedingungen d\u00fcrfen nicht:<\/p>\n\n<p>(a) verleumderisch oder b\u00f6swillig falsch sein;<\/p>\n\n<p>(b) obsz\u00f6n oder unanst\u00e4ndig sein;<\/p>\n\n<p>(c) ein Urheberrecht, ein moralisches Recht, ein Datenbankrecht, ein Markenrecht, ein Geschmacksmusterrecht, ein Recht auf Nachahmung oder ein anderes Recht an geistigem Eigentum verletzen;<\/p>\n\n<p>(d) das Recht auf Vertrauen, das Recht auf Privatsph\u00e4re oder das Recht nach dem Datenschutzrecht verletzen;<\/p>\n\n<p>(e) eine fahrl\u00e4ssige Beratung darstellen oder eine fahrl\u00e4ssige Erkl\u00e4rung enthalten;<\/p>\n\n<p>(f) eine Aufforderung zur Begehung einer Straftat, eine Anleitung zur Begehung einer Straftat oder die F\u00f6rderung einer kriminellen T\u00e4tigkeit darstellen;<\/p>\n\n<p>(g) ein Gericht missachten oder gegen eine gerichtliche Anordnung versto\u00dfen;<\/p>\n\n<p>(h) gegen die Rechtsvorschriften \u00fcber Rassenhass oder religi\u00f6se Diskriminierung versto\u00dfen;<\/p>\n\n<p>(i) blasphemisch sein;<\/p>\n\n<p>(j) gegen die Rechtsvorschriften \u00fcber Amtsgeheimnisse versto\u00dfen;<\/p>\n\n<p>(k) gegen eine vertragliche Verpflichtung gegen\u00fcber einer Person versto\u00dfen haben;<\/p>\n\n<p>(l) Gewalt in expliziter, grafischer oder grundloser Weise darstellen;<\/p>\n\n<p>(m) pornografisch, unz\u00fcchtig, anz\u00fcglich oder eindeutig sexuell sein;<\/p>\n\n<p>(n) unwahr, falsch, ungenau oder irref\u00fchrend sein;<\/p>\n\n<p>(o) aus Anweisungen, Ratschl\u00e4gen oder anderen Informationen bestehen oder diese enthalten, die, wenn sie befolgt werden, Krankheit, Verletzung oder Tod oder andere Verluste oder Sch\u00e4den verursachen k\u00f6nnen;<\/p>\n\n<p>(p) Spam darstellen;<\/p>\n\n<p>(q) beleidigend, t\u00e4uschend, betr\u00fcgerisch, bedrohend, missbr\u00e4uchlich, bel\u00e4stigend, asozial, bedrohlich, hasserf\u00fcllt, diskriminierend oder aufr\u00fchrerisch sein; oder<\/p>\n\n<p>(r) Bel\u00e4stigung, Unannehmlichkeiten oder unn\u00f6tige \u00c4ngste f\u00fcr irgendeine Person verursachen.<\/p>\n\n<p><strong>9. Begrenzte Garantien<\/strong><\/p>\n\n<p>9.1 Wir \u00fcbernehmen keine Garantie oder Zusicherung:<\/p>\n\n<p>(a) die Vollst\u00e4ndigkeit oder Richtigkeit der auf unserer Website ver\u00f6ffentlichten Informationen;<\/p>\n\n<p>(b) dass das Material auf der Website auf dem neuesten Stand ist;<\/p>\n\n<p>(c) dass die Website fehlerfrei funktionieren wird; oder<\/p>\n\n<p>(d) dass die Website oder ein Dienst auf der Website verf\u00fcgbar bleiben wird.<\/p>\n\n<p>9.2 Wir behalten uns das Recht vor, einige oder alle unserer Website-Dienste einzustellen oder zu \u00e4ndern und die Ver\u00f6ffentlichung unserer Website jederzeit nach unserem alleinigen Ermessen ohne Vorank\u00fcndigung oder Erkl\u00e4rung einzustellen; und sofern in diesen Bedingungen nicht ausdr\u00fccklich etwas anderes vorgesehen ist, haben Sie bei der Einstellung oder \u00c4nderung von Website-Diensten oder wenn wir die Ver\u00f6ffentlichung der Website einstellen, keinen Anspruch auf eine Entsch\u00e4digung oder sonstige Zahlung.<\/p>\n\n<p>9.3 Im gr\u00f6\u00dftm\u00f6glichen gesetzlich zul\u00e4ssigen Umfang und vorbehaltlich Abschnitt 10.1 schlie\u00dfen wir alle Zusicherungen und Gew\u00e4hrleistungen in Bezug auf den Gegenstand dieser Gesch\u00e4ftsbedingungen, unsere Website und die Nutzung unserer Website aus.<\/p>\n\n<p><strong>10. Beschr\u00e4nkungen und Ausschl\u00fcsse der Haftung<\/strong><\/p>\n\n<p>10.1 Keine der Bestimmungen in diesen Bedingungen wird:<\/p>\n\n<p>(a) die Haftung f\u00fcr Tod oder K\u00f6rperverletzung aufgrund von Fahrl\u00e4ssigkeit beschr\u00e4nken oder ausschlie\u00dfen;<\/p>\n\n<p>(b) die Haftung f\u00fcr Betrug oder arglistige T\u00e4uschung beschr\u00e4nken oder ausschlie\u00dfen;<\/p>\n\n<p>(c) die Haftung in einer Weise zu beschr\u00e4nken, die nach geltendem Recht nicht zul\u00e4ssig ist; oder<\/p>\n\n<p>(d) alle Haftungen ausschlie\u00dfen, die nach geltendem Recht nicht ausgeschlossen werden d\u00fcrfen.<\/p>\n\n<p>10.2 Die in diesem Abschnitt 10 und an anderer Stelle dieser Bedingungen dargelegten Haftungsbeschr\u00e4nkungen und -ausschl\u00fcsse:<\/p>\n\n<p>(a) Gegenstand von Abschnitt 10.1 sind und<\/p>\n\n<p>(b) regeln alle Haftungen, die sich aus diesen Bedingungen ergeben oder sich auf den Gegenstand dieser Bedingungen beziehen, einschlie\u00dflich der Haftungen, die sich aus Vertr\u00e4gen, unerlaubten Handlungen (einschlie\u00dflich Fahrl\u00e4ssigkeit) und aus der Verletzung gesetzlicher Pflichten ergeben, sofern in diesen Bedingungen nicht ausdr\u00fccklich etwas anderes vorgesehen ist.<\/p>\n\n<p>10.3 Soweit unsere Website und die Informationen und Dienstleistungen auf unserer Website kostenlos zur Verf\u00fcgung gestellt werden, haften wir nicht f\u00fcr Verluste oder Sch\u00e4den jeglicher Art.<\/p>\n\n<p>10.4 Wir haften Ihnen gegen\u00fcber nicht f\u00fcr Verluste, die sich aus einem oder mehreren Ereignissen ergeben, die au\u00dferhalb unserer Kontrolle liegen.<\/p>\n\n<p>10.5 Wir haften Ihnen gegen\u00fcber nicht f\u00fcr gesch\u00e4ftliche Verluste, einschlie\u00dflich (ohne Einschr\u00e4nkung) des Verlusts oder der Besch\u00e4digung von Gewinnen, Einkommen, Einnahmen, Nutzung, Produktion, erwarteten Einsparungen, Gesch\u00e4ften, Vertr\u00e4gen, kommerziellen M\u00f6glichkeiten oder Firmenwert.<\/p>\n\n<p>10.6 Wir haften Ihnen gegen\u00fcber nicht f\u00fcr den Verlust oder die Besch\u00e4digung von Daten, Datenbanken oder Software.<\/p>\n\n<p>10.7 Wir haften Ihnen gegen\u00fcber nicht f\u00fcr besondere, indirekte oder Folgesch\u00e4den oder Verluste.<\/p>\n\n<p>10.8 Sie akzeptieren, dass wir ein Interesse daran haben, die pers\u00f6nliche Haftung unserer leitenden Angestellten und Mitarbeiter zu begrenzen, und in Anbetracht dieses Interesses erkennen Sie an, dass wir eine Gesellschaft mit beschr\u00e4nkter Haftung sind; Sie stimmen zu, dass Sie keine pers\u00f6nlichen Anspr\u00fcche gegen unsere leitenden Angestellten oder Mitarbeiter in Bezug auf Verluste, die Sie in Verbindung mit der Website oder diesen Bedingungen erleiden, geltend machen werden (dies wird nat\u00fcrlich nicht die Haftung der Gesellschaft mit beschr\u00e4nkter Haftung selbst f\u00fcr die Handlungen und Unterlassungen unserer leitenden Angestellten und Mitarbeiter begrenzen oder ausschlie\u00dfen).<\/p>\n\n<p><strong>11. Verst\u00f6\u00dfe gegen diese Bestimmungen und Bedingungen<\/strong><\/p>\n\n<p>11.1 Unbeschadet unserer sonstigen Rechte gem\u00e4\u00df diesen Bedingungen k\u00f6nnen wir, wenn Sie gegen diese Bedingungen in irgendeiner Weise versto\u00dfen, oder wenn wir den begr\u00fcndeten Verdacht haben, dass Sie gegen diese Bedingungen in irgendeiner Weise versto\u00dfen haben, Folgendes tun<\/p>\n\n<p>(a) Ihnen eine oder mehrere f\u00f6rmliche Verwarnungen zukommen lassen;<\/p>\n\n<p>(b) Ihren Zugang zu unserer Website vor\u00fcbergehend auszusetzen;<\/p>\n\n<p>(c) Ihnen den Zugriff auf unsere Website dauerhaft zu untersagen;<\/p>\n\n<p>(d) Computer, die Ihre IP-Adresse verwenden, f\u00fcr den Zugriff auf unsere Website zu sperren;<\/p>\n\n<p>(e) gerichtliche Schritte gegen Sie einzuleiten, sei es wegen Vertragsbruchs oder aus anderen Gr\u00fcnden; und\/oder<\/p>\n\n<p>(f) Ihr Konto auf unserer Website auszusetzen oder zu l\u00f6schen.<\/p>\n\n<p>11.2 Wenn wir Ihren Zugang zu unserer Website oder einem Teil unserer Website aussetzen oder verbieten oder sperren, d\u00fcrfen Sie keine Ma\u00dfnahmen ergreifen, um eine solche Aussetzung oder ein solches Verbot oder eine solche Sperrung zu umgehen (einschlie\u00dflich, aber nicht beschr\u00e4nkt auf die Erstellung und\/oder Verwendung eines anderen Kontos).<\/p>\n\n<p><strong>12. \u00c4nderung<\/strong><\/p>\n\n<p>12.1 Wir k\u00f6nnen diese Allgemeinen Gesch\u00e4ftsbedingungen von Zeit zu Zeit \u00fcberarbeiten.<\/p>\n\n<p>12.2 Die ge\u00e4nderten Bedingungen gelten f\u00fcr die Nutzung unserer Website ab dem Datum der Ver\u00f6ffentlichung der ge\u00e4nderten Bedingungen auf der Website, und Sie verzichten hiermit auf jegliches Recht, \u00fcber \u00c4nderungen dieser Bedingungen benachrichtigt zu werden oder ihnen zuzustimmen.<\/p>\n\n<p>12.3 Wenn Sie Ihre ausdr\u00fcckliche Zustimmung zu diesen Bedingungen gegeben haben, werden wir Sie um Ihre ausdr\u00fcckliche Zustimmung zu einer \u00dcberarbeitung dieser Bedingungen bitten; und wenn Sie Ihre ausdr\u00fcckliche Zustimmung zu den \u00fcberarbeiteten Bedingungen nicht innerhalb einer von uns festgelegten Frist geben, werden wir Ihr Konto auf der Website deaktivieren oder l\u00f6schen, und Sie m\u00fcssen die Nutzung der Website einstellen.<\/p>\n\n<p><strong>13. Zuweisung<\/strong><\/p>\n\n<p>13.1 Sie erkl\u00e4ren sich hiermit einverstanden, dass wir unsere Rechte und\/oder Pflichten im Rahmen dieser Bedingungen abtreten, \u00fcbertragen, untervergeben oder anderweitig mit ihnen umgehen k\u00f6nnen.<\/p>\n\n<p>13.2 Sie sind nicht berechtigt, ohne unsere vorherige schriftliche Zustimmung Ihre Rechte und\/oder Pflichten aus diesen Bedingungen abzutreten, zu \u00fcbertragen, einen Untervertrag abzuschlie\u00dfen oder anderweitig damit umzugehen.<\/p>\n\n<p><strong>14. Trennbarkeit<\/strong><\/p>\n\n<p>14.1 Sollte eine Bestimmung dieser Gesch\u00e4ftsbedingungen von einem Gericht oder einer anderen zust\u00e4ndigen Beh\u00f6rde als rechtswidrig und\/oder nicht durchsetzbar eingestuft werden, bleiben die \u00fcbrigen Bestimmungen in Kraft.<\/p>\n\n<p>14.2 Wenn eine ungesetzliche und\/oder nicht durchsetzbare Bestimmung dieser Gesch\u00e4ftsbedingungen rechtm\u00e4\u00dfig oder durchsetzbar w\u00e4re, wenn ein Teil davon gestrichen w\u00fcrde, gilt dieser Teil als gestrichen, und der Rest der Bestimmung bleibt in Kraft.<\/p>\n\n<p><strong>15. Rechte Dritter<\/strong><\/p>\n\n<p>15.1 Ein Vertrag unter diesen Bedingungen ist zu unseren und Ihren Gunsten und ist nicht dazu bestimmt, Dritten zugute zu kommen oder von diesen durchsetzbar zu sein.<\/p>\n\n<p>15.2 Die Aus\u00fcbung der Rechte der Parteien aus einem Vertrag unter diesen Bedingungen ist nicht von der Zustimmung eines Dritten abh\u00e4ngig.<\/p>\n\n<p><strong>16. Gesamte Vereinbarung<\/strong><\/p>\n\n<p>16.1 Vorbehaltlich des Abschnitts 10.1 stellen diese Bedingungen zusammen mit unserer Datenschutz- und Cookie-Richtlinie die gesamte Vereinbarung zwischen Ihnen und uns in Bezug auf die Nutzung unserer Website dar und ersetzen alle fr\u00fcheren Vereinbarungen zwischen Ihnen und uns in Bezug auf die Nutzung unserer Website.<\/p>\n\n<p><strong>17. Recht und Gerichtsbarkeit<\/strong><\/p>\n\n<p>17.1 Diese Gesch\u00e4ftsbedingungen unterliegen englischem Recht und sind nach diesem auszulegen.<\/p>\n\n<p>17.2 Alle Streitigkeiten im Zusammenhang mit diesen Bedingungen unterliegen der ausschlie\u00dflichen Gerichtsbarkeit der Gerichte in England.<\/p>\n\n<p><strong>18. Gesetzliche und regulatorische Offenlegungen<\/strong><\/p>\n\n<p>18.1 Unsere Umsatzsteuer-Identifikationsnummer lautet GB410680234.<\/p>\n\n<p><strong>19. Unsere Details<\/strong><\/p>\n\n<p>19.1 Diese Website ist Eigentum und wird betrieben von Maxicandi Ltd.<\/p>\n\n<p>19.2 Wir sind in England und Wales unter der Registrierungsnummer 10902855 eingetragen, und unser eingetragener Sitz befindet sich in 85 Great Portland Street, First Floor, London, England, W1W 7LT.<\/p>\n\n<p>19.3 Sie k\u00f6nnen uns kontaktieren:<\/p>\n\n<p>(a) \u00fcber unser Kontaktformular auf der Website; oder<\/p>\n\n<p>(b) per E-Mail, unter Verwendung der auf unserer Website ver\u00f6ffentlichten E-Mail-Adresse.<\/p>\n\n<div style=\"height:100px\" aria-hidden=\"true\" class=\"wp-block-spacer\"><\/div>\n","protected":false},"excerpt":{"rendered":"<p>1. Einleitung 1.1 Diese Bedingungen regeln Ihre Nutzung unserer Website. 1.2 Durch die Nutzung unserer Website akzeptieren Sie diese Bedingungen in vollem Umfang; wenn Sie mit diesen Bedingungen oder einem Teil davon nicht einverstanden sind, d\u00fcrfen Sie unsere Website nicht nutzen. 1.3 Wenn Sie sich auf unserer Website registrieren, Material auf unserer Website einreichen oder [&hellip;]<\/p>\n","protected":false},"author":1,"featured_media":0,"parent":0,"menu_order":0,"comment_status":"closed","ping_status":"closed","template":"","meta":{"slim_seo":{"title":"Website-Nutzungsbedingungen - maxc.io","description":"1. Einleitung 1.1 Diese Bedingungen regeln Ihre Nutzung unserer Website. 1.2 Durch die Nutzung unserer Website akzeptieren Sie diese Bedingungen in vollem Umfan"},"footnotes":""},"class_list":["post-4369","page","type-page","status-publish","hentry"],"pp_statuses_selecting_workflow":false,"pp_workflow_action":"current","pp_status_selection":"publish","_links":{"self":[{"href":"https:\/\/maxc.io\/de\/wp-json\/wp\/v2\/pages\/4369","targetHints":{"allow":["GET"]}}],"collection":[{"href":"https:\/\/maxc.io\/de\/wp-json\/wp\/v2\/pages"}],"about":[{"href":"https:\/\/maxc.io\/de\/wp-json\/wp\/v2\/types\/page"}],"author":[{"embeddable":true,"href":"https:\/\/maxc.io\/de\/wp-json\/wp\/v2\/users\/1"}],"replies":[{"embeddable":true,"href":"https:\/\/maxc.io\/de\/wp-json\/wp\/v2\/comments?post=4369"}],"version-history":[{"count":4,"href":"https:\/\/maxc.io\/de\/wp-json\/wp\/v2\/pages\/4369\/revisions"}],"predecessor-version":[{"id":6992,"href":"https:\/\/maxc.io\/de\/wp-json\/wp\/v2\/pages\/4369\/revisions\/6992"}],"wp:attachment":[{"href":"https:\/\/maxc.io\/de\/wp-json\/wp\/v2\/media?parent=4369"}],"curies":[{"name":"wp","href":"https:\/\/api.w.org\/{rel}","templated":true}]}}