{"id":4143,"date":"2023-04-07T18:22:05","date_gmt":"2023-04-07T17:22:05","guid":{"rendered":"https:\/\/maxc.io\/product\/nextcloud-zusammenarbeit\/"},"modified":"2025-03-20T12:00:35","modified_gmt":"2025-03-20T12:00:35","slug":"kollaborative-dokumenten-bearbeitung-fuer-nextcloud-onlyoffice","status":"publish","type":"product","link":"https:\/\/maxc.io\/de\/produkt\/kollaborative-dokumenten-bearbeitung-fuer-nextcloud-onlyoffice\/","title":{"rendered":"Gemeinsame Dokumente f\u00fcr Nextcloud &#8211; ONLYOFFICE"},"content":{"rendered":"\n<ul class=\"wp-block-list\">\n<li><a href=\"https:\/\/www.onlyoffice.com\/\">ONLYOFFICE<\/a> &#8211; Gemeinsame Bearbeitung von Dokumenten in Echtzeit aus der Ferne<\/li>\n<\/ul>\n","protected":false},"excerpt":{"rendered":"<p><a href=\"https:\/\/www.onlyoffice.com\/\">ONLYOFFICE-Erweiterung<\/a> f\u00fcr die Zusammenarbeit an Dokumenten f\u00fcr Nextcloud<\/p>\n","protected":false},"featured_media":6501,"template":"","meta":{"slim_seo":{"title":"Gemeinsame Dokumente f\u00fcr Nextcloud - ONLYOFFICE - maxc.io","description":"ONLYOFFICE-Erweiterung f\u00fcr die Zusammenarbeit an Dokumenten f\u00fcr Nextcloud"}},"product_cat":[279,103],"product_tag":[124],"class_list":{"0":"post-4143","1":"product","2":"type-product","3":"status-publish","4":"has-post-thumbnail","6":"product_cat-dokumente","7":"product_cat-erweiterungen","8":"product_tag-dokumente","10":"first","11":"instock","12":"virtual","13":"sold-individually","14":"taxable","15":"purchasable","16":"product-type-simple"},"pp_statuses_selecting_workflow":false,"pp_workflow_action":"current","pp_status_selection":"publish","_links":{"self":[{"href":"https:\/\/maxc.io\/de\/wp-json\/wp\/v2\/product\/4143","targetHints":{"allow":["GET"]}}],"collection":[{"href":"https:\/\/maxc.io\/de\/wp-json\/wp\/v2\/product"}],"about":[{"href":"https:\/\/maxc.io\/de\/wp-json\/wp\/v2\/types\/product"}],"wp:featuredmedia":[{"embeddable":true,"href":"https:\/\/maxc.io\/de\/wp-json\/wp\/v2\/media\/6501"}],"wp:attachment":[{"href":"https:\/\/maxc.io\/de\/wp-json\/wp\/v2\/media?parent=4143"}],"wp:term":[{"taxonomy":"product_cat","embeddable":true,"href":"https:\/\/maxc.io\/de\/wp-json\/wp\/v2\/product_cat?post=4143"},{"taxonomy":"product_tag","embeddable":true,"href":"https:\/\/maxc.io\/de\/wp-json\/wp\/v2\/product_tag?post=4143"}],"curies":[{"name":"wp","href":"https:\/\/api.w.org\/{rel}","templated":true}]}}