{"id":6589,"date":"2023-09-11T19:33:41","date_gmt":"2023-09-11T18:33:41","guid":{"rendered":"https:\/\/maxc.io\/product\/wordpress-multiwaehrung\/"},"modified":"2025-03-20T12:01:00","modified_gmt":"2025-03-20T12:01:00","slug":"mehrwahrung-fur-wordpress-website-woocommerce-mehrsprachig-mit-wpml","status":"publish","type":"product","link":"https:\/\/maxc.io\/de\/produkt\/mehrwahrung-fur-wordpress-website-woocommerce-mehrsprachig-mit-wpml\/","title":{"rendered":"Mehrw\u00e4hrung f\u00fcr WordPress &#8211; WooCommerce Mehrsprachig mit WPML"},"content":{"rendered":"\n<ul class=\"wp-block-list\">\n<li>WooCommerce Mehrsprachig mit <a href=\"https:\/\/wpml.org\">WPML-Plugin<\/a> f\u00fcr WordPress<\/li>\n<\/ul>\n","protected":false},"excerpt":{"rendered":"<p><a href=\"https:\/\/wpml.org\/\">WPML-Plugin<\/a> f\u00fcr mehrere W\u00e4hrungen<\/p>\n","protected":false},"featured_media":6407,"template":"","meta":{"slim_seo":{"title":"Mehrw\u00e4hrung f\u00fcr WordPress - WooCommerce Mehrsprachig mit WPML - maxc.io","description":"WPML-Plugin f\u00fcr mehrere W\u00e4hrungen"}},"product_cat":[103,300],"product_tag":[143,181,104],"class_list":{"0":"post-6589","1":"product","2":"type-product","3":"status-publish","4":"has-post-thumbnail","6":"product_cat-erweiterungen","7":"product_cat-mehrsprachig-und-mehrwaehrungsfaehig","8":"product_tag-ecommerce-de","9":"product_tag-mehrsprachig-und-mehrwaehrungsfaehig","10":"product_tag-webseiten","12":"first","13":"instock","14":"sold-individually","15":"taxable","16":"shipping-taxable","17":"product-type-simple"},"pp_statuses_selecting_workflow":false,"pp_workflow_action":"current","pp_status_selection":"publish","_links":{"self":[{"href":"https:\/\/maxc.io\/de\/wp-json\/wp\/v2\/product\/6589","targetHints":{"allow":["GET"]}}],"collection":[{"href":"https:\/\/maxc.io\/de\/wp-json\/wp\/v2\/product"}],"about":[{"href":"https:\/\/maxc.io\/de\/wp-json\/wp\/v2\/types\/product"}],"wp:featuredmedia":[{"embeddable":true,"href":"https:\/\/maxc.io\/de\/wp-json\/wp\/v2\/media\/6407"}],"wp:attachment":[{"href":"https:\/\/maxc.io\/de\/wp-json\/wp\/v2\/media?parent=6589"}],"wp:term":[{"taxonomy":"product_cat","embeddable":true,"href":"https:\/\/maxc.io\/de\/wp-json\/wp\/v2\/product_cat?post=6589"},{"taxonomy":"product_tag","embeddable":true,"href":"https:\/\/maxc.io\/de\/wp-json\/wp\/v2\/product_tag?post=6589"}],"curies":[{"name":"wp","href":"https:\/\/api.w.org\/{rel}","templated":true}]}}