{"id":8775,"date":"2025-03-17T10:27:39","date_gmt":"2025-03-17T10:27:39","guid":{"rendered":"https:\/\/maxc.io\/?post_type=product&#038;p=8775"},"modified":"2025-03-20T11:59:17","modified_gmt":"2025-03-20T11:59:17","slug":"wordpress-website-design-full","status":"publish","type":"product","link":"https:\/\/maxc.io\/de\/produkt\/wordpress-website-design-full\/","title":{"rendered":"Website Design Komplett"},"content":{"rendered":"","protected":false},"excerpt":{"rendered":"<p>Einmalige Geb\u00fchr f\u00fcr Entwurf und Ausf\u00fchrung<\/p>\n","protected":false},"featured_media":6521,"template":"","meta":{"slim_seo":{"title":"Website Design Komplett - maxc.io","description":"Einmalige Geb\u00fchr f\u00fcr Entwurf und Ausf\u00fchrung"}},"product_cat":[108,306],"product_tag":[104],"class_list":{"0":"post-8775","1":"product","2":"type-product","3":"status-publish","4":"has-post-thumbnail","6":"product_cat-dienstleistungen","7":"product_cat-webseiten","8":"product_tag-webseiten","10":"first","11":"instock","12":"virtual","13":"sold-individually","14":"taxable","15":"purchasable","16":"product-type-simple"},"pp_statuses_selecting_workflow":false,"pp_workflow_action":"current","pp_status_selection":"publish","_links":{"self":[{"href":"https:\/\/maxc.io\/de\/wp-json\/wp\/v2\/product\/8775","targetHints":{"allow":["GET"]}}],"collection":[{"href":"https:\/\/maxc.io\/de\/wp-json\/wp\/v2\/product"}],"about":[{"href":"https:\/\/maxc.io\/de\/wp-json\/wp\/v2\/types\/product"}],"wp:featuredmedia":[{"embeddable":true,"href":"https:\/\/maxc.io\/de\/wp-json\/wp\/v2\/media\/6521"}],"wp:attachment":[{"href":"https:\/\/maxc.io\/de\/wp-json\/wp\/v2\/media?parent=8775"}],"wp:term":[{"taxonomy":"product_cat","embeddable":true,"href":"https:\/\/maxc.io\/de\/wp-json\/wp\/v2\/product_cat?post=8775"},{"taxonomy":"product_tag","embeddable":true,"href":"https:\/\/maxc.io\/de\/wp-json\/wp\/v2\/product_tag?post=8775"}],"curies":[{"name":"wp","href":"https:\/\/api.w.org\/{rel}","templated":true}]}}