{"id":4280,"date":"2023-04-20T13:21:08","date_gmt":"2023-04-20T12:21:08","guid":{"rendered":"https:\/\/maxc.io\/domains\/"},"modified":"2025-03-20T12:11:36","modified_gmt":"2025-03-20T12:11:36","slug":"dominios","status":"publish","type":"page","link":"https:\/\/maxc.io\/es\/servicios\/dominios\/","title":{"rendered":"Dominios"},"content":{"rendered":"\n<div class=\"wp-block-cover alignwide is-light has-custom-content-position is-position-bottom-center\" style=\"border-radius:10px\"><span aria-hidden=\"true\" class=\"wp-block-cover__background has-background-dim-10 has-background-dim\" style=\"background-color:#a9bcd0\"><\/span><img decoding=\"async\" width=\"550\" height=\"367\" src=\"https:\/\/maxc.io\/wp-content\/uploads\/2023\/08\/domains-3x2-1.png\" class=\"wp-block-cover__image-background wp-post-image\" alt=\"Domains 3x2\" data-object-fit=\"cover\" srcset=\"https:\/\/maxc.io\/wp-content\/uploads\/2023\/08\/domains-3x2-1.png 550w, https:\/\/maxc.io\/wp-content\/uploads\/2023\/08\/domains-3x2-1-300x200.png 300w, https:\/\/maxc.io\/wp-content\/uploads\/2023\/08\/domains-3x2-1-500x334.png 500w\" sizes=\"(max-width: 550px) 100vw, 550px\" \/><div class=\"wp-block-cover__inner-container is-layout-flow wp-block-cover-is-layout-flow\">\n<p class=\"has-text-align-center has-background-color has-text-color has-large-font-size\"><\/p>\n<\/div><\/div>\n\n<div class=\"wp-block-columns alignwide is-layout-flex wp-container-core-columns-is-layout-28f84493 wp-block-columns-is-layout-flex\">\n<div class=\"wp-block-column is-vertically-aligned-center is-layout-flow wp-block-column-is-layout-flow\" style=\"flex-basis:66.66%\">\n<blockquote class=\"wp-block-quote is-layout-flow wp-block-quote-is-layout-flow\">\n<p class=\"has-text-align-left\">Gesti\u00f3n experta de dominios para asegurar y promocionar su marca.<\/p>\n\n\n\n<p>Gestionamos y mantenemos en su nombre sus propios dominios y registros DNS. Usted conserva todo el control y la propiedad.<\/p>\n<\/blockquote>\n<\/div>\n\n\n\n<div class=\"wp-block-column is-vertically-aligned-center is-layout-flow wp-block-column-is-layout-flow\" style=\"flex-basis:33.33%\">\n<div class=\"wp-block-buttons is-content-justification-center is-layout-flex wp-container-core-buttons-is-layout-a89b3969 wp-block-buttons-is-layout-flex\">\n<div class=\"wp-block-button\"><a class=\"wp-block-button__link wp-element-button\" href=\"#pricing\">nuestros precios<\/a><\/div>\n\n\n\n<div class=\"wp-block-button\"><a class=\"wp-block-button__link wp-element-button\" href=\"#contact\">Contacto<\/a><\/div>\n<\/div>\n<\/div>\n<\/div>\n\n<p><strong>maxc.io <\/strong>ofrece una gama de servicios que incluye el asesoramiento imparcial de expertos, el soporte t\u00e9cnico de sus propios registros de dominio autogestionados o el soporte totalmente gestionado para sus requisitos espec\u00edficos de dominio y DNS.<\/p>\n<div id=\"wp24-dc-1\" class=\"wp24-dc\"><\/div>\n\n<h2 class=\"wp-block-heading\" id=\"pricing\">Precio<\/h2>\n\n<div class=\"woocommerce\"><\/div><table id=\"wcpt_af2c9ae5afc0cad5_1\" class=\"wc-product-table woocommerce multicart-enabled\" width=\"100%\" data-config=\"{&quot;pageLength&quot;:25,&quot;pagingType&quot;:&quot;numbers&quot;,&quot;serverSide&quot;:false,&quot;autoWidth&quot;:true,&quot;clickFilter&quot;:&quot;false&quot;,&quot;scrollOffset&quot;:0,&quot;resetButton&quot;:false,&quot;multiAddToCart&quot;:true,&quot;multiCartLocation&quot;:&quot;bottom&quot;,&quot;variations&quot;:&quot;dropdown&quot;,&quot;ajaxCart&quot;:false,&quot;numOrder&quot;:false,&quot;stickyHeader&quot;:false,&quot;lengthMenu&quot;:[[10,25,50,100,-1],[10,25,50,100,&quot;Todos&quot;]],&quot;columnDefs&quot;:[{&quot;className&quot;:&quot;col-image&quot;,&quot;targets&quot;:0,&quot;type&quot;:&quot;html&quot;},{&quot;className&quot;:&quot;col-name&quot;,&quot;targets&quot;:1,&quot;type&quot;:&quot;html&quot;},{&quot;className&quot;:&quot;col-summary col-short-description&quot;,&quot;targets&quot;:2,&quot;type&quot;:&quot;html&quot;},{&quot;className&quot;:&quot;col-price&quot;,&quot;targets&quot;:3,&quot;type&quot;:&quot;html-num&quot;},{&quot;className&quot;:&quot;col-buy col-add-to-cart&quot;,&quot;targets&quot;:4,&quot;type&quot;:&quot;html&quot;}],&quot;responsive&quot;:{&quot;details&quot;:{&quot;display&quot;:&quot;child_row&quot;}},&quot;search&quot;:{&quot;search&quot;:&quot;&quot;},&quot;dom&quot;:&quot;&lt;\\&quot;wc-product-table-wrapper twentytwentytwo wpt-styling-custom\\&quot;&lt;\\&quot;wc-product-table-controls wc-product-table-above\\&quot;&gt;t&lt;\\&quot;wc-product-table-controls wc-product-table-below\\&quot;&gt;&gt;&quot;}\" data-filters=\"false\" data-order=\"[]\"><thead><tr><th class=\"all\" data-name=\"image\" data-orderable=\"false\" data-searchable=\"false\" data-width=\"70px\" data-priority=\"4\">Imagen<\/th><th data-name=\"name\" data-orderable=\"true\" data-searchable=\"true\" data-priority=\"1\">Nombre<\/th><th data-name=\"summary\" data-orderable=\"true\" data-searchable=\"true\" data-priority=\"11\">Resumen<\/th><th data-name=\"price\" data-orderable=\"true\" data-searchable=\"true\" data-priority=\"3\">Precio<\/th><th data-name=\"buy\" data-orderable=\"false\" data-searchable=\"true\" data-priority=\"2\">Comprar<span class=\"wpt-bulk-select-wrap\"><label class=\"wpt-bulk-select-label\">Seleccionar todo<\/label><input type=\"checkbox\" class=\"wpt-bulk-select\"\/><span class=\"wpt-multi-checkbox\"><\/span><\/span><\/th><\/tr><\/thead><tbody><tr id=\"product-row-4080\" class=\"product product-row product-4080 instock product-type-simple purchasable\"><td><div data-thumb=\"https:\/\/maxc.io\/wp-content\/uploads\/2023\/06\/090-web-hosting-300-100x100.png\" class=\"product-thumbnail-wrapper woocommerce-product-gallery__image\"><a href=\"https:\/\/maxc.io\/wp-content\/uploads\/2023\/06\/090-web-hosting-300.png\"><img decoding=\"async\" width=\"70\" height=\"70\" src=\"https:\/\/maxc.io\/wp-content\/uploads\/2023\/06\/090-web-hosting-300-100x100.png\" class=\"product-thumbnail product-table-image\" alt=\"Renovaci\u00f3n de dominios\" title=\"090-web-hosting-300\" data-caption=\"Renovaci\u00f3n de dominios\" data-src=\"https:\/\/maxc.io\/wp-content\/uploads\/2023\/06\/090-web-hosting-300.png\" data-large_image=\"https:\/\/maxc.io\/wp-content\/uploads\/2023\/06\/090-web-hosting-300.png\" data-large_image_width=\"300\" data-large_image_height=\"300\" \/><\/a><\/div><\/td><td><a href=\"https:\/\/maxc.io\/es\/producto\/renovacion-de-dominio\/\" class=\"single-product-link\" data-product_id=\"4080\">Renovaci\u00f3n de dominios<\/a><\/td><td><\/td><td data-sort=\"0.00\"><span class=\"woocommerce-Price-amount amount\"><bdi><span class=\"woocommerce-Price-currencySymbol\">&euro;<\/span>0,00<\/bdi><\/span> <small class=\"woocommerce-price-suffix\">exc. VAT<\/small><\/td><td><div class=\"add-to-cart-wrapper multi-cart no-cart-button with-quantity\">   <form class=\"cart\" action=\"\" method=\"post\" enctype='multipart\/form-data'> <div class=\"add-to-cart-button\"> <div class=\"quantity\"> <label class=\"screen-reader-text\" for=\"quantity_69d7994755a09\">Renovaci\u00f3n de dominios cantidad<\/label> <input type=\"number\" id=\"quantity_69d7994755a09\" class=\"input-text qty text\" name=\"quantity\" value=\"1\" aria-label=\"Cantidad de productos\" min=\"1\" step=\"1\" placeholder=\"\" inputmode=\"numeric\" autocomplete=\"off\" \/> <\/div> <button type=\"submit\" name=\"add-to-cart\" value=\"4080\" class=\"single_add_to_cart_button button alt wp-element-button\">A\u00f1adir al carrito<\/button> <\/div> <\/form>  <div class=\"multi-cart-check\"> <input type=\"hidden\" name=\"wpt_product_price\" value=\"0\" form=\"multi-cart\"\/> <input type=\"checkbox\" name=\"product_ids[]\" value=\"4080\" form=\"multi-cart\"\/> <span class=\"wpt-multi-checkbox\"><\/span> <input type=\"hidden\" name=\"cart_data[p4080][quantity]\" data-input-name=\"quantity\" value=\"1\" form=\"multi-cart\" \/> <\/div> <\/div><\/td><\/tr><tr id=\"product-row-4099\" class=\"product product-row product-4099 instock virtual product-type-simple purchasable\"><td><div data-thumb=\"https:\/\/maxc.io\/wp-content\/uploads\/2023\/06\/090-web-hosting-300-100x100.png\" class=\"product-thumbnail-wrapper woocommerce-product-gallery__image\"><a href=\"https:\/\/maxc.io\/wp-content\/uploads\/2023\/06\/090-web-hosting-300.png\"><img decoding=\"async\" width=\"70\" height=\"70\" src=\"https:\/\/maxc.io\/wp-content\/uploads\/2023\/06\/090-web-hosting-300-100x100.png\" class=\"product-thumbnail product-table-image\" alt=\"Redirecci\u00f3n de dominio\" title=\"090-web-hosting-300\" data-caption=\"Redirecci\u00f3n de dominio\" data-src=\"https:\/\/maxc.io\/wp-content\/uploads\/2023\/06\/090-web-hosting-300.png\" data-large_image=\"https:\/\/maxc.io\/wp-content\/uploads\/2023\/06\/090-web-hosting-300.png\" data-large_image_width=\"300\" data-large_image_height=\"300\" \/><\/a><\/div><\/td><td><a href=\"https:\/\/maxc.io\/es\/producto\/redireccion-de-dominio\/\" class=\"single-product-link\" data-product_id=\"4099\">Redirecci\u00f3n de dominio<\/a><\/td><td><p>Servicio de redireccionamiento de dominios basado en HTTP<\/p>\n<\/td><td data-sort=\"0.00\"> <span class=\"woocommerce-Price-amount amount\"><span class=\"woocommerce-Price-currencySymbol\"><\/span><span class=\"woocommerce-Price-amount amount\"><bdi><span class=\"woocommerce-Price-currencySymbol\">&euro;<\/span>0,00<\/bdi><\/span><\/span> \/ month <\/td><td><div class=\"add-to-cart-wrapper multi-cart no-cart-button with-quantity\">   <form class=\"cart\" action=\"\" method=\"post\" enctype='multipart\/form-data'> <div class=\"add-to-cart-button\"> <div class=\"quantity\"> <label class=\"screen-reader-text\" for=\"quantity_69d7994757205\">Redirecci\u00f3n de dominio cantidad<\/label> <input type=\"number\" id=\"quantity_69d7994757205\" class=\"input-text qty text\" name=\"quantity\" value=\"1\" aria-label=\"Cantidad de productos\" min=\"1\" step=\"1\" placeholder=\"\" inputmode=\"numeric\" autocomplete=\"off\" \/> <\/div> <button type=\"submit\" name=\"add-to-cart\" value=\"4099\" class=\"single_add_to_cart_button button alt wp-element-button\">Subscribe<\/button> <\/div> <\/form>  <div class=\"multi-cart-check\"> <input type=\"hidden\" name=\"wpt_product_price\" value=\"0\" form=\"multi-cart\"\/> <input type=\"checkbox\" name=\"product_ids[]\" value=\"4099\" form=\"multi-cart\"\/> <span class=\"wpt-multi-checkbox\"><\/span> <input type=\"hidden\" name=\"cart_data[p4099][quantity]\" data-input-name=\"quantity\" value=\"1\" form=\"multi-cart\" \/> <\/div> <\/div><\/td><\/tr><\/tbody><\/table>\n\n<h2 class=\"wp-block-heading\">Preguntas frecuentes<\/h2>\n\n<div class=\"wp-block-gutena-accordion gutena-accordion-block gutena-accordion-block-8cf98a-bd is-layout-flow wp-block-gutena-accordion-is-layout-flow\" data-single=\"true\">\n<div class=\"wp-block-gutena-accordion-panel gutena-accordion-block__panel\">\n<div class=\"wp-block-gutena-accordion-panel-title gutena-accordion-block__panel-title\"><div class=\"gutena-accordion-block__panel-title-inner\">\n<h2 class=\"wp-block-heading has-text-align-left has-large-font-size\" style=\"margin-top:0px;margin-right:0px;margin-bottom:0px;margin-left:0px\">Nombres de dominio<\/h2>\n<div class=\"trigger-up-down\"><div class=\"horizontal\"><\/div><div class=\"vertical\"><\/div><\/div><\/div><\/div>\n\n\n\n<div class=\"wp-block-gutena-accordion-panel-content gutena-accordion-block__panel-content\"><div class=\"gutena-accordion-block__panel-content-inner\"><div  class=\"ewd-ufaq-faq-list ewd-ufaq-page-type-distinct ewd-ufaq-category-tabs-\" id='ewd-ufaq-faq-list'>\n\n\t<input type='hidden' name='show_on_load' value='' id='ewd-ufaq-show-on-load' \/>\n<input type='hidden' name='include_category' value='domains' id='ewd-ufaq-include-category' \/>\n<input type='hidden' name='exclude_category' value='' id='ewd-ufaq-exclude-category' \/>\n<input type='hidden' name='orderby' value='modified' id='ewd-ufaq-orderby' \/>\n<input type='hidden' name='order' value='asc' id='ewd-ufaq-order' \/>\n<input type='hidden' name='post_count' value='-1' id='ewd-ufaq-post-count' \/>\n<input type='hidden' name='current_url' value='\/es\/wp-json\/wp\/v2\/pages\/4280' id='ewd-ufaq-current-url' \/>\n\t\n\t\n\t<div class='ewd-ufaq-faqs'>\n\n\t\t<div id='ewd-ufaq-faq-category-nombres-de-dominio' class='ewd-ufaq-faq-category'>\n\t\n\t<div class='ewd-ufaq-faq-category-title '  >\n\t\t\n\t\t<h3 title=\"Click here to open Nombres de dominio\">\n\t\t\tNombres de dominio\t\t\t\t\t<\/h3>\n\n\t\t\t\n\t<\/div>\n\t\n\t<div class='ewd-ufaq-faq-category-inner ' >\n<div  class=\"ewd-ufaq-faq-div ewd-ufaq-faq-column-count-one ewd-ufaq-faq-responsive-columns- ewd-ufaq-faq-display-style-default ewd-ufaq-can-be-toggled\" id='ewd-ufaq-post-8777-Xk8xsjJNfn' data-post_id='8777'>\n\n\t\t\n\t<div class='ewd-ufaq-faq-title ewd-ufaq-faq-toggle'>\n\t\n\t<a class='ewd-ufaq-post-margin'  href='#' role=\"button\">\n\n\t\t<div class='ewd-ufaq-post-margin-symbol ewd-ufaq-'>\n\t\t\t<span >a<\/span>\n\t\t<\/div>\n\n\t\t<div class='ewd-ufaq-faq-title-text'>\n\n\t\t\t<h4>\n\t\t\t\t\u00bfQu\u00e9 es la renovaci\u00f3n de un dominio?\t\t\t<\/h4>\n\n\t\t<\/div>\n\n\t\t<div class='ewd-ufaq-clear'><\/div>\n\n\t<\/a>\n\t\n<\/div>\n\t\n\t<div class='ewd-ufaq-faq-body ewd-ufaq-hidden' >\n\n\t\t\n\t\t\t\n\t\t\n\t\t\t<div class='ewd-ufaq-post-margin ewd-ufaq-faq-post'>\n\t\n<p>Un nombre de dominio se registra por un periodo fijo de 1 a 10 a\u00f1os. Los nombres de dominio deben renovarse a intervalos regulares. Servicios como el correo electr\u00f3nico y el alojamiento web est\u00e1n asociados a los nombres de dominio, y su funcionamiento continuo depende de la renovaci\u00f3n puntual del nombre de dominio.<\/p>\n<\/div>\n\t\t\n\t\t\t\n\t\t\n\t\t\t\n\t\t\n\t\t\t\n\t\t\n\t\t\t\n\t\t\n\t\t\t\n\t\t\n\t\t\t\n\t\t\n\t\t\t\n\t\t\n\t\t\t\n\t\t\n\t<\/div>\n\n<\/div><div  class=\"ewd-ufaq-faq-div ewd-ufaq-faq-column-count-one ewd-ufaq-faq-responsive-columns- ewd-ufaq-faq-display-style-default ewd-ufaq-can-be-toggled\" id='ewd-ufaq-post-8780-7jPan4jBnq' data-post_id='8780'>\n\n\t\t\n\t<div class='ewd-ufaq-faq-title ewd-ufaq-faq-toggle'>\n\t\n\t<a class='ewd-ufaq-post-margin'  href='#' role=\"button\">\n\n\t\t<div class='ewd-ufaq-post-margin-symbol ewd-ufaq-'>\n\t\t\t<span >a<\/span>\n\t\t<\/div>\n\n\t\t<div class='ewd-ufaq-faq-title-text'>\n\n\t\t\t<h4>\n\t\t\t\t\u00bfQu\u00e9 ciclo siguen los dominios?\t\t\t<\/h4>\n\n\t\t<\/div>\n\n\t\t<div class='ewd-ufaq-clear'><\/div>\n\n\t<\/a>\n\t\n<\/div>\n\t\n\t<div class='ewd-ufaq-faq-body ewd-ufaq-hidden' >\n\n\t\t\n\t\t\t\n\t\t\n\t\t\t<div class='ewd-ufaq-post-margin ewd-ufaq-faq-post'>\n\t\n<p>He aqu\u00ed algunas de las etapas que componen el ciclo de vida de un nombre de dominio:<\/p>\n\n<p><strong>Periodo de registro<\/strong>: De 1 a 10 a\u00f1os<em>.El dominio debe renovarse antes de su fecha de caducidad para mantener activos todos los servicios relacionados (correo electr\u00f3nico, alojamiento, etc.).<\/em><\/p>\n\n<p><strong>Periodo de gracia<\/strong>: una vez alcanzada la fecha de caducidad, el titular puede renovar su dominio al mismo precio durante 45 d\u00edas. <em>Los servicios (correo electr\u00f3nico, alojamiento, etc.) ya no est\u00e1n disponibles.<\/em><\/p>\n\n<p><strong>Per\u00edodo de rescate<\/strong>: el titular dispone de otros 30 d\u00edas para conservar su nombre de dominio. Ya no se trata de una renovaci\u00f3n, sino de una restauraci\u00f3n, que es un proceso m\u00e1s caro.  <em>Los servicios (correo electr\u00f3nico, alojamiento, etc.) siguen sin estar disponibles.<\/em><\/p>\n\n<p>Si el titular no renueva el dominio, se eliminar\u00e1 definitivamente.  <em>No se puede hacer nada m\u00e1s durante 5 d\u00edas, despu\u00e9s el dominio se libera y puede registrarlo cualquiera.<\/em><\/p>\n<\/div>\n\t\t\n\t\t\t\n\t\t\n\t\t\t\n\t\t\n\t\t\t\n\t\t\n\t\t\t\n\t\t\n\t\t\t\n\t\t\n\t\t\t\n\t\t\n\t\t\t\n\t\t\n\t\t\t\n\t\t\n\t<\/div>\n\n<\/div><div  class=\"ewd-ufaq-faq-div ewd-ufaq-faq-column-count-one ewd-ufaq-faq-responsive-columns- ewd-ufaq-faq-display-style-default ewd-ufaq-can-be-toggled\" id='ewd-ufaq-post-8781-SnoGrwd5ed' data-post_id='8781'>\n\n\t\t\n\t<div class='ewd-ufaq-faq-title ewd-ufaq-faq-toggle'>\n\t\n\t<a class='ewd-ufaq-post-margin'  href='#' role=\"button\">\n\n\t\t<div class='ewd-ufaq-post-margin-symbol ewd-ufaq-'>\n\t\t\t<span >a<\/span>\n\t\t<\/div>\n\n\t\t<div class='ewd-ufaq-faq-title-text'>\n\n\t\t\t<h4>\n\t\t\t\t\u00bfQu\u00e9 es una transferencia de dominio?\t\t\t<\/h4>\n\n\t\t<\/div>\n\n\t\t<div class='ewd-ufaq-clear'><\/div>\n\n\t<\/a>\n\t\n<\/div>\n\t\n\t<div class='ewd-ufaq-faq-body ewd-ufaq-hidden' >\n\n\t\t\n\t\t\t\n\t\t\n\t\t\t<div class='ewd-ufaq-post-margin ewd-ufaq-faq-post'>\n\t\n<p>Tu Registrador es la entidad que gestiona diariamente tus nombres de dominio con los Registros. Puedes transferir tus nombres de dominio de un Registrador a otro en cualquier momento.<\/p>\n\n<p>En la mayor\u00eda de los casos, cuando se aplica una tasa de transferencia, el nombre de dominio transferido se renueva por un a\u00f1o m\u00e1s.<\/p>\n\n<p>Las transferencias deben ser solicitadas por el titular del dominio o por un representante del titular. De lo contrario, no se podr\u00e1 iniciar el proceso de transferencia.<\/p>\n<\/div>\n\t\t\n\t\t\t\n\t\t\n\t\t\t\n\t\t\n\t\t\t\n\t\t\n\t\t\t\n\t\t\n\t\t\t\n\t\t\n\t\t\t\n\t\t\n\t\t\t\n\t\t\n\t\t\t\n\t\t\n\t<\/div>\n\n<\/div><div  class=\"ewd-ufaq-faq-div ewd-ufaq-faq-column-count-one ewd-ufaq-faq-responsive-columns- ewd-ufaq-faq-display-style-default ewd-ufaq-can-be-toggled\" id='ewd-ufaq-post-8786-SyoWS0mJf3' data-post_id='8786'>\n\n\t\t\n\t<div class='ewd-ufaq-faq-title ewd-ufaq-faq-toggle'>\n\t\n\t<a class='ewd-ufaq-post-margin'  href='#' role=\"button\">\n\n\t\t<div class='ewd-ufaq-post-margin-symbol ewd-ufaq-'>\n\t\t\t<span >a<\/span>\n\t\t<\/div>\n\n\t\t<div class='ewd-ufaq-faq-title-text'>\n\n\t\t\t<h4>\n\t\t\t\tRegistrar un nombre de dominio\t\t\t<\/h4>\n\n\t\t<\/div>\n\n\t\t<div class='ewd-ufaq-clear'><\/div>\n\n\t<\/a>\n\t\n<\/div>\n\t\n\t<div class='ewd-ufaq-faq-body ewd-ufaq-hidden' >\n\n\t\t\n\t\t\t\n\t\t\n\t\t\t<div class='ewd-ufaq-post-margin ewd-ufaq-faq-post'>\n\t\n<p>Antes de registrar un nombre de dominio, tienes que comprobar su disponibilidad para asegurarte de que se puede registrar el nombre de dominio que deseas.<\/p>\n<\/div>\n\t\t\n\t\t\t\n\t\t\n\t\t\t\n\t\t\n\t\t\t\n\t\t\n\t\t\t\n\t\t\n\t\t\t\n\t\t\n\t\t\t\n\t\t\n\t\t\t\n\t\t\n\t\t\t\n\t\t\n\t<\/div>\n\n<\/div><\/div>\n\n<\/div>\n\n\t<\/div>\n\n\t\n<\/div><\/div><\/div>\n<\/div>\n<\/div>\n","protected":false},"excerpt":{"rendered":"<p>Gesti\u00f3n experta de dominios para asegurar y promocionar su marca. Gestionamos y mantenemos en su nombre sus propios dominios y registros DNS. Usted conserva todo el control y la propiedad. maxc.io ofrece una gama de servicios que incluye el asesoramiento imparcial de expertos, el soporte t\u00e9cnico de sus propios registros de dominio autogestionados o el [&hellip;]<\/p>\n","protected":false},"author":1,"featured_media":5417,"parent":4349,"menu_order":110,"comment_status":"closed","ping_status":"closed","template":"","meta":{"slim_seo":{"title":"Dominios - maxc.io","description":"Gesti\u00f3n experta de dominios para asegurar y promocionar su marca. Gestionamos y mantenemos en su nombre sus propios dominios y registros DNS. Usted conserva tod"},"footnotes":""},"class_list":["post-4280","page","type-page","status-publish","has-post-thumbnail","hentry"],"pp_statuses_selecting_workflow":false,"pp_workflow_action":"current","pp_status_selection":"publish","_links":{"self":[{"href":"https:\/\/maxc.io\/es\/wp-json\/wp\/v2\/pages\/4280","targetHints":{"allow":["GET"]}}],"collection":[{"href":"https:\/\/maxc.io\/es\/wp-json\/wp\/v2\/pages"}],"about":[{"href":"https:\/\/maxc.io\/es\/wp-json\/wp\/v2\/types\/page"}],"author":[{"embeddable":true,"href":"https:\/\/maxc.io\/es\/wp-json\/wp\/v2\/users\/1"}],"replies":[{"embeddable":true,"href":"https:\/\/maxc.io\/es\/wp-json\/wp\/v2\/comments?post=4280"}],"version-history":[{"count":11,"href":"https:\/\/maxc.io\/es\/wp-json\/wp\/v2\/pages\/4280\/revisions"}],"predecessor-version":[{"id":8849,"href":"https:\/\/maxc.io\/es\/wp-json\/wp\/v2\/pages\/4280\/revisions\/8849"}],"up":[{"embeddable":true,"href":"https:\/\/maxc.io\/es\/wp-json\/wp\/v2\/pages\/4349"}],"wp:featuredmedia":[{"embeddable":true,"href":"https:\/\/maxc.io\/es\/wp-json\/wp\/v2\/media\/5417"}],"wp:attachment":[{"href":"https:\/\/maxc.io\/es\/wp-json\/wp\/v2\/media?parent=4280"}],"curies":[{"name":"wp","href":"https:\/\/api.w.org\/{rel}","templated":true}]}}