{"id":4307,"date":"2023-04-07T16:01:15","date_gmt":"2023-04-07T15:01:15","guid":{"rendered":"https:\/\/maxc.io\/website-bookings\/"},"modified":"2025-03-20T12:11:29","modified_gmt":"2025-03-20T12:11:29","slug":"bookings","status":"publish","type":"page","link":"https:\/\/maxc.io\/es\/servicios\/bookings\/","title":{"rendered":"Reservas"},"content":{"rendered":"\n<div class=\"wp-block-cover alignwide is-light\" style=\"border-radius:10px\"><span aria-hidden=\"true\" class=\"wp-block-cover__background has-background-dim-10 has-background-dim\" style=\"background-color:#d8d6ea\"><\/span><img decoding=\"async\" width=\"225\" height=\"225\" src=\"https:\/\/maxc.io\/wp-content\/uploads\/2025\/03\/booking-image-1.jpg\" class=\"wp-block-cover__image-background wp-post-image\" alt=\"Booking image\" data-object-fit=\"cover\" data-object-position=\"50% 0%\" style=\"object-position:50% 0%;\" srcset=\"https:\/\/maxc.io\/wp-content\/uploads\/2025\/03\/booking-image-1.jpg 225w, https:\/\/maxc.io\/wp-content\/uploads\/2025\/03\/booking-image-1-150x150.jpg 150w, https:\/\/maxc.io\/wp-content\/uploads\/2025\/03\/booking-image-1-50x50.jpg 50w, https:\/\/maxc.io\/wp-content\/uploads\/2025\/03\/booking-image-1-100x100.jpg 100w\" sizes=\"(max-width: 225px) 100vw, 225px\" \/><div class=\"wp-block-cover__inner-container is-layout-flow wp-block-cover-is-layout-flow\">\n<p class=\"has-text-align-center has-large-font-size\"><\/p>\n<\/div><\/div>\n\n<div class=\"wp-block-columns alignwide is-layout-flex wp-container-core-columns-is-layout-28f84493 wp-block-columns-is-layout-flex\">\n<div class=\"wp-block-column is-vertically-aligned-center is-layout-flow wp-block-column-is-layout-flow\" style=\"flex-basis:66.66%\">\n<blockquote class=\"wp-block-quote is-layout-flow wp-block-quote-is-layout-flow\">\n<p class=\"has-text-align-left\">Nuestra plataforma de reservas de c\u00f3digo abierto recomendada te permite ofrecer reservas online de citas, sesiones y clases.<\/p>\n\n\n\n<p>Esta plataforma es el plugin de <a href=\"https:\/\/apphourbooking.dwbooster.com\/\" title=\"Cita previa Reserva de hora\">Reservas de Cita Previa<\/a> para WordPress. Alojamos tu propio servicio de reservas en nuestra plataforma de servidor seguro. A\u00f1ade nuestra extensi\u00f3n <a href=\"https:\/\/maxc.io\/es\/servicios\/comercio-electronico\/\" title=\"\">Ecommerce<\/a> para aceptar pagos online.  <\/p>\n<\/blockquote>\n<\/div>\n\n\n\n<div class=\"wp-block-column is-vertically-aligned-center is-layout-flow wp-block-column-is-layout-flow\" style=\"flex-basis:33.33%\">\n<div class=\"wp-block-buttons is-content-justification-center is-layout-flex wp-container-core-buttons-is-layout-a89b3969 wp-block-buttons-is-layout-flex\">\n<div class=\"wp-block-button\"><a class=\"wp-block-button__link wp-element-button\" href=\"#pricing\">nuestros precios<\/a><\/div>\n\n\n\n<div class=\"wp-block-button\"><a class=\"wp-block-button__link wp-element-button\" href=\"#contact\">Contacto<\/a><\/div>\n<\/div>\n<\/div>\n<\/div>\n\n<h2 class=\"wp-block-heading\">Descripci\u00f3n del servicio<\/h2>\n\n<ul class=\"wp-block-list\">\n<li>Plugin Hora de la cita para WordPress<\/li>\n\n\n\n<li>Configurado seg\u00fan sus necesidades<\/li>\n\n\n\n<li>Portal de asistencia para el usuario administrador<\/li>\n\n\n\n<li>Mantenidos y siempre actualizados<\/li>\n<\/ul>\n\n<p>Incluimos lo siguiente de serie en todos nuestros servicios:<\/p>\n\n<ul class=\"wp-block-list\">\n<li> Alojamiento seguro en nuestra plataforma de infraestructura en nube<\/li>\n\n\n\n<li>Aplicaci\u00f3n y datos aislados dentro de su propio contenedor de servidor dedicado<\/li>\n\n\n\n<li>Supervisi\u00f3n 24\/7 del tiempo de actividad<\/li>\n\n\n\n<li>Copia de seguridad completa y recuperaci\u00f3n<\/li>\n\n\n\n<li>Env\u00edo fiable de correo electr\u00f3nico SMTP<\/li>\n\n\n\n<li>Certificados seguros Let&#8217;s Encrypt TLS siempre actualizados<\/li>\n\n\n\n<li>Actualizaciones peri\u00f3dicas de la aplicaci\u00f3n a la \u00faltima versi\u00f3n<\/li>\n\n\n\n<li>Portal de asistencia al usuario de administraci\u00f3n<\/li>\n\n\n\n<li>P\u00e1gina de estado del cliente individual<\/li>\n\n\n\n<li>Infraestructuras alimentadas con energ\u00edas 100% renovables<\/li>\n<\/ul>\n\n<h2 class=\"wp-block-heading\" id=\"pricing\">Precio<\/h2>\n\n<ul class=\"wp-block-list\">\n<li>Nuestros precios son por suscripci\u00f3n mensual.<\/li>\n\n\n\n<li>Cobramos por el alojamiento del sitio web m\u00e1s el mantenimiento y la asistencia del sistema.<\/li>\n\n\n\n<li>Las extensiones requieren una suscripci\u00f3n al servicio subyacente, a menos que ya est\u00e9 suscrito.<\/li>\n\n\n\n<li>Los complementos pueden adquirirse como elementos de suscripci\u00f3n adicionales y multiplicarse seg\u00fan sea necesario.<\/li>\n<\/ul>\n\n<ul class=\"wp-block-list\">\n<li><strong>Aplicaci\u00f3n<\/strong>: WordPress<\/li>\n\n\n\n<li><strong>Extensi\u00f3n<\/strong>: WordPress Reservas<\/li>\n<\/ul>\n\n<div class=\"alignwide\"><div class=\"woocommerce\"><\/div><table id=\"wcpt_7fdaa44cadb38e1e_1\" class=\"wc-product-table woocommerce multicart-enabled\" width=\"100%\" data-config=\"{&quot;pageLength&quot;:25,&quot;pagingType&quot;:&quot;numbers&quot;,&quot;serverSide&quot;:false,&quot;autoWidth&quot;:true,&quot;clickFilter&quot;:&quot;false&quot;,&quot;scrollOffset&quot;:0,&quot;resetButton&quot;:false,&quot;multiAddToCart&quot;:true,&quot;multiCartLocation&quot;:&quot;bottom&quot;,&quot;variations&quot;:&quot;dropdown&quot;,&quot;ajaxCart&quot;:false,&quot;numOrder&quot;:false,&quot;stickyHeader&quot;:false,&quot;lengthMenu&quot;:[[10,25,50,100,-1],[10,25,50,100,&quot;Todos&quot;]],&quot;columnDefs&quot;:[{&quot;className&quot;:&quot;col-image&quot;,&quot;targets&quot;:0,&quot;type&quot;:&quot;html&quot;},{&quot;className&quot;:&quot;col-name&quot;,&quot;targets&quot;:1,&quot;type&quot;:&quot;html&quot;},{&quot;className&quot;:&quot;col-summary col-short-description&quot;,&quot;targets&quot;:2,&quot;type&quot;:&quot;html&quot;},{&quot;className&quot;:&quot;col-price&quot;,&quot;targets&quot;:3,&quot;type&quot;:&quot;html-num&quot;},{&quot;className&quot;:&quot;col-buy col-add-to-cart&quot;,&quot;targets&quot;:4,&quot;type&quot;:&quot;html&quot;}],&quot;responsive&quot;:{&quot;details&quot;:{&quot;display&quot;:&quot;child_row&quot;}},&quot;search&quot;:{&quot;search&quot;:&quot;&quot;},&quot;dom&quot;:&quot;&lt;\\&quot;wc-product-table-wrapper twentytwentytwo wpt-styling-custom\\&quot;&lt;\\&quot;wc-product-table-controls wc-product-table-above\\&quot;&gt;t&lt;\\&quot;wc-product-table-controls wc-product-table-below\\&quot;&gt;&gt;&quot;}\" data-filters=\"false\" data-order=\"[]\"><thead><tr><th class=\"all\" data-name=\"image\" data-orderable=\"false\" data-searchable=\"false\" data-width=\"70px\" data-priority=\"4\">Image<\/th><th data-name=\"name\" data-orderable=\"true\" data-searchable=\"true\" data-priority=\"1\">Name<\/th><th data-name=\"summary\" data-orderable=\"true\" data-searchable=\"true\" data-priority=\"11\">Summary<\/th><th data-name=\"price\" data-orderable=\"true\" data-searchable=\"true\" data-priority=\"3\">Price<\/th><th data-name=\"buy\" data-orderable=\"false\" data-searchable=\"true\" data-priority=\"2\">Buy<span class=\"wpt-bulk-select-wrap\"><label class=\"wpt-bulk-select-label\">Seleccionar todo<\/label><input type=\"checkbox\" class=\"wpt-bulk-select\"\/><span class=\"wpt-multi-checkbox\"><\/span><\/span><\/th><\/tr><\/thead><tbody><tr id=\"product-row-4083\" class=\"product product-row product-4083 instock virtual product-type-simple purchasable\"><td><div data-thumb=\"https:\/\/maxc.io\/wp-content\/uploads\/2023\/07\/056-web-design-300-100x100.png\" class=\"product-thumbnail-wrapper woocommerce-product-gallery__image\"><a href=\"https:\/\/maxc.io\/wp-content\/uploads\/2023\/07\/056-web-design-300.png\"><img decoding=\"async\" width=\"70\" height=\"70\" src=\"https:\/\/maxc.io\/wp-content\/uploads\/2023\/07\/056-web-design-300-100x100.png\" class=\"product-thumbnail product-table-image\" alt=\"WordPress Profesional\" title=\"056-web-design-300\" data-caption=\"WordPress Profesional\" data-src=\"https:\/\/maxc.io\/wp-content\/uploads\/2023\/07\/056-web-design-300.png\" data-large_image=\"https:\/\/maxc.io\/wp-content\/uploads\/2023\/07\/056-web-design-300.png\" data-large_image_width=\"300\" data-large_image_height=\"300\" \/><\/a><\/div><\/td><td><a href=\"https:\/\/maxc.io\/es\/producto\/wordpress-website-professional\/\" class=\"single-product-link\" data-product_id=\"4083\">WordPress Profesional<\/a><\/td><td><p>Alojamiento WordPress en contenedor compartido, mantenimiento y soporte<\/p>\n<\/td><td data-sort=\"11.70\"> <span class=\"woocommerce-Price-amount amount\"><span class=\"woocommerce-Price-currencySymbol\"><\/span><span class=\"woocommerce-Price-amount amount\"><bdi><span class=\"woocommerce-Price-currencySymbol\">&euro;<\/span>11,70<\/bdi><\/span><\/span> \/ month <\/td><td><div class=\"add-to-cart-wrapper multi-cart no-cart-button with-quantity\">   <form class=\"cart\" action=\"\" method=\"post\" enctype='multipart\/form-data'> <div class=\"add-to-cart-button\"> <div class=\"quantity\"> <label class=\"screen-reader-text\" for=\"quantity_69d059b7158fb\">WordPress Profesional cantidad<\/label> <input type=\"number\" id=\"quantity_69d059b7158fb\" class=\"input-text qty text\" name=\"quantity\" value=\"1\" aria-label=\"Cantidad de productos\" min=\"1\" step=\"1\" placeholder=\"\" inputmode=\"numeric\" autocomplete=\"off\" \/> <\/div> <button type=\"submit\" name=\"add-to-cart\" value=\"4083\" class=\"single_add_to_cart_button button alt wp-element-button\">Subscribe<\/button> <\/div> <\/form>  <div class=\"multi-cart-check\"> <input type=\"hidden\" name=\"wpt_product_price\" value=\"11.7\" form=\"multi-cart\"\/> <input type=\"checkbox\" name=\"product_ids[]\" value=\"4083\" form=\"multi-cart\"\/> <span class=\"wpt-multi-checkbox\"><\/span> <input type=\"hidden\" name=\"cart_data[p4083][quantity]\" data-input-name=\"quantity\" value=\"1\" form=\"multi-cart\" \/> <\/div> <\/div><\/td><\/tr><tr id=\"product-row-4217\" class=\"product product-row product-4217 instock virtual product-type-simple purchasable\"><td><div data-thumb=\"https:\/\/maxc.io\/wp-content\/uploads\/2023\/07\/056-web-design-300-100x100.png\" class=\"product-thumbnail-wrapper woocommerce-product-gallery__image\"><a href=\"https:\/\/maxc.io\/wp-content\/uploads\/2023\/07\/056-web-design-300.png\"><img decoding=\"async\" width=\"70\" height=\"70\" src=\"https:\/\/maxc.io\/wp-content\/uploads\/2023\/07\/056-web-design-300-100x100.png\" class=\"product-thumbnail product-table-image\" alt=\"WordPress Negocios\" title=\"056-web-design-300\" data-caption=\"WordPress Negocios\" data-src=\"https:\/\/maxc.io\/wp-content\/uploads\/2023\/07\/056-web-design-300.png\" data-large_image=\"https:\/\/maxc.io\/wp-content\/uploads\/2023\/07\/056-web-design-300.png\" data-large_image_width=\"300\" data-large_image_height=\"300\" \/><\/a><\/div><\/td><td><a href=\"https:\/\/maxc.io\/es\/producto\/wordpress-website-business\/\" class=\"single-product-link\" data-product_id=\"4217\">WordPress Negocios<\/a><\/td><td><p>Alojamiento WordPress en contenedor propio, mantenimiento y soporte<\/p>\n<\/td><td data-sort=\"23.39\"> <span class=\"woocommerce-Price-amount amount\"><span class=\"woocommerce-Price-currencySymbol\"><\/span><span class=\"woocommerce-Price-amount amount\"><bdi><span class=\"woocommerce-Price-currencySymbol\">&euro;<\/span>23,39<\/bdi><\/span><\/span> \/ month <\/td><td><div class=\"add-to-cart-wrapper multi-cart no-cart-button with-quantity\">   <form class=\"cart\" action=\"\" method=\"post\" enctype='multipart\/form-data'> <div class=\"add-to-cart-button\"> <div class=\"quantity\"> <label class=\"screen-reader-text\" for=\"quantity_69d059b716e8c\">WordPress Negocios cantidad<\/label> <input type=\"number\" id=\"quantity_69d059b716e8c\" class=\"input-text qty text\" name=\"quantity\" value=\"1\" aria-label=\"Cantidad de productos\" min=\"1\" step=\"1\" placeholder=\"\" inputmode=\"numeric\" autocomplete=\"off\" \/> <\/div> <button type=\"submit\" name=\"add-to-cart\" value=\"4217\" class=\"single_add_to_cart_button button alt wp-element-button\">Subscribe<\/button> <\/div> <\/form>  <div class=\"multi-cart-check\"> <input type=\"hidden\" name=\"wpt_product_price\" value=\"23.39\" form=\"multi-cart\"\/> <input type=\"checkbox\" name=\"product_ids[]\" value=\"4217\" form=\"multi-cart\"\/> <span class=\"wpt-multi-checkbox\"><\/span> <input type=\"hidden\" name=\"cart_data[p4217][quantity]\" data-input-name=\"quantity\" value=\"1\" form=\"multi-cart\" \/> <\/div> <\/div><\/td><\/tr><tr id=\"product-row-8072\" class=\"product product-row product-8072 instock virtual product-type-simple purchasable\"><td><div data-thumb=\"https:\/\/maxc.io\/wp-content\/uploads\/2023\/07\/056-web-design-300-100x100.png\" class=\"product-thumbnail-wrapper woocommerce-product-gallery__image\"><a href=\"https:\/\/maxc.io\/wp-content\/uploads\/2023\/07\/056-web-design-300.png\"><img decoding=\"async\" width=\"70\" height=\"70\" src=\"https:\/\/maxc.io\/wp-content\/uploads\/2023\/07\/056-web-design-300-100x100.png\" class=\"product-thumbnail product-table-image\" alt=\"WordPress para empresas\" title=\"056-web-design-300\" data-caption=\"WordPress para empresas\" data-src=\"https:\/\/maxc.io\/wp-content\/uploads\/2023\/07\/056-web-design-300.png\" data-large_image=\"https:\/\/maxc.io\/wp-content\/uploads\/2023\/07\/056-web-design-300.png\" data-large_image_width=\"300\" data-large_image_height=\"300\" \/><\/a><\/div><\/td><td><a href=\"https:\/\/maxc.io\/es\/producto\/wordpress-website-enterprise\/\" class=\"single-product-link\" data-product_id=\"8072\">WordPress para empresas<\/a><\/td><td><p>Alojamiento de WordPress en servidor propio, mantenimiento y soporte<\/p>\n<\/td><td data-sort=\"58.48\"> <span class=\"woocommerce-Price-amount amount\"><span class=\"woocommerce-Price-currencySymbol\"><\/span><span class=\"woocommerce-Price-amount amount\"><bdi><span class=\"woocommerce-Price-currencySymbol\">&euro;<\/span>58,48<\/bdi><\/span><\/span> \/ month <\/td><td><div class=\"add-to-cart-wrapper multi-cart no-cart-button with-quantity\">   <form class=\"cart\" action=\"\" method=\"post\" enctype='multipart\/form-data'> <div class=\"add-to-cart-button\"> <div class=\"quantity\"> <label class=\"screen-reader-text\" for=\"quantity_69d059b718352\">WordPress para empresas cantidad<\/label> <input type=\"number\" id=\"quantity_69d059b718352\" class=\"input-text qty text\" name=\"quantity\" value=\"1\" aria-label=\"Cantidad de productos\" min=\"1\" step=\"1\" placeholder=\"\" inputmode=\"numeric\" autocomplete=\"off\" \/> <\/div> <button type=\"submit\" name=\"add-to-cart\" value=\"8072\" class=\"single_add_to_cart_button button alt wp-element-button\">Subscribe<\/button> <\/div> <\/form>  <div class=\"multi-cart-check\"> <input type=\"hidden\" name=\"wpt_product_price\" value=\"58.48\" form=\"multi-cart\"\/> <input type=\"checkbox\" name=\"product_ids[]\" value=\"8072\" form=\"multi-cart\"\/> <span class=\"wpt-multi-checkbox\"><\/span> <input type=\"hidden\" name=\"cart_data[p8072][quantity]\" data-input-name=\"quantity\" value=\"1\" form=\"multi-cart\" \/> <\/div> <\/div><\/td><\/tr><tr id=\"product-row-4141\" class=\"product product-row product-4141 instock downloadable virtual product-type-simple purchasable\"><td><div data-thumb=\"https:\/\/maxc.io\/wp-content\/uploads\/2023\/04\/061-diary-300-100x100.png\" class=\"product-thumbnail-wrapper woocommerce-product-gallery__image\"><a href=\"https:\/\/maxc.io\/wp-content\/uploads\/2023\/04\/061-diary-300.png\"><img decoding=\"async\" width=\"70\" height=\"70\" src=\"https:\/\/maxc.io\/wp-content\/uploads\/2023\/04\/061-diary-300-100x100.png\" class=\"product-thumbnail product-table-image\" alt=\"Reservas para WordPress - Citas \/ Sesiones\" title=\"061-diary-300\" data-caption=\"Reservas para WordPress - Citas \/ Sesiones\" data-src=\"https:\/\/maxc.io\/wp-content\/uploads\/2023\/04\/061-diary-300.png\" data-large_image=\"https:\/\/maxc.io\/wp-content\/uploads\/2023\/04\/061-diary-300.png\" data-large_image_width=\"300\" data-large_image_height=\"300\" \/><\/a><\/div><\/td><td><a href=\"https:\/\/maxc.io\/es\/producto\/bookings-for-wordpress-website\/\" class=\"single-product-link\" data-product_id=\"4141\">Reservas para WordPress - Citas \/ Sesiones<\/a><\/td><td><p>Plugin de horas de cita previa<\/p>\n<\/td><td data-sort=\"11.70\"> <span class=\"woocommerce-Price-amount amount\"><span class=\"woocommerce-Price-currencySymbol\"><\/span><span class=\"woocommerce-Price-amount amount\"><bdi><span class=\"woocommerce-Price-currencySymbol\">&euro;<\/span>11,70<\/bdi><\/span><\/span> \/ month <\/td><td><div class=\"add-to-cart-wrapper multi-cart no-cart-button with-quantity\">   <form class=\"cart\" action=\"\" method=\"post\" enctype='multipart\/form-data'> <div class=\"add-to-cart-button\"> <div class=\"quantity\"> <label class=\"screen-reader-text\" for=\"quantity_69d059b719a5f\">Reservas para WordPress - Citas \/ Sesiones cantidad<\/label> <input type=\"number\" id=\"quantity_69d059b719a5f\" class=\"input-text qty text\" name=\"quantity\" value=\"1\" aria-label=\"Cantidad de productos\" min=\"1\" step=\"1\" placeholder=\"\" inputmode=\"numeric\" autocomplete=\"off\" \/> <\/div> <button type=\"submit\" name=\"add-to-cart\" value=\"4141\" class=\"single_add_to_cart_button button alt wp-element-button\">Subscribe<\/button> <\/div> <\/form>  <div class=\"multi-cart-check\"> <input type=\"hidden\" name=\"wpt_product_price\" value=\"11.7\" form=\"multi-cart\"\/> <input type=\"checkbox\" name=\"product_ids[]\" value=\"4141\" form=\"multi-cart\"\/> <span class=\"wpt-multi-checkbox\"><\/span> <input type=\"hidden\" name=\"cart_data[p4141][quantity]\" data-input-name=\"quantity\" value=\"1\" form=\"multi-cart\" \/> <\/div> <\/div><\/td><\/tr><tr id=\"product-row-4113\" class=\"product product-row product-4113 instock downloadable virtual product-type-simple purchasable\"><td><div data-thumb=\"https:\/\/maxc.io\/wp-content\/uploads\/2023\/04\/076-shopping-cart-300-100x100.png\" class=\"product-thumbnail-wrapper woocommerce-product-gallery__image\"><a href=\"https:\/\/maxc.io\/wp-content\/uploads\/2023\/04\/076-shopping-cart-300.png\"><img decoding=\"async\" width=\"70\" height=\"70\" src=\"https:\/\/maxc.io\/wp-content\/uploads\/2023\/04\/076-shopping-cart-300-100x100.png\" class=\"product-thumbnail product-table-image\" alt=\"Comercio electr\u00f3nico para WordPress - Woocommerce\" title=\"076-shopping-cart-300\" data-caption=\"Comercio electr\u00f3nico para WordPress - Woocommerce\" data-src=\"https:\/\/maxc.io\/wp-content\/uploads\/2023\/04\/076-shopping-cart-300.png\" data-large_image=\"https:\/\/maxc.io\/wp-content\/uploads\/2023\/04\/076-shopping-cart-300.png\" data-large_image_width=\"300\" data-large_image_height=\"300\" \/><\/a><\/div><\/td><td><a href=\"https:\/\/maxc.io\/es\/producto\/comercio-electronico-para-wordpress-woocommerce\/\" class=\"single-product-link\" data-product_id=\"4113\">Comercio electr\u00f3nico para WordPress - Woocommerce<\/a><\/td><td><p>Woocommerce y Stripe<\/p>\n<\/td><td data-sort=\"11.70\"> <span class=\"woocommerce-Price-amount amount\"><span class=\"woocommerce-Price-currencySymbol\"><\/span><span class=\"woocommerce-Price-amount amount\"><bdi><span class=\"woocommerce-Price-currencySymbol\">&euro;<\/span>11,70<\/bdi><\/span><\/span> \/ month <\/td><td><div class=\"add-to-cart-wrapper multi-cart no-cart-button with-quantity\">   <form class=\"cart\" action=\"\" method=\"post\" enctype='multipart\/form-data'> <div class=\"add-to-cart-button\"> <div class=\"quantity\"> <label class=\"screen-reader-text\" for=\"quantity_69d059b71b1be\">Comercio electr\u00f3nico para WordPress - Woocommerce cantidad<\/label> <input type=\"number\" id=\"quantity_69d059b71b1be\" class=\"input-text qty text\" name=\"quantity\" value=\"1\" aria-label=\"Cantidad de productos\" min=\"1\" step=\"1\" placeholder=\"\" inputmode=\"numeric\" autocomplete=\"off\" \/> <\/div> <button type=\"submit\" name=\"add-to-cart\" value=\"4113\" class=\"single_add_to_cart_button button alt wp-element-button\">Subscribe<\/button> <\/div> <\/form>  <div class=\"multi-cart-check\"> <input type=\"hidden\" name=\"wpt_product_price\" value=\"11.7\" form=\"multi-cart\"\/> <input type=\"checkbox\" name=\"product_ids[]\" value=\"4113\" form=\"multi-cart\"\/> <span class=\"wpt-multi-checkbox\"><\/span> <input type=\"hidden\" name=\"cart_data[p4113][quantity]\" data-input-name=\"quantity\" value=\"1\" form=\"multi-cart\" \/> <\/div> <\/div><\/td><\/tr><tr id=\"product-row-4182\" class=\"product product-row product-4182 instock virtual product-type-simple purchasable\"><td><div data-thumb=\"https:\/\/maxc.io\/wp-content\/uploads\/2023\/04\/044-pen-and-paper-300-100x100.png\" class=\"product-thumbnail-wrapper woocommerce-product-gallery__image\"><a href=\"https:\/\/maxc.io\/wp-content\/uploads\/2023\/04\/044-pen-and-paper-300.png\"><img decoding=\"async\" width=\"70\" height=\"70\" src=\"https:\/\/maxc.io\/wp-content\/uploads\/2023\/04\/044-pen-and-paper-300-100x100.png\" class=\"product-thumbnail product-table-image\" alt=\"Complemento: Tareas de servicio\" title=\"044-pen-and-paper-300\" data-caption=\"Complemento: Tareas de servicio\" data-src=\"https:\/\/maxc.io\/wp-content\/uploads\/2023\/04\/044-pen-and-paper-300.png\" data-large_image=\"https:\/\/maxc.io\/wp-content\/uploads\/2023\/04\/044-pen-and-paper-300.png\" data-large_image_width=\"300\" data-large_image_height=\"300\" \/><\/a><\/div><\/td><td><a href=\"https:\/\/maxc.io\/es\/producto\/complemento-tareas-de-servicio\/\" class=\"single-product-link\" data-product_id=\"4182\">Complemento: Tareas de servicio<\/a><\/td><td><p>5 tareas al a\u00f1o, en todos los servicios suscritos<\/p>\n<\/td><td data-sort=\"11.70\"> <span class=\"woocommerce-Price-amount amount\"><span class=\"woocommerce-Price-currencySymbol\"><\/span><span class=\"woocommerce-Price-amount amount\"><bdi><span class=\"woocommerce-Price-currencySymbol\">&euro;<\/span>11,70<\/bdi><\/span><\/span> \/ month <\/td><td><div class=\"add-to-cart-wrapper multi-cart no-cart-button with-quantity\">   <form class=\"cart\" action=\"\" method=\"post\" enctype='multipart\/form-data'> <div class=\"add-to-cart-button\"> <div class=\"quantity\"> <label class=\"screen-reader-text\" for=\"quantity_69d059b71cc4e\">Complemento: Tareas de servicio cantidad<\/label> <input type=\"number\" id=\"quantity_69d059b71cc4e\" class=\"input-text qty text\" name=\"quantity\" value=\"1\" aria-label=\"Cantidad de productos\" min=\"1\" step=\"1\" placeholder=\"\" inputmode=\"numeric\" autocomplete=\"off\" \/> <\/div> <button type=\"submit\" name=\"add-to-cart\" value=\"4182\" class=\"single_add_to_cart_button button alt wp-element-button\">Subscribe<\/button> <\/div> <\/form>  <div class=\"multi-cart-check\"> <input type=\"hidden\" name=\"wpt_product_price\" value=\"11.7\" form=\"multi-cart\"\/> <input type=\"checkbox\" name=\"product_ids[]\" value=\"4182\" form=\"multi-cart\"\/> <span class=\"wpt-multi-checkbox\"><\/span> <input type=\"hidden\" name=\"cart_data[p4182][quantity]\" data-input-name=\"quantity\" value=\"1\" form=\"multi-cart\" \/> <\/div> <\/div><\/td><\/tr><\/tbody><\/table><\/div>\n","protected":false},"excerpt":{"rendered":"<p>Nuestra plataforma de reservas de c\u00f3digo abierto recomendada te permite ofrecer reservas online de citas, sesiones y clases. Esta plataforma es el plugin de Reservas de Cita Previa para WordPress. Alojamos tu propio servicio de reservas en nuestra plataforma de servidor seguro. A\u00f1ade nuestra extensi\u00f3n Ecommerce para aceptar pagos online. Descripci\u00f3n del servicio Incluimos lo [&hellip;]<\/p>\n","protected":false},"author":1,"featured_media":8730,"parent":4349,"menu_order":107,"comment_status":"closed","ping_status":"closed","template":"","meta":{"slim_seo":{"title":"Reservas - maxc.io","description":"Nuestra plataforma de reservas de c\u00f3digo abierto recomendada te permite ofrecer reservas online de citas, sesiones y clases. Esta plataforma es el plugin de Res"},"footnotes":""},"class_list":["post-4307","page","type-page","status-publish","has-post-thumbnail","hentry"],"pp_statuses_selecting_workflow":false,"pp_workflow_action":"current","pp_status_selection":"publish","_links":{"self":[{"href":"https:\/\/maxc.io\/es\/wp-json\/wp\/v2\/pages\/4307","targetHints":{"allow":["GET"]}}],"collection":[{"href":"https:\/\/maxc.io\/es\/wp-json\/wp\/v2\/pages"}],"about":[{"href":"https:\/\/maxc.io\/es\/wp-json\/wp\/v2\/types\/page"}],"author":[{"embeddable":true,"href":"https:\/\/maxc.io\/es\/wp-json\/wp\/v2\/users\/1"}],"replies":[{"embeddable":true,"href":"https:\/\/maxc.io\/es\/wp-json\/wp\/v2\/comments?post=4307"}],"version-history":[{"count":11,"href":"https:\/\/maxc.io\/es\/wp-json\/wp\/v2\/pages\/4307\/revisions"}],"predecessor-version":[{"id":8836,"href":"https:\/\/maxc.io\/es\/wp-json\/wp\/v2\/pages\/4307\/revisions\/8836"}],"up":[{"embeddable":true,"href":"https:\/\/maxc.io\/es\/wp-json\/wp\/v2\/pages\/4349"}],"wp:featuredmedia":[{"embeddable":true,"href":"https:\/\/maxc.io\/es\/wp-json\/wp\/v2\/media\/8730"}],"wp:attachment":[{"href":"https:\/\/maxc.io\/es\/wp-json\/wp\/v2\/media?parent=4307"}],"curies":[{"name":"wp","href":"https:\/\/api.w.org\/{rel}","templated":true}]}}