{"id":4370,"date":"2022-06-15T17:17:18","date_gmt":"2022-06-15T16:17:18","guid":{"rendered":"https:\/\/maxc.io\/website-terms-and-conditions\/"},"modified":"2023-11-02T12:47:44","modified_gmt":"2023-11-02T12:47:44","slug":"terminos-y-condiciones-del-sitio-web","status":"publish","type":"page","link":"https:\/\/maxc.io\/es\/terminos-y-condiciones-del-sitio-web\/","title":{"rendered":"Condiciones de uso del sitio web"},"content":{"rendered":"\n<p><strong>1. Introducci\u00f3n<\/strong><\/p>\n\n<p>1.1 Las presentes condiciones generales regulan el uso de nuestro sitio web.<\/p>\n\n<p>1.2 Al utilizar nuestro sitio web, usted acepta estos t\u00e9rminos y condiciones en su totalidad; en consecuencia, si no est\u00e1 de acuerdo con estos t\u00e9rminos y condiciones o con alguna parte de los mismos, no debe utilizar nuestro sitio web.<\/p>\n\n<p>1.3 Si se registra en nuestro sitio web, env\u00eda material a nuestro sitio web o utiliza cualquiera de los servicios de nuestro sitio web, le pediremos que acepte expresamente estas condiciones.<\/p>\n\n<p><strong>2. Aviso de derechos de autor<\/strong><\/p>\n\n<p>2.1 Copyright (c) 2023 Maxicandi Ltd.<\/p>\n\n<p>2.2 Sin perjuicio de las disposiciones expresas de las presentes condiciones:<\/p>\n\n<p>(a) nosotros, junto con nuestros licenciantes, poseemos y controlamos todos los derechos de autor y otros derechos de propiedad intelectual sobre nuestro sitio web y el material que contiene; y<\/p>\n\n<p>(b) quedan reservados todos los derechos de autor y otros derechos de propiedad intelectual sobre nuestro sitio web y el material que contiene.<\/p>\n\n<p><strong>3. Permiso para utilizar el sitio web<\/strong><\/p>\n\n<p>3.1 Usted puede:<\/p>\n\n<p>(a) ver p\u00e1ginas de nuestro sitio web en un navegador web;<\/p>\n\n<p>(b) descargar p\u00e1ginas de nuestro sitio web para almacenarlas en cach\u00e9 en un navegador web;<\/p>\n\n<p>(c) imprimir p\u00e1ginas de nuestro sitio web para su uso personal y no comercial;<\/p>\n\n<p>(d) transmitir archivos de audio y v\u00eddeo desde nuestro sitio web utilizando el reproductor multimedia de nuestro sitio web; y<\/p>\n\n<p>(e) utilizar los servicios de nuestro sitio web mediante un navegador web,<\/p>\n\n<p>con sujeci\u00f3n a las dem\u00e1s disposiciones de las presentes condiciones.<\/p>\n\n<p>3.2 Salvo en los casos expresamente permitidos por la secci\u00f3n 3.1 o por las dem\u00e1s disposiciones de estas condiciones, no debe descargar ning\u00fan material de nuestro sitio web ni guardarlo en su ordenador.<\/p>\n\n<p>3.3 S\u00f3lo puede utilizar nuestro sitio web para sus propios fines personales y comerciales; no debe utilizar nuestro sitio web para ning\u00fan otro fin.<\/p>\n\n<p>3.4 Salvo en los casos expresamente permitidos por las presentes condiciones, el usuario no podr\u00e1 editar ni modificar de ning\u00fan otro modo el material de nuestro sitio web.<\/p>\n\n<p>3.5 A menos que usted posea o controle los derechos pertinentes sobre el material, no debe:<\/p>\n\n<p>(a) volver a publicar material de nuestro sitio web (incluida la reedici\u00f3n en otro sitio web);<\/p>\n\n<p>(b) vender, alquilar o sublicenciar material de nuestro sitio web;<\/p>\n\n<p>(c) mostrar en p\u00fablico cualquier material de nuestro sitio web;<\/p>\n\n<p>(d) explotar material de nuestro sitio web con fines comerciales; o<\/p>\n\n<p>(e) redistribuir material de nuestro sitio web.<\/p>\n\n<p>3.6 No obstante lo dispuesto en la secci\u00f3n 3.5, puede redistribuir nuestro bolet\u00edn en formato impreso y electr\u00f3nico a cualquier persona.<\/p>\n\n<p>3.7 Nos reservamos el derecho de suspender o restringir el acceso a nuestro sitio web, a \u00e1reas de nuestro sitio web y\/o a la funcionalidad de nuestro sitio web. Podemos, por ejemplo, suspender el acceso al sitio web durante el mantenimiento del servidor o cuando actualizamos el sitio web. No debe eludir o evitar, o intentar eludir o evitar, cualquier medida de restricci\u00f3n de acceso al sitio web.<\/p>\n\n<p><strong>4. Uso indebido del sitio web<\/strong><\/p>\n\n<p>4.1 No debe:<\/p>\n\n<p>(a) utilizar nuestro sitio web de cualquier forma o realizar cualquier acci\u00f3n que cause o pueda causar da\u00f1os al sitio web o perjudicar el rendimiento, la disponibilidad, la accesibilidad, la integridad o la seguridad del sitio web;<\/p>\n\n<p>(b) utilizar nuestro sitio web de cualquier forma que sea il\u00edcita, ilegal, fraudulenta o perjudicial, o en relaci\u00f3n con cualquier prop\u00f3sito o actividad il\u00edcita, ilegal, fraudulenta o perjudicial;<\/p>\n\n<p>(c) piratear o manipular de cualquier otro modo nuestro sitio web;<\/p>\n\n<p>(d) sondear, escanear o probar la vulnerabilidad de nuestro sitio web sin nuestro permiso;<\/p>\n\n<p>(e) eludir los sistemas o procesos de autenticaci\u00f3n o seguridad de nuestro sitio web o relacionados con \u00e9l;<\/p>\n\n<p>(f) utilizar nuestro sitio web para copiar, almacenar, alojar, transmitir, enviar, utilizar, publicar o distribuir cualquier material que consista en (o est\u00e9 vinculado a) cualquier spyware, virus inform\u00e1tico, troyano, gusano, registrador de pulsaciones de teclas, rootkit u otro software inform\u00e1tico malicioso;<\/p>\n\n<p>(g) imponer una carga irrazonablemente grande sobre los recursos de nuestro sitio web (incluidos el ancho de banda, la capacidad de almacenamiento y la capacidad de procesamiento);<\/p>\n\n<p>(h) descifrar o descifrar cualquier comunicaci\u00f3n enviada por o a nuestro sitio web sin nuestro permiso;<\/p>\n\n<p>(i) llevar a cabo cualquier actividad sistem\u00e1tica o automatizada de recopilaci\u00f3n de datos (incluyendo, sin limitaci\u00f3n, el scraping, la miner\u00eda de datos, la extracci\u00f3n de datos y la recolecci\u00f3n de datos) en o en relaci\u00f3n con nuestro sitio web sin nuestro consentimiento expreso por escrito;<\/p>\n\n<p>(j) acceder o interactuar de cualquier otro modo con nuestro sitio web utilizando robots, ara\u00f1as u otros medios automatizados, excepto con fines de indexaci\u00f3n en motores de b\u00fasqueda;<\/p>\n\n<p>(k) utilizar nuestro sitio web excepto a trav\u00e9s de nuestras interfaces p\u00fablicas;<\/p>\n\n<p>(l) violar las directivas establecidas en el archivo robots.txt de nuestro sitio web;<\/p>\n\n<p>(m) utilizar los datos recogidos en nuestro sitio web para cualquier actividad de marketing directo (incluidos, entre otros, el marketing por correo electr\u00f3nico, el marketing por SMS, el telemarketing y el correo directo); o<\/p>\n\n<p>(n) hacer cualquier cosa que interfiera con el uso normal de nuestro sitio web.<\/p>\n\n<p>4.2 No debe utilizar los datos recogidos en nuestro sitio web para ponerse en contacto con particulares, empresas u otras personas o entidades.<\/p>\n\n<p>4.3 Debe asegurarse de que toda la informaci\u00f3n que nos proporcione a trav\u00e9s de nuestro sitio web, o en relaci\u00f3n con nuestro sitio web, sea veraz, exacta, actual, completa y no enga\u00f1osa.<\/p>\n\n<p><strong>5. Registro y contabilidad<\/strong><\/p>\n\n<p>5.1 Puede registrarse para obtener una cuenta en nuestro sitio web cumplimentando y enviando el formulario de registro de cuenta de nuestro sitio web, y haciendo clic en el enlace de verificaci\u00f3n del correo electr\u00f3nico que el sitio web le enviar\u00e1.<\/p>\n\n<p>5.2 No debe permitir que ninguna otra persona utilice su cuenta para acceder al sitio web.<\/p>\n\n<p>5.3 Debe notificarnos por escrito inmediatamente si tiene conocimiento de cualquier uso no autorizado de su cuenta.<\/p>\n\n<p>5.4 No debe utilizar la cuenta de otra persona para acceder al sitio web.<\/p>\n\n<p><strong>6. Datos de acceso del usuario<\/strong><\/p>\n\n<p>6.1 Si se registra para obtener una cuenta en nuestro sitio web, se le pedir\u00e1 que elija un nombre de usuario y una contrase\u00f1a.<\/p>\n\n<p>6.2 Su ID de usuario no debe inducir a error y debe cumplir las normas de contenido establecidas en la Secci\u00f3n 10; no debe utilizar su cuenta o ID de usuario para o en relaci\u00f3n con la suplantaci\u00f3n de la identidad de ninguna persona.<\/p>\n\n<p>6.3 Debe mantener la confidencialidad de su contrase\u00f1a.<\/p>\n\n<p>6.4 Debe notificarnos por escrito inmediatamente si tiene conocimiento de cualquier divulgaci\u00f3n de su contrase\u00f1a.<\/p>\n\n<p>6.5 Usted es responsable de cualquier actividad en nuestro sitio web que se derive de un incumplimiento de la obligaci\u00f3n de mantener la confidencialidad de su contrase\u00f1a, y podr\u00e1 ser considerado responsable de cualquier p\u00e9rdida derivada de dicho incumplimiento.<\/p>\n\n<p><strong>7. Nuestros derechos a utilizar sus contenidos<\/strong><\/p>\n\n<p>7.1 En estos t\u00e9rminos y condiciones, \u00absu contenido\u00bb significa todos los trabajos y materiales (incluyendo, sin limitaci\u00f3n, texto, gr\u00e1ficos, im\u00e1genes, material de audio, material de v\u00eddeo, material audiovisual, guiones, software y archivos) que nos env\u00ede a nosotros o a nuestro sitio web para su almacenamiento o publicaci\u00f3n, procesamiento o transmisi\u00f3n a trav\u00e9s de nuestro sitio web.<\/p>\n\n<p>7.2 Usted nos concede una licencia mundial, irrevocable, no exclusiva y libre de regal\u00edas para utilizar, reproducir, almacenar, adaptar, publicar, traducir y distribuir su contenido en cualquier medio existente o futuro.<\/p>\n\n<p>7.3 Usted nos concede el derecho de sublicenciar los derechos licenciados bajo la Secci\u00f3n 7.2.<\/p>\n\n<p>7.4 Usted nos concede el derecho a interponer una demanda por infracci\u00f3n de los derechos concedidos en virtud del apartado 7.2.<\/p>\n\n<p>7.5 Por la presente renuncia a todos sus derechos morales sobre su contenido en la m\u00e1xima medida permitida por la legislaci\u00f3n aplicable; y garantiza y declara que se ha renunciado a todos los dem\u00e1s derechos morales sobre su contenido en la m\u00e1xima medida permitida por la legislaci\u00f3n aplicable.<\/p>\n\n<p>7.6 Puede editar su contenido en la medida permitida utilizando la funcionalidad de edici\u00f3n disponible en nuestro sitio web.<\/p>\n\n<p>7.7 Sin perjuicio de los dem\u00e1s derechos que nos asisten en virtud de las presentes condiciones, si usted incumple alguna de las disposiciones de las presentes condiciones de alg\u00fan modo, o si sospechamos razonablemente que usted ha incumplido de alg\u00fan modo las presentes condiciones, podremos eliminar, despublicar o editar la totalidad o parte de su contenido.<\/p>\n\n<p><strong>8. Normas sobre su contenido<\/strong><\/p>\n\n<p>8.1 Usted garantiza y declara que su contenido cumplir\u00e1 con estos t\u00e9rminos y condiciones.<\/p>\n\n<p>8.2 Su contenido no debe ser ilegal o il\u00edcito, no debe infringir los derechos legales de ninguna persona, y no debe ser capaz de dar lugar a acciones legales contra ninguna persona (en cada caso en cualquier jurisdicci\u00f3n y bajo cualquier ley aplicable).<\/p>\n\n<p>8.3 Su contenido, y el uso de su contenido por nosotros de acuerdo con estos t\u00e9rminos y condiciones, no debe:<\/p>\n\n<p>(a) ser difamatorio o maliciosamente falso;<\/p>\n\n<p>(b) ser obsceno o indecente;<\/p>\n\n<p>(c) infrinja cualquier derecho de autor, derecho moral, derecho de base de datos, derecho de marca, derecho de dise\u00f1o, derecho de usurpaci\u00f3n u otro derecho de propiedad intelectual;<\/p>\n\n<p>(d) infringir cualquier derecho de confianza, derecho a la intimidad o derecho en virtud de la legislaci\u00f3n sobre protecci\u00f3n de datos;<\/p>\n\n<p>(e) constituir asesoramiento negligente o contener cualquier declaraci\u00f3n negligente;<\/p>\n\n<p>(f) constituir una incitaci\u00f3n a la comisi\u00f3n de un delito, instrucciones para la comisi\u00f3n de un delito o la promoci\u00f3n de una actividad delictiva;<\/p>\n\n<p>(g) desacatar a un tribunal o incumplir una orden judicial;<\/p>\n\n<p>(h) infringir la legislaci\u00f3n sobre odio racial o religioso o sobre discriminaci\u00f3n;<\/p>\n\n<p>(i) ser blasfemo;<\/p>\n\n<p>(j) infringir la legislaci\u00f3n sobre secretos oficiales;<\/p>\n\n<p>(k) incumplir cualquier obligaci\u00f3n contractual contra\u00edda con cualquier persona;<\/p>\n\n<p>(l) representar la violencia de forma expl\u00edcita, gr\u00e1fica o gratuita;<\/p>\n\n<p>(m) ser pornogr\u00e1fico, lascivo, sugerente o sexualmente expl\u00edcito;<\/p>\n\n<p>(n) sea falsa, inexacta o enga\u00f1osa;<\/p>\n\n<p>(o) consistan o contengan instrucciones, consejos u otra informaci\u00f3n que pueda ser puesta en pr\u00e1ctica y que, de serlo, podr\u00eda causar enfermedades, lesiones o la muerte, o cualquier otra p\u00e9rdida o da\u00f1o;<\/p>\n\n<p>(p) constituir spam;<\/p>\n\n<p>(q) ser ofensivo, enga\u00f1oso, fraudulento, amenazador, abusivo, acosador, antisocial, amenazador, odioso, discriminatorio o incendiario; o<\/p>\n\n<p>(r) causar molestias, inconvenientes o ansiedad innecesaria a cualquier persona.<\/p>\n\n<p><strong>9. Garant\u00edas limitadas<\/strong><\/p>\n\n<p>9.1 No garantizamos ni representamos:<\/p>\n\n<p>(a) la integridad o exactitud de la informaci\u00f3n publicada en nuestro sitio web;<\/p>\n\n<p>(b) que el material del sitio web est\u00e9 actualizado;<\/p>\n\n<p>(c) que el sitio web funcionar\u00e1 sin fallos; o<\/p>\n\n<p>(d) que el sitio web o cualquier servicio del sitio web seguir\u00e1n estando disponibles.<\/p>\n\n<p>9.2 Nos reservamos el derecho de interrumpir o alterar cualquiera o todos los servicios de nuestro sitio web, y de dejar de publicar nuestro sitio web, en cualquier momento a nuestra entera discreci\u00f3n sin previo aviso ni explicaci\u00f3n; y salvo en la medida en que se disponga expresamente lo contrario en estos t\u00e9rminos y condiciones, usted no tendr\u00e1 derecho a ninguna compensaci\u00f3n u otro pago en caso de interrupci\u00f3n o alteraci\u00f3n de cualquiera de los servicios del sitio web, o si dejamos de publicar el sitio web.<\/p>\n\n<p>9.3 En la medida m\u00e1xima permitida por la ley aplicable y sujeto a la Secci\u00f3n 10.1, excluimos todas las representaciones y garant\u00edas relacionadas con el objeto de estos t\u00e9rminos y condiciones, nuestro sitio web y el uso de nuestro sitio web.<\/p>\n\n<p><strong>10. Limitaciones y exclusiones de responsabilidad<\/strong><\/p>\n\n<p>10.1 Nada de lo dispuesto en las presentes condiciones:<\/p>\n\n<p>(a) limitar o excluir cualquier responsabilidad por muerte o da\u00f1os personales resultantes de negligencia;<\/p>\n\n<p>(b) limitar o excluir cualquier responsabilidad por fraude o tergiversaci\u00f3n fraudulenta;<\/p>\n\n<p>(c) limitar cualquier responsabilidad de cualquier forma que no est\u00e9 permitida por la legislaci\u00f3n aplicable; o<\/p>\n\n<p>(d) excluir cualquier responsabilidad que no pueda excluirse en virtud de la legislaci\u00f3n aplicable.<\/p>\n\n<p>10.2 Las limitaciones y exclusiones de responsabilidad establecidas en esta secci\u00f3n 10 y en otras partes de estas condiciones:<\/p>\n\n<p>(a) est\u00e1n sujetos a la Secci\u00f3n 10.1; y<\/p>\n\n<p>(b) regir\u00e1n todas las responsabilidades derivadas de las presentes condiciones o relacionadas con el objeto de las mismas, incluidas las responsabilidades contractuales, extracontractuales (incluida la negligencia) y por incumplimiento de obligaciones legales, salvo en la medida en que se disponga expresamente lo contrario en las presentes condiciones.<\/p>\n\n<p>10.3 En la medida en que nuestro sitio web y la informaci\u00f3n y los servicios de nuestro sitio web se proporcionan de forma gratuita, no seremos responsables de ninguna p\u00e9rdida o da\u00f1o de cualquier naturaleza.<\/p>\n\n<p>10.4 No seremos responsables ante usted de ninguna p\u00e9rdida derivada de cualquier suceso o sucesos que escapen a nuestro control razonable.<\/p>\n\n<p>10.5 No seremos responsables ante usted por ninguna p\u00e9rdida comercial, incluyendo (sin limitaci\u00f3n) la p\u00e9rdida o da\u00f1o de beneficios, ingresos, rentas, uso, producci\u00f3n, ahorros previstos, negocios, contratos, oportunidades comerciales o fondo de comercio.<\/p>\n\n<p>10.6 No seremos responsables ante usted con respecto a cualquier p\u00e9rdida o corrupci\u00f3n de cualquier dato, base de datos o software.<\/p>\n\n<p>10.7 No seremos responsables ante usted de ninguna p\u00e9rdida o da\u00f1o especial, indirecto o consecuente.<\/p>\n\n<p>10.8 Usted acepta que tenemos inter\u00e9s en limitar la responsabilidad personal de nuestros directivos y empleados y, teniendo en cuenta ese inter\u00e9s, usted reconoce que somos una entidad de responsabilidad limitada; usted acepta que no presentar\u00e1 ninguna reclamaci\u00f3n personal contra nuestros directivos o empleados con respecto a cualquier p\u00e9rdida que sufra en relaci\u00f3n con el sitio web o estos t\u00e9rminos y condiciones (esto, por supuesto, no limitar\u00e1 ni excluir\u00e1 la responsabilidad de la propia entidad de responsabilidad limitada por los actos y omisiones de nuestros directivos y empleados).<\/p>\n\n<p><strong>11. Incumplimiento de las presentes condiciones<\/strong><\/p>\n\n<p>11.1 Sin perjuicio de los dem\u00e1s derechos que nos asisten en virtud de las presentes condiciones, si incumple de alg\u00fan modo las presentes condiciones, o si sospechamos razonablemente que ha incumplido de alg\u00fan modo las presentes condiciones, podremos:<\/p>\n\n<p>(a) enviarle una o varias advertencias formales;<\/p>\n\n<p>(b) suspender temporalmente su acceso a nuestro sitio web;<\/p>\n\n<p>(c) prohibirle permanentemente el acceso a nuestro sitio web;<\/p>\n\n<p>(d) bloquear el acceso a nuestro sitio web de ordenadores que utilicen su direcci\u00f3n IP;<\/p>\n\n<p>(e) emprender acciones legales contra usted, ya sea por incumplimiento de contrato o de otro tipo; y\/o<\/p>\n\n<p>(f) suspender o eliminar su cuenta en nuestro sitio web.<\/p>\n\n<p>11.2 En caso de que suspendamos, prohibamos o bloqueemos su acceso a nuestro sitio web o a una parte del mismo, no deber\u00e1 tomar ninguna medida para eludir dicha suspensi\u00f3n, prohibici\u00f3n o bloqueo (incluyendo, sin limitaci\u00f3n, la creaci\u00f3n y\/o utilizaci\u00f3n de una cuenta diferente).<\/p>\n\n<p><strong>12. Variaci\u00f3n<\/strong><\/p>\n\n<p>12.1 Podemos revisar estos t\u00e9rminos y condiciones de vez en cuando.<\/p>\n\n<p>12.2 Los t\u00e9rminos y condiciones revisados se aplicar\u00e1n al uso de nuestro sitio web a partir de la fecha de publicaci\u00f3n de los t\u00e9rminos y condiciones revisados en el sitio web, y por la presente usted renuncia a cualquier derecho que pueda tener a ser notificado o a dar su consentimiento a las revisiones de estos t\u00e9rminos y condiciones.<\/p>\n\n<p>12.3 Si usted ha dado su acuerdo expreso a estos t\u00e9rminos y condiciones, le pediremos su acuerdo expreso a cualquier revisi\u00f3n de estos t\u00e9rminos y condiciones; y si usted no da su acuerdo expreso a los t\u00e9rminos y condiciones revisados dentro del plazo que podamos especificar, desactivaremos o eliminaremos su cuenta en el sitio web, y usted debe dejar de usar el sitio web.<\/p>\n\n<p><strong>13. Asignaci\u00f3n<\/strong><\/p>\n\n<p>13.1 Por la presente, usted acepta que podamos ceder, transferir, subcontratar o negociar de cualquier otro modo nuestros derechos y\/u obligaciones en virtud de estos t\u00e9rminos y condiciones.<\/p>\n\n<p>13.2 Usted no podr\u00e1, sin nuestro consentimiento previo por escrito, ceder, transferir, subcontratar o negociar de cualquier otro modo ninguno de sus derechos y\/u obligaciones en virtud de los presentes t\u00e9rminos y condiciones.<\/p>\n\n<p><strong>14. Divisibilidad<\/strong><\/p>\n\n<p>14.1 Si un tribunal u otra autoridad competente determina que una disposici\u00f3n de estos t\u00e9rminos y condiciones es ilegal y\/o inaplicable, las dem\u00e1s disposiciones seguir\u00e1n en vigor.<\/p>\n\n<p>14.2 Si alguna disposici\u00f3n ilegal y\/o inaplicable de estos t\u00e9rminos y condiciones fuera legal o aplicable si se eliminara parte de ella, dicha parte se considerar\u00e1 eliminada, y el resto de la disposici\u00f3n continuar\u00e1 en vigor.<\/p>\n\n<p><strong>15. Derechos de terceros<\/strong><\/p>\n\n<p>15.1 Un contrato bajo estos t\u00e9rminos y condiciones es para nuestro beneficio y su beneficio, y no est\u00e1 destinado a beneficiar o ser exigible por terceros.<\/p>\n\n<p>15.2 El ejercicio de los derechos de las partes en virtud de un contrato con arreglo a las presentes condiciones no est\u00e1 sujeto al consentimiento de terceros.<\/p>\n\n<p><strong>16. Acuerdo completo<\/strong><\/p>\n\n<p>16.1 Sujeto a la Secci\u00f3n 10.1, estos t\u00e9rminos y condiciones, junto con nuestra pol\u00edtica de privacidad y cookies, constituir\u00e1n el acuerdo completo entre usted y nosotros en relaci\u00f3n con su uso de nuestro sitio web y sustituir\u00e1n todos los acuerdos anteriores entre usted y nosotros en relaci\u00f3n con su uso de nuestro sitio web.<\/p>\n\n<p><strong>17. Derecho y jurisdicci\u00f3n<\/strong><\/p>\n\n<p>17.1 Estas condiciones se regir\u00e1n e interpretar\u00e1n de conformidad con la legislaci\u00f3n inglesa.<\/p>\n\n<p>17.2 Cualquier disputa relacionada con estos t\u00e9rminos y condiciones estar\u00e1 sujeta a la jurisdicci\u00f3n exclusiva de los tribunales de Inglaterra.<\/p>\n\n<p><strong>18. Informaci\u00f3n estatutaria y reglamentaria<\/strong><\/p>\n\n<p>18.1 Nuestro n\u00famero de IVA es GB410680234.<\/p>\n\n<p><strong>19. Nuestros datos<\/strong><\/p>\n\n<p>19.1 Este sitio web es propiedad y est\u00e1 gestionado por Maxicandi Ltd.<\/p>\n\n<p>19.2 Estamos registrados en Inglaterra y Gales con el n\u00famero de registro 10902855, y nuestro domicilio social se encuentra en 85 Great Portland Street, First Floor, Londres, Inglaterra, W1W 7LT.<\/p>\n\n<p>19.3 Puede ponerse en contacto con nosotros:<\/p>\n\n<p>(a) utilizando el formulario de contacto de nuestro sitio web; o<\/p>\n\n<p>(b) por correo electr\u00f3nico, utilizando la direcci\u00f3n de correo electr\u00f3nico publicada en nuestro sitio web.<\/p>\n\n<div style=\"height:100px\" aria-hidden=\"true\" class=\"wp-block-spacer\"><\/div>\n","protected":false},"excerpt":{"rendered":"<p>1. Introducci\u00f3n 1.1 Las presentes condiciones generales regulan el uso de nuestro sitio web. 1.2 Al utilizar nuestro sitio web, usted acepta estos t\u00e9rminos y condiciones en su totalidad; en consecuencia, si no est\u00e1 de acuerdo con estos t\u00e9rminos y condiciones o con alguna parte de los mismos, no debe utilizar nuestro sitio web. 1.3 [&hellip;]<\/p>\n","protected":false},"author":1,"featured_media":0,"parent":0,"menu_order":0,"comment_status":"closed","ping_status":"closed","template":"","meta":{"slim_seo":{"title":"Condiciones de uso del sitio web - maxc.io","description":"1. Introducci\u00f3n 1.1 Las presentes condiciones generales regulan el uso de nuestro sitio web. 1.2 Al utilizar nuestro sitio web, usted acepta estos t\u00e9rminos y co"},"footnotes":""},"class_list":["post-4370","page","type-page","status-publish","hentry"],"pp_statuses_selecting_workflow":false,"pp_workflow_action":"current","pp_status_selection":"publish","_links":{"self":[{"href":"https:\/\/maxc.io\/es\/wp-json\/wp\/v2\/pages\/4370","targetHints":{"allow":["GET"]}}],"collection":[{"href":"https:\/\/maxc.io\/es\/wp-json\/wp\/v2\/pages"}],"about":[{"href":"https:\/\/maxc.io\/es\/wp-json\/wp\/v2\/types\/page"}],"author":[{"embeddable":true,"href":"https:\/\/maxc.io\/es\/wp-json\/wp\/v2\/users\/1"}],"replies":[{"embeddable":true,"href":"https:\/\/maxc.io\/es\/wp-json\/wp\/v2\/comments?post=4370"}],"version-history":[{"count":4,"href":"https:\/\/maxc.io\/es\/wp-json\/wp\/v2\/pages\/4370\/revisions"}],"predecessor-version":[{"id":6994,"href":"https:\/\/maxc.io\/es\/wp-json\/wp\/v2\/pages\/4370\/revisions\/6994"}],"wp:attachment":[{"href":"https:\/\/maxc.io\/es\/wp-json\/wp\/v2\/media?parent=4370"}],"curies":[{"name":"wp","href":"https:\/\/api.w.org\/{rel}","templated":true}]}}