{"id":4077,"date":"2023-07-13T15:20:09","date_gmt":"2023-07-13T14:20:09","guid":{"rendered":"https:\/\/maxc.io\/product\/eliminacion-de-malware-de-wordpress\/"},"modified":"2025-03-20T12:01:00","modified_gmt":"2025-03-20T12:01:00","slug":"wordpress-malware-removal","status":"publish","type":"product","link":"https:\/\/maxc.io\/es\/producto\/wordpress-malware-removal\/","title":{"rendered":"Eliminaci\u00f3n de malware"},"content":{"rendered":"\n<ul class=\"wp-block-list\">\n<li>Escanea<\/li>\n\n\n\n<li>Limpia<\/li>\n\n\n\n<li>Asegura<\/li>\n<\/ul>\n\n<p><\/p>\n","protected":false},"excerpt":{"rendered":"<p>Tasa \u00fanica de recuperaci\u00f3n<\/p>\n","protected":false},"featured_media":6526,"template":"","meta":{"slim_seo":{"title":"Eliminaci\u00f3n de malware - maxc.io","description":"Tasa \u00fanica de recuperaci\u00f3n"}},"product_cat":[307,112],"product_tag":[110],"class_list":{"0":"post-4077","1":"product","2":"type-product","3":"status-publish","4":"has-post-thumbnail","6":"product_cat-paginas-web","7":"product_cat-servicios","8":"product_tag-paginas-web","10":"first","11":"instock","12":"virtual","13":"sold-individually","14":"taxable","15":"purchasable","16":"product-type-simple"},"pp_statuses_selecting_workflow":false,"pp_workflow_action":"current","pp_status_selection":"publish","_links":{"self":[{"href":"https:\/\/maxc.io\/es\/wp-json\/wp\/v2\/product\/4077","targetHints":{"allow":["GET"]}}],"collection":[{"href":"https:\/\/maxc.io\/es\/wp-json\/wp\/v2\/product"}],"about":[{"href":"https:\/\/maxc.io\/es\/wp-json\/wp\/v2\/types\/product"}],"wp:featuredmedia":[{"embeddable":true,"href":"https:\/\/maxc.io\/es\/wp-json\/wp\/v2\/media\/6526"}],"wp:attachment":[{"href":"https:\/\/maxc.io\/es\/wp-json\/wp\/v2\/media?parent=4077"}],"wp:term":[{"taxonomy":"product_cat","embeddable":true,"href":"https:\/\/maxc.io\/es\/wp-json\/wp\/v2\/product_cat?post=4077"},{"taxonomy":"product_tag","embeddable":true,"href":"https:\/\/maxc.io\/es\/wp-json\/wp\/v2\/product_tag?post=4077"}],"curies":[{"name":"wp","href":"https:\/\/api.w.org\/{rel}","templated":true}]}}