{"id":4189,"date":"2023-04-02T14:27:12","date_gmt":"2023-04-02T13:27:12","guid":{"rendered":"https:\/\/maxc.io\/product\/wordpress-multilingue\/"},"modified":"2025-03-20T12:00:08","modified_gmt":"2025-03-20T12:00:08","slug":"multilingue-para-wordpress-sitio-web-wpml","status":"publish","type":"product","link":"https:\/\/maxc.io\/es\/producto\/multilingue-para-wordpress-sitio-web-wpml\/","title":{"rendered":"Multiling\u00fce para WordPress &#8211; WPML"},"content":{"rendered":"\n<ul class=\"wp-block-list\">\n<li>Plugin <a href=\"https:\/\/wpml.org\/\">WPML<\/a> para WordPress<\/li>\n\n\n\n<li>Configurado seg\u00fan sus necesidades<\/li>\n\n\n\n<li>Portal de asistencia para el usuario administrador<\/li>\n\n\n\n<li>Mantenidos y siempre actualizados<\/li>\n<\/ul>\n","protected":false},"excerpt":{"rendered":"<p><a href=\"https:\/\/wpml.org\/\">WPML<\/a> inc. 30.000 cr\u00e9ditos de traducci\u00f3n<\/p>\n","protected":false},"featured_media":6478,"template":"","meta":{"slim_seo":{"title":"Multiling\u00fce para WordPress - WPML - maxc.io","description":"WPML inc. 30.000 cr\u00e9ditos de traducci\u00f3n"}},"product_cat":[109,301],"product_tag":[187,110],"class_list":{"0":"post-4189","1":"product","2":"type-product","3":"status-publish","4":"has-post-thumbnail","6":"product_cat-extensiones","7":"product_cat-multilingue-multidivisa","8":"product_tag-multilingue-multidivisa","9":"product_tag-paginas-web","11":"first","12":"instock","13":"virtual","14":"sold-individually","15":"taxable","16":"purchasable","17":"product-type-simple"},"pp_statuses_selecting_workflow":false,"pp_workflow_action":"current","pp_status_selection":"publish","_links":{"self":[{"href":"https:\/\/maxc.io\/es\/wp-json\/wp\/v2\/product\/4189","targetHints":{"allow":["GET"]}}],"collection":[{"href":"https:\/\/maxc.io\/es\/wp-json\/wp\/v2\/product"}],"about":[{"href":"https:\/\/maxc.io\/es\/wp-json\/wp\/v2\/types\/product"}],"wp:featuredmedia":[{"embeddable":true,"href":"https:\/\/maxc.io\/es\/wp-json\/wp\/v2\/media\/6478"}],"wp:attachment":[{"href":"https:\/\/maxc.io\/es\/wp-json\/wp\/v2\/media?parent=4189"}],"wp:term":[{"taxonomy":"product_cat","embeddable":true,"href":"https:\/\/maxc.io\/es\/wp-json\/wp\/v2\/product_cat?post=4189"},{"taxonomy":"product_tag","embeddable":true,"href":"https:\/\/maxc.io\/es\/wp-json\/wp\/v2\/product_tag?post=4189"}],"curies":[{"name":"wp","href":"https:\/\/api.w.org\/{rel}","templated":true}]}}