{"id":8279,"date":"2024-07-05T17:47:21","date_gmt":"2024-07-05T16:47:21","guid":{"rendered":"https:\/\/maxc.io\/?post_type=product&#038;p=8279"},"modified":"2026-01-21T12:23:37","modified_gmt":"2026-01-21T12:23:37","slug":"add-on-development-block","status":"publish","type":"product","link":"https:\/\/maxc.io\/es\/producto\/add-on-development-block\/","title":{"rendered":"Complemento: Bloque de desarrollo"},"content":{"rendered":"\n<ul class=\"wp-block-list\">\n<li>8 horas de desarrollo a medida<\/li>\n\n\n\n<li>incluye descubrimiento, especificaci\u00f3n, dise\u00f1o, implementaci\u00f3n, pruebas, lanzamiento<\/li>\n\n\n\n<li>aplicable a todos los servicios suscritos<\/li>\n\n\n\n<li>comprar bloques adicionales seg\u00fan sea necesario<\/li>\n<\/ul>\n","protected":false},"excerpt":{"rendered":"<p>8 horas de desarrollo a medida<\/p>\n","protected":false},"featured_media":6522,"template":"","meta":{"slim_seo":{"title":"Complemento: Bloque de desarrollo - maxc.io","description":"8 horas de desarrollo a medida"}},"product_cat":[138,183],"product_tag":[157,110],"class_list":{"0":"post-8279","1":"product","2":"type-product","3":"status-publish","4":"has-post-thumbnail","6":"product_cat-complementos","7":"product_cat-planes-de-apoyo","8":"product_tag-comercio-electronico","9":"product_tag-paginas-web","11":"first","12":"instock","13":"virtual","14":"taxable","15":"purchasable","16":"product-type-simple"},"pp_statuses_selecting_workflow":false,"pp_workflow_action":"current","pp_status_selection":"publish","_links":{"self":[{"href":"https:\/\/maxc.io\/es\/wp-json\/wp\/v2\/product\/8279","targetHints":{"allow":["GET"]}}],"collection":[{"href":"https:\/\/maxc.io\/es\/wp-json\/wp\/v2\/product"}],"about":[{"href":"https:\/\/maxc.io\/es\/wp-json\/wp\/v2\/types\/product"}],"wp:featuredmedia":[{"embeddable":true,"href":"https:\/\/maxc.io\/es\/wp-json\/wp\/v2\/media\/6522"}],"wp:attachment":[{"href":"https:\/\/maxc.io\/es\/wp-json\/wp\/v2\/media?parent=8279"}],"wp:term":[{"taxonomy":"product_cat","embeddable":true,"href":"https:\/\/maxc.io\/es\/wp-json\/wp\/v2\/product_cat?post=8279"},{"taxonomy":"product_tag","embeddable":true,"href":"https:\/\/maxc.io\/es\/wp-json\/wp\/v2\/product_tag?post=8279"}],"curies":[{"name":"wp","href":"https:\/\/api.w.org\/{rel}","templated":true}]}}