{"id":8772,"date":"2025-03-17T10:22:48","date_gmt":"2025-03-17T10:22:48","guid":{"rendered":"https:\/\/maxc.io\/?post_type=product&#038;p=8772"},"modified":"2025-03-20T12:01:20","modified_gmt":"2025-03-20T12:01:20","slug":"wordpress-website-design-basic","status":"publish","type":"product","link":"https:\/\/maxc.io\/es\/producto\/wordpress-website-design-basic\/","title":{"rendered":"Dise\u00f1o web b\u00e1sico"},"content":{"rendered":"","protected":false},"excerpt":{"rendered":"<p>Tarifa \u00fanica inicial de dise\u00f1o y construcci\u00f3n<\/p>\n","protected":false},"featured_media":6522,"template":"","meta":{"slim_seo":{"title":"Dise\u00f1o web b\u00e1sico - maxc.io","description":"Tarifa \u00fanica inicial de dise\u00f1o y construcci\u00f3n"}},"product_cat":[307,112],"product_tag":[110],"class_list":{"0":"post-8772","1":"product","2":"type-product","3":"status-publish","4":"has-post-thumbnail","6":"product_cat-paginas-web","7":"product_cat-servicios","8":"product_tag-paginas-web","10":"first","11":"instock","12":"virtual","13":"sold-individually","14":"taxable","15":"purchasable","16":"product-type-simple"},"pp_statuses_selecting_workflow":false,"pp_workflow_action":"current","pp_status_selection":"publish","_links":{"self":[{"href":"https:\/\/maxc.io\/es\/wp-json\/wp\/v2\/product\/8772","targetHints":{"allow":["GET"]}}],"collection":[{"href":"https:\/\/maxc.io\/es\/wp-json\/wp\/v2\/product"}],"about":[{"href":"https:\/\/maxc.io\/es\/wp-json\/wp\/v2\/types\/product"}],"wp:featuredmedia":[{"embeddable":true,"href":"https:\/\/maxc.io\/es\/wp-json\/wp\/v2\/media\/6522"}],"wp:attachment":[{"href":"https:\/\/maxc.io\/es\/wp-json\/wp\/v2\/media?parent=8772"}],"wp:term":[{"taxonomy":"product_cat","embeddable":true,"href":"https:\/\/maxc.io\/es\/wp-json\/wp\/v2\/product_cat?post=8772"},{"taxonomy":"product_tag","embeddable":true,"href":"https:\/\/maxc.io\/es\/wp-json\/wp\/v2\/product_tag?post=8772"}],"curies":[{"name":"wp","href":"https:\/\/api.w.org\/{rel}","templated":true}]}}