{"id":4278,"date":"2023-04-20T13:21:08","date_gmt":"2023-04-20T12:21:08","guid":{"rendered":"https:\/\/maxc.io\/domains\/"},"modified":"2025-03-20T12:11:36","modified_gmt":"2025-03-20T12:11:36","slug":"domaines","status":"publish","type":"page","link":"https:\/\/maxc.io\/fr\/services\/domaines\/","title":{"rendered":"Domaines"},"content":{"rendered":"\n<div class=\"wp-block-cover alignwide is-light has-custom-content-position is-position-bottom-center\" style=\"border-radius:10px\"><span aria-hidden=\"true\" class=\"wp-block-cover__background has-background-dim-10 has-background-dim\" style=\"background-color:#a9bcd0\"><\/span><img decoding=\"async\" width=\"550\" height=\"367\" src=\"https:\/\/maxc.io\/wp-content\/uploads\/2023\/08\/domains-3x2-1.png\" class=\"wp-block-cover__image-background wp-post-image\" alt=\"Domains 3x2\" data-object-fit=\"cover\" srcset=\"https:\/\/maxc.io\/wp-content\/uploads\/2023\/08\/domains-3x2-1.png 550w, https:\/\/maxc.io\/wp-content\/uploads\/2023\/08\/domains-3x2-1-300x200.png 300w, https:\/\/maxc.io\/wp-content\/uploads\/2023\/08\/domains-3x2-1-500x334.png 500w\" sizes=\"(max-width: 550px) 100vw, 550px\" \/><div class=\"wp-block-cover__inner-container is-layout-flow wp-block-cover-is-layout-flow\">\n<p class=\"has-text-align-center has-background-color has-text-color has-large-font-size\"><\/p>\n<\/div><\/div>\n\n<div class=\"wp-block-columns alignwide is-layout-flex wp-container-core-columns-is-layout-28f84493 wp-block-columns-is-layout-flex\">\n<div class=\"wp-block-column is-vertically-aligned-center is-layout-flow wp-block-column-is-layout-flow\" style=\"flex-basis:66.66%\">\n<blockquote class=\"wp-block-quote is-layout-flow wp-block-quote-is-layout-flow\">\n<p class=\"has-text-align-left\">Une gestion comp\u00e9tente des domaines pour s\u00e9curiser et promouvoir votre marque.<\/p>\n\n\n\n<p>Nous g\u00e9rons et maintenons en votre nom vos propres domaines et enregistrements DNS. Vous conservez l&rsquo;int\u00e9gralit\u00e9 du contr\u00f4le et de la propri\u00e9t\u00e9.<\/p>\n<\/blockquote>\n<\/div>\n\n\n\n<div class=\"wp-block-column is-vertically-aligned-center is-layout-flow wp-block-column-is-layout-flow\" style=\"flex-basis:33.33%\">\n<div class=\"wp-block-buttons is-content-justification-center is-layout-flex wp-container-core-buttons-is-layout-a89b3969 wp-block-buttons-is-layout-flex\">\n<div class=\"wp-block-button\"><a class=\"wp-block-button__link wp-element-button\" href=\"#pricing\">nos prix<\/a><\/div>\n\n\n\n<div class=\"wp-block-button\"><a class=\"wp-block-button__link wp-element-button\" href=\"#contact\">nous contacter<\/a><\/div>\n<\/div>\n<\/div>\n<\/div>\n\n<p><strong>maxc.io <\/strong>offre une gamme de services comprenant des conseils d&rsquo;experts impartiaux, une assistance technique pour vos enregistrements de domaines autog\u00e9r\u00e9s ou une assistance enti\u00e8rement g\u00e9r\u00e9e pour vos besoins sp\u00e9cifiques en mati\u00e8re de domaines et de DNS.<\/p>\n<div id=\"wp24-dc-1\" class=\"wp24-dc\"><\/div>\n\n<h2 class=\"wp-block-heading\" id=\"pricing\">Tarification<\/h2>\n\n<div class=\"woocommerce\"><\/div><table id=\"wcpt_af2c9ae5afc0cad5_1\" class=\"wc-product-table woocommerce multicart-enabled\" width=\"100%\" data-config=\"{&quot;pageLength&quot;:25,&quot;pagingType&quot;:&quot;numbers&quot;,&quot;serverSide&quot;:false,&quot;autoWidth&quot;:true,&quot;clickFilter&quot;:&quot;false&quot;,&quot;scrollOffset&quot;:0,&quot;resetButton&quot;:false,&quot;multiAddToCart&quot;:true,&quot;multiCartLocation&quot;:&quot;bottom&quot;,&quot;variations&quot;:&quot;dropdown&quot;,&quot;ajaxCart&quot;:false,&quot;numOrder&quot;:false,&quot;stickyHeader&quot;:false,&quot;lengthMenu&quot;:[[10,25,50,100,-1],[10,25,50,100,&quot;Tous&quot;]],&quot;columnDefs&quot;:[{&quot;className&quot;:&quot;col-image&quot;,&quot;targets&quot;:0,&quot;type&quot;:&quot;html&quot;},{&quot;className&quot;:&quot;col-name&quot;,&quot;targets&quot;:1,&quot;type&quot;:&quot;html&quot;},{&quot;className&quot;:&quot;col-summary col-short-description&quot;,&quot;targets&quot;:2,&quot;type&quot;:&quot;html&quot;},{&quot;className&quot;:&quot;col-price&quot;,&quot;targets&quot;:3,&quot;type&quot;:&quot;html-num&quot;},{&quot;className&quot;:&quot;col-buy col-add-to-cart&quot;,&quot;targets&quot;:4,&quot;type&quot;:&quot;html&quot;}],&quot;responsive&quot;:{&quot;details&quot;:{&quot;display&quot;:&quot;child_row&quot;}},&quot;search&quot;:{&quot;search&quot;:&quot;&quot;},&quot;dom&quot;:&quot;&lt;\\&quot;wc-product-table-wrapper twentytwentytwo wpt-styling-custom\\&quot;&lt;\\&quot;wc-product-table-controls wc-product-table-above\\&quot;&gt;t&lt;\\&quot;wc-product-table-controls wc-product-table-below\\&quot;&gt;&gt;&quot;}\" data-filters=\"false\" data-order=\"[]\"><thead><tr><th class=\"all\" data-name=\"image\" data-orderable=\"false\" data-searchable=\"false\" data-width=\"70px\" data-priority=\"4\">Image<\/th><th data-name=\"name\" data-orderable=\"true\" data-searchable=\"true\" data-priority=\"1\">Nom<\/th><th data-name=\"summary\" data-orderable=\"true\" data-searchable=\"true\" data-priority=\"11\">R\u00e9sum\u00e9<\/th><th data-name=\"price\" data-orderable=\"true\" data-searchable=\"true\" data-priority=\"3\">Prix<\/th><th data-name=\"buy\" data-orderable=\"false\" data-searchable=\"true\" data-priority=\"2\">Acheter<span class=\"wpt-bulk-select-wrap\"><label class=\"wpt-bulk-select-label\">S\u00e9lectionner tout<\/label><input type=\"checkbox\" class=\"wpt-bulk-select\"\/><span class=\"wpt-multi-checkbox\"><\/span><\/span><\/th><\/tr><\/thead><tbody><tr id=\"product-row-4087\" class=\"product product-row product-4087 instock product-type-simple purchasable\"><td><div data-thumb=\"https:\/\/maxc.io\/wp-content\/uploads\/2023\/06\/090-web-hosting-300-100x100.png\" class=\"product-thumbnail-wrapper woocommerce-product-gallery__image\"><a href=\"https:\/\/maxc.io\/wp-content\/uploads\/2023\/06\/090-web-hosting-300.png\"><img decoding=\"async\" width=\"70\" height=\"70\" src=\"https:\/\/maxc.io\/wp-content\/uploads\/2023\/06\/090-web-hosting-300-100x100.png\" class=\"product-thumbnail product-table-image\" alt=\"Renouvellement de domaine\" title=\"090-web-hosting-300\" data-caption=\"Renouvellement de domaine\" data-src=\"https:\/\/maxc.io\/wp-content\/uploads\/2023\/06\/090-web-hosting-300.png\" data-large_image=\"https:\/\/maxc.io\/wp-content\/uploads\/2023\/06\/090-web-hosting-300.png\" data-large_image_width=\"300\" data-large_image_height=\"300\" \/><\/a><\/div><\/td><td><a href=\"https:\/\/maxc.io\/fr\/produit\/renouvellement-de-domaine\/\" class=\"single-product-link\" data-product_id=\"4087\">Renouvellement de domaine<\/a><\/td><td><\/td><td data-sort=\"0.00\"><span class=\"woocommerce-Price-amount amount\"><bdi><span class=\"woocommerce-Price-currencySymbol\">&euro;<\/span>0,00<\/bdi><\/span> <small class=\"woocommerce-price-suffix\">exc. VAT<\/small><\/td><td><div class=\"add-to-cart-wrapper multi-cart no-cart-button with-quantity\">   <form class=\"cart\" action=\"\" method=\"post\" enctype='multipart\/form-data'> <div class=\"add-to-cart-button\"> <div class=\"quantity\"> <label class=\"screen-reader-text\" for=\"quantity_69dae4f7640df\">quantit\u00e9 de Renouvellement de domaine<\/label> <input type=\"number\" id=\"quantity_69dae4f7640df\" class=\"input-text qty text\" name=\"quantity\" value=\"1\" aria-label=\"Quantit\u00e9 de produits\" min=\"1\" step=\"1\" placeholder=\"\" inputmode=\"numeric\" autocomplete=\"off\" \/> <\/div> <button type=\"submit\" name=\"add-to-cart\" value=\"4087\" class=\"single_add_to_cart_button button alt wp-element-button\">Ajouter au panier<\/button> <\/div> <\/form>  <div class=\"multi-cart-check\"> <input type=\"hidden\" name=\"wpt_product_price\" value=\"0\" form=\"multi-cart\"\/> <input type=\"checkbox\" name=\"product_ids[]\" value=\"4087\" form=\"multi-cart\"\/> <span class=\"wpt-multi-checkbox\"><\/span> <input type=\"hidden\" name=\"cart_data[p4087][quantity]\" data-input-name=\"quantity\" value=\"1\" form=\"multi-cart\" \/> <\/div> <\/div><\/td><\/tr><tr id=\"product-row-4146\" class=\"product product-row product-4146 instock virtual product-type-simple purchasable\"><td><div data-thumb=\"https:\/\/maxc.io\/wp-content\/uploads\/2023\/06\/090-web-hosting-300-100x100.png\" class=\"product-thumbnail-wrapper woocommerce-product-gallery__image\"><a href=\"https:\/\/maxc.io\/wp-content\/uploads\/2023\/06\/090-web-hosting-300.png\"><img decoding=\"async\" width=\"70\" height=\"70\" src=\"https:\/\/maxc.io\/wp-content\/uploads\/2023\/06\/090-web-hosting-300-100x100.png\" class=\"product-thumbnail product-table-image\" alt=\"Redirection de domaine\" title=\"090-web-hosting-300\" data-caption=\"Redirection de domaine\" data-src=\"https:\/\/maxc.io\/wp-content\/uploads\/2023\/06\/090-web-hosting-300.png\" data-large_image=\"https:\/\/maxc.io\/wp-content\/uploads\/2023\/06\/090-web-hosting-300.png\" data-large_image_width=\"300\" data-large_image_height=\"300\" \/><\/a><\/div><\/td><td><a href=\"https:\/\/maxc.io\/fr\/produit\/domain-redirect\/\" class=\"single-product-link\" data-product_id=\"4146\">Redirection de domaine<\/a><\/td><td><p>Service de redirection de domaine bas\u00e9 sur HTTP<\/p>\n<\/td><td data-sort=\"0.00\"> <span class=\"woocommerce-Price-amount amount\"><span class=\"woocommerce-Price-currencySymbol\"><\/span><span class=\"woocommerce-Price-amount amount\"><bdi><span class=\"woocommerce-Price-currencySymbol\">&euro;<\/span>0,00<\/bdi><\/span><\/span> \/ month <\/td><td><div class=\"add-to-cart-wrapper multi-cart no-cart-button with-quantity\">   <form class=\"cart\" action=\"\" method=\"post\" enctype='multipart\/form-data'> <div class=\"add-to-cart-button\"> <div class=\"quantity\"> <label class=\"screen-reader-text\" for=\"quantity_69dae4f765d3c\">quantit\u00e9 de Redirection de domaine<\/label> <input type=\"number\" id=\"quantity_69dae4f765d3c\" class=\"input-text qty text\" name=\"quantity\" value=\"1\" aria-label=\"Quantit\u00e9 de produits\" min=\"1\" step=\"1\" placeholder=\"\" inputmode=\"numeric\" autocomplete=\"off\" \/> <\/div> <button type=\"submit\" name=\"add-to-cart\" value=\"4146\" class=\"single_add_to_cart_button button alt wp-element-button\">Subscribe<\/button> <\/div> <\/form>  <div class=\"multi-cart-check\"> <input type=\"hidden\" name=\"wpt_product_price\" value=\"0\" form=\"multi-cart\"\/> <input type=\"checkbox\" name=\"product_ids[]\" value=\"4146\" form=\"multi-cart\"\/> <span class=\"wpt-multi-checkbox\"><\/span> <input type=\"hidden\" name=\"cart_data[p4146][quantity]\" data-input-name=\"quantity\" value=\"1\" form=\"multi-cart\" \/> <\/div> <\/div><\/td><\/tr><\/tbody><\/table>\n\n<h2 class=\"wp-block-heading\">FAQ<\/h2>\n\n<div class=\"wp-block-gutena-accordion gutena-accordion-block gutena-accordion-block-8cf98a-bd is-layout-flow wp-block-gutena-accordion-is-layout-flow\" data-single=\"true\">\n<div class=\"wp-block-gutena-accordion-panel gutena-accordion-block__panel\">\n<div class=\"wp-block-gutena-accordion-panel-title gutena-accordion-block__panel-title\"><div class=\"gutena-accordion-block__panel-title-inner\">\n<h2 class=\"wp-block-heading has-text-align-left has-large-font-size\" style=\"margin-top:0px;margin-right:0px;margin-bottom:0px;margin-left:0px\">Noms de domaine<\/h2>\n<div class=\"trigger-up-down\"><div class=\"horizontal\"><\/div><div class=\"vertical\"><\/div><\/div><\/div><\/div>\n\n\n\n<div class=\"wp-block-gutena-accordion-panel-content gutena-accordion-block__panel-content\"><div class=\"gutena-accordion-block__panel-content-inner\"><div  class=\"ewd-ufaq-faq-list ewd-ufaq-page-type-distinct ewd-ufaq-category-tabs-\" id='ewd-ufaq-faq-list'>\n\n\t<input type='hidden' name='show_on_load' value='' id='ewd-ufaq-show-on-load' \/>\n<input type='hidden' name='include_category' value='domains' id='ewd-ufaq-include-category' \/>\n<input type='hidden' name='exclude_category' value='' id='ewd-ufaq-exclude-category' \/>\n<input type='hidden' name='orderby' value='modified' id='ewd-ufaq-orderby' \/>\n<input type='hidden' name='order' value='asc' id='ewd-ufaq-order' \/>\n<input type='hidden' name='post_count' value='-1' id='ewd-ufaq-post-count' \/>\n<input type='hidden' name='current_url' value='\/fr\/wp-json\/wp\/v2\/pages\/4278' id='ewd-ufaq-current-url' \/>\n\t\n\t\n\t<div class='ewd-ufaq-faqs'>\n\n\t\t<div id='ewd-ufaq-faq-category-noms-de-domaine' class='ewd-ufaq-faq-category'>\n\t\n\t<div class='ewd-ufaq-faq-category-title '  >\n\t\t\n\t\t<h3 title=\"Click here to open Noms de domaine\">\n\t\t\tNoms de domaine\t\t\t\t\t<\/h3>\n\n\t\t\t\n\t<\/div>\n\t\n\t<div class='ewd-ufaq-faq-category-inner ' >\n<div  class=\"ewd-ufaq-faq-div ewd-ufaq-faq-column-count-one ewd-ufaq-faq-responsive-columns- ewd-ufaq-faq-display-style-default ewd-ufaq-can-be-toggled\" id='ewd-ufaq-post-8779-Dfc7zgHZjp' data-post_id='8779'>\n\n\t\t\n\t<div class='ewd-ufaq-faq-title ewd-ufaq-faq-toggle'>\n\t\n\t<a class='ewd-ufaq-post-margin'  href='#' role=\"button\">\n\n\t\t<div class='ewd-ufaq-post-margin-symbol ewd-ufaq-'>\n\t\t\t<span >a<\/span>\n\t\t<\/div>\n\n\t\t<div class='ewd-ufaq-faq-title-text'>\n\n\t\t\t<h4>\n\t\t\t\tQu&rsquo;est-ce qu&rsquo;un renouvellement de domaine ?\t\t\t<\/h4>\n\n\t\t<\/div>\n\n\t\t<div class='ewd-ufaq-clear'><\/div>\n\n\t<\/a>\n\t\n<\/div>\n\t\n\t<div class='ewd-ufaq-faq-body ewd-ufaq-hidden' >\n\n\t\t\n\t\t\t\n\t\t\n\t\t\t<div class='ewd-ufaq-post-margin ewd-ufaq-faq-post'>\n\t\n<p>Un nom de domaine est enregistr\u00e9 pour une p\u00e9riode fixe de 1 \u00e0 10 ans. Les noms de domaine doivent \u00eatre renouvel\u00e9s \u00e0 intervalles r\u00e9guliers. Les services tels que le courrier \u00e9lectronique et l&rsquo;h\u00e9bergement web sont associ\u00e9s aux noms de domaine, et leur fonctionnement continu d\u00e9pend du renouvellement en temps voulu du nom de domaine.<\/p>\n<\/div>\n\t\t\n\t\t\t\n\t\t\n\t\t\t\n\t\t\n\t\t\t\n\t\t\n\t\t\t\n\t\t\n\t\t\t\n\t\t\n\t\t\t\n\t\t\n\t\t\t\n\t\t\n\t\t\t\n\t\t\n\t<\/div>\n\n<\/div><div  class=\"ewd-ufaq-faq-div ewd-ufaq-faq-column-count-one ewd-ufaq-faq-responsive-columns- ewd-ufaq-faq-display-style-default ewd-ufaq-can-be-toggled\" id='ewd-ufaq-post-8785-ra2i2qsUSz' data-post_id='8785'>\n\n\t\t\n\t<div class='ewd-ufaq-faq-title ewd-ufaq-faq-toggle'>\n\t\n\t<a class='ewd-ufaq-post-margin'  href='#' role=\"button\">\n\n\t\t<div class='ewd-ufaq-post-margin-symbol ewd-ufaq-'>\n\t\t\t<span >a<\/span>\n\t\t<\/div>\n\n\t\t<div class='ewd-ufaq-faq-title-text'>\n\n\t\t\t<h4>\n\t\t\t\tQu&rsquo;est-ce qu&rsquo;un transfert de domaine ?\t\t\t<\/h4>\n\n\t\t<\/div>\n\n\t\t<div class='ewd-ufaq-clear'><\/div>\n\n\t<\/a>\n\t\n<\/div>\n\t\n\t<div class='ewd-ufaq-faq-body ewd-ufaq-hidden' >\n\n\t\t\n\t\t\t\n\t\t\n\t\t\t<div class='ewd-ufaq-post-margin ewd-ufaq-faq-post'>\n\t\n<p>Votre bureau d&rsquo;enregistrement est l&rsquo;entit\u00e9 qui g\u00e8re quotidiennement vos noms de domaine aupr\u00e8s des registres. Vous pouvez \u00e0 tout moment transf\u00e9rer vos noms de domaine d&rsquo;un bureau d&rsquo;enregistrement \u00e0 un autre.<\/p>\n\n<p>Dans la plupart des cas, lorsqu&rsquo;une indemnit\u00e9 de transfert est appliqu\u00e9e, le nom de domaine transf\u00e9r\u00e9 est renouvel\u00e9 pour une ann\u00e9e suppl\u00e9mentaire.<\/p>\n\n<p>Les transferts doivent \u00eatre demand\u00e9s par le d\u00e9tenteur du domaine ou par un repr\u00e9sentant du d\u00e9tenteur. Dans le cas contraire, le processus de transfert ne peut pas \u00eatre lanc\u00e9.<\/p>\n<\/div>\n\t\t\n\t\t\t\n\t\t\n\t\t\t\n\t\t\n\t\t\t\n\t\t\n\t\t\t\n\t\t\n\t\t\t\n\t\t\n\t\t\t\n\t\t\n\t\t\t\n\t\t\n\t\t\t\n\t\t\n\t<\/div>\n\n<\/div><div  class=\"ewd-ufaq-faq-div ewd-ufaq-faq-column-count-one ewd-ufaq-faq-responsive-columns- ewd-ufaq-faq-display-style-default ewd-ufaq-can-be-toggled\" id='ewd-ufaq-post-8784-efF9Vxp8eU' data-post_id='8784'>\n\n\t\t\n\t<div class='ewd-ufaq-faq-title ewd-ufaq-faq-toggle'>\n\t\n\t<a class='ewd-ufaq-post-margin'  href='#' role=\"button\">\n\n\t\t<div class='ewd-ufaq-post-margin-symbol ewd-ufaq-'>\n\t\t\t<span >a<\/span>\n\t\t<\/div>\n\n\t\t<div class='ewd-ufaq-faq-title-text'>\n\n\t\t\t<h4>\n\t\t\t\tQuel est le cycle des domaines ?\t\t\t<\/h4>\n\n\t\t<\/div>\n\n\t\t<div class='ewd-ufaq-clear'><\/div>\n\n\t<\/a>\n\t\n<\/div>\n\t\n\t<div class='ewd-ufaq-faq-body ewd-ufaq-hidden' >\n\n\t\t\n\t\t\t\n\t\t\n\t\t\t<div class='ewd-ufaq-post-margin ewd-ufaq-faq-post'>\n\t\n<p>Voici quelques-unes des \u00e9tapes du cycle de vie d&rsquo;un nom de domaine :<\/p>\n\n<p><strong>P\u00e9riode d&rsquo;enregistrement<\/strong>: 1 \u00e0 10 ans<em>. Le domaine doit \u00eatre renouvel\u00e9 avant sa date d&rsquo;expiration pour que tous les services associ\u00e9s (e-mail, h\u00e9bergement, etc.) restent actifs.<\/em><\/p>\n\n<p><strong>P\u00e9riode de gr\u00e2ce<\/strong>: une fois la date d&rsquo;expiration atteinte, le titulaire peut encore renouveler son domaine au m\u00eame prix pendant 45 jours. <em>Les services (e-mail, h\u00e9bergement, etc.) ne sont plus disponibles.<\/em><\/p>\n\n<p><strong>P\u00e9riode de r\u00e9demption<\/strong>: le titulaire dispose de 30 jours suppl\u00e9mentaires pour conserver son nom de domaine. Il ne s&rsquo;agit plus d&rsquo;un renouvellement mais d&rsquo;une restauration, ce qui est plus co\u00fbteux.  <em>Les services (e-mail, h\u00e9bergement, etc.) sont toujours indisponibles.<\/em><\/p>\n\n<p>Si le titulaire ne renouvelle pas le domaine, celui-ci sera d\u00e9finitivement supprim\u00e9.  <em>Aucune autre action ne peut \u00eatre entreprise pendant 5 jours. Le domaine est ensuite lib\u00e9r\u00e9 et peut \u00eatre enregistr\u00e9 par n&rsquo;importe qui.<\/em><\/p>\n<\/div>\n\t\t\n\t\t\t\n\t\t\n\t\t\t\n\t\t\n\t\t\t\n\t\t\n\t\t\t\n\t\t\n\t\t\t\n\t\t\n\t\t\t\n\t\t\n\t\t\t\n\t\t\n\t\t\t\n\t\t\n\t<\/div>\n\n<\/div><div  class=\"ewd-ufaq-faq-div ewd-ufaq-faq-column-count-one ewd-ufaq-faq-responsive-columns- ewd-ufaq-faq-display-style-default ewd-ufaq-can-be-toggled\" id='ewd-ufaq-post-8788-CLCNlzS1QG' data-post_id='8788'>\n\n\t\t\n\t<div class='ewd-ufaq-faq-title ewd-ufaq-faq-toggle'>\n\t\n\t<a class='ewd-ufaq-post-margin'  href='#' role=\"button\">\n\n\t\t<div class='ewd-ufaq-post-margin-symbol ewd-ufaq-'>\n\t\t\t<span >a<\/span>\n\t\t<\/div>\n\n\t\t<div class='ewd-ufaq-faq-title-text'>\n\n\t\t\t<h4>\n\t\t\t\tEnregistrer un nom de domaine\t\t\t<\/h4>\n\n\t\t<\/div>\n\n\t\t<div class='ewd-ufaq-clear'><\/div>\n\n\t<\/a>\n\t\n<\/div>\n\t\n\t<div class='ewd-ufaq-faq-body ewd-ufaq-hidden' >\n\n\t\t\n\t\t\t\n\t\t\n\t\t\t<div class='ewd-ufaq-post-margin ewd-ufaq-faq-post'>\n\t\n<p>Avant d&rsquo;enregistrer un nom de domaine, vous devez v\u00e9rifier sa disponibilit\u00e9 afin de vous assurer que le nom de domaine que vous souhaitez peut \u00eatre enregistr\u00e9.<\/p>\n<\/div>\n\t\t\n\t\t\t\n\t\t\n\t\t\t\n\t\t\n\t\t\t\n\t\t\n\t\t\t\n\t\t\n\t\t\t\n\t\t\n\t\t\t\n\t\t\n\t\t\t\n\t\t\n\t\t\t\n\t\t\n\t<\/div>\n\n<\/div><\/div>\n\n<\/div>\n\n\t<\/div>\n\n\t\n<\/div><\/div><\/div>\n<\/div>\n<\/div>\n","protected":false},"excerpt":{"rendered":"<p>Une gestion comp\u00e9tente des domaines pour s\u00e9curiser et promouvoir votre marque. Nous g\u00e9rons et maintenons en votre nom vos propres domaines et enregistrements DNS. Vous conservez l&rsquo;int\u00e9gralit\u00e9 du contr\u00f4le et de la propri\u00e9t\u00e9. maxc.io offre une gamme de services comprenant des conseils d&rsquo;experts impartiaux, une assistance technique pour vos enregistrements de domaines autog\u00e9r\u00e9s ou une [&hellip;]<\/p>\n","protected":false},"author":1,"featured_media":5415,"parent":4347,"menu_order":110,"comment_status":"closed","ping_status":"closed","template":"","meta":{"slim_seo":{"title":"Domaines - maxc.io","description":"Une gestion comp\u00e9tente des domaines pour s\u00e9curiser et promouvoir votre marque. Nous g\u00e9rons et maintenons en votre nom vos propres domaines et enregistrements DN"},"footnotes":""},"class_list":["post-4278","page","type-page","status-publish","has-post-thumbnail","hentry"],"pp_statuses_selecting_workflow":false,"pp_workflow_action":"current","pp_status_selection":"publish","_links":{"self":[{"href":"https:\/\/maxc.io\/fr\/wp-json\/wp\/v2\/pages\/4278","targetHints":{"allow":["GET"]}}],"collection":[{"href":"https:\/\/maxc.io\/fr\/wp-json\/wp\/v2\/pages"}],"about":[{"href":"https:\/\/maxc.io\/fr\/wp-json\/wp\/v2\/types\/page"}],"author":[{"embeddable":true,"href":"https:\/\/maxc.io\/fr\/wp-json\/wp\/v2\/users\/1"}],"replies":[{"embeddable":true,"href":"https:\/\/maxc.io\/fr\/wp-json\/wp\/v2\/comments?post=4278"}],"version-history":[{"count":12,"href":"https:\/\/maxc.io\/fr\/wp-json\/wp\/v2\/pages\/4278\/revisions"}],"predecessor-version":[{"id":8843,"href":"https:\/\/maxc.io\/fr\/wp-json\/wp\/v2\/pages\/4278\/revisions\/8843"}],"up":[{"embeddable":true,"href":"https:\/\/maxc.io\/fr\/wp-json\/wp\/v2\/pages\/4347"}],"wp:featuredmedia":[{"embeddable":true,"href":"https:\/\/maxc.io\/fr\/wp-json\/wp\/v2\/media\/5415"}],"wp:attachment":[{"href":"https:\/\/maxc.io\/fr\/wp-json\/wp\/v2\/media?parent=4278"}],"curies":[{"name":"wp","href":"https:\/\/api.w.org\/{rel}","templated":true}]}}