{"id":4299,"date":"2023-04-09T16:03:21","date_gmt":"2023-04-09T15:03:21","guid":{"rendered":"https:\/\/maxc.io\/support-plans\/"},"modified":"2023-10-29T21:19:14","modified_gmt":"2023-10-29T21:19:14","slug":"plans-de-soutien","status":"publish","type":"page","link":"https:\/\/maxc.io\/fr\/plans-de-soutien\/","title":{"rendered":"Plans de soutien"},"content":{"rendered":"\n<p>Des services compl\u00e9mentaires pour r\u00e9pondre \u00e0 vos besoins sp\u00e9cifiques et \u00e0 ceux de vos utilisateurs.<\/p>\n\n<div class=\"alignwide\"><div class=\"woocommerce\"><\/div><table id=\"wcpt_ee0520c874b3ddc4_1\" class=\"wc-product-table woocommerce multicart-enabled\" width=\"100%\" data-config=\"{&quot;pageLength&quot;:25,&quot;pagingType&quot;:&quot;numbers&quot;,&quot;serverSide&quot;:false,&quot;autoWidth&quot;:true,&quot;clickFilter&quot;:&quot;false&quot;,&quot;scrollOffset&quot;:0,&quot;resetButton&quot;:false,&quot;multiAddToCart&quot;:true,&quot;multiCartLocation&quot;:&quot;bottom&quot;,&quot;variations&quot;:&quot;dropdown&quot;,&quot;ajaxCart&quot;:false,&quot;numOrder&quot;:false,&quot;stickyHeader&quot;:false,&quot;lengthMenu&quot;:[[10,25,50,100,-1],[10,25,50,100,&quot;Tous&quot;]],&quot;columnDefs&quot;:[{&quot;className&quot;:&quot;col-image&quot;,&quot;targets&quot;:0,&quot;type&quot;:&quot;html&quot;},{&quot;className&quot;:&quot;col-name&quot;,&quot;targets&quot;:1,&quot;type&quot;:&quot;html&quot;},{&quot;className&quot;:&quot;col-summary col-short-description&quot;,&quot;targets&quot;:2,&quot;type&quot;:&quot;html&quot;},{&quot;className&quot;:&quot;col-price&quot;,&quot;targets&quot;:3,&quot;type&quot;:&quot;html-num&quot;},{&quot;className&quot;:&quot;col-buy col-add-to-cart&quot;,&quot;targets&quot;:4,&quot;type&quot;:&quot;html&quot;}],&quot;responsive&quot;:{&quot;details&quot;:{&quot;display&quot;:&quot;child_row&quot;}},&quot;search&quot;:{&quot;search&quot;:&quot;&quot;},&quot;dom&quot;:&quot;&lt;\\&quot;wc-product-table-wrapper twentytwentytwo wpt-styling-custom\\&quot;&lt;\\&quot;wc-product-table-controls wc-product-table-above\\&quot;&gt;t&lt;\\&quot;wc-product-table-controls wc-product-table-below\\&quot;&gt;&gt;&quot;}\" data-filters=\"false\" data-order=\"[]\"><thead><tr><th class=\"all\" data-name=\"image\" data-orderable=\"false\" data-searchable=\"false\" data-width=\"70px\" data-priority=\"4\">Image<\/th><th data-name=\"name\" data-orderable=\"true\" data-searchable=\"true\" data-priority=\"1\">Name<\/th><th data-name=\"summary\" data-orderable=\"true\" data-searchable=\"true\" data-priority=\"11\">Summary<\/th><th data-name=\"price\" data-orderable=\"true\" data-searchable=\"true\" data-priority=\"3\">Price<\/th><th data-name=\"buy\" data-orderable=\"false\" data-searchable=\"true\" data-priority=\"2\">Buy<span class=\"wpt-bulk-select-wrap\"><label class=\"wpt-bulk-select-label\">S\u00e9lectionner tout<\/label><input type=\"checkbox\" class=\"wpt-bulk-select\"\/><span class=\"wpt-multi-checkbox\"><\/span><\/span><\/th><\/tr><\/thead><tbody><tr id=\"product-row-4188\" class=\"product product-row product-4188 instock virtual product-type-simple purchasable\"><td><div data-thumb=\"https:\/\/maxc.io\/wp-content\/uploads\/2023\/04\/044-pen-and-paper-300-100x100.png\" class=\"product-thumbnail-wrapper woocommerce-product-gallery__image\"><a href=\"https:\/\/maxc.io\/wp-content\/uploads\/2023\/04\/044-pen-and-paper-300.png\"><img decoding=\"async\" width=\"70\" height=\"70\" src=\"https:\/\/maxc.io\/wp-content\/uploads\/2023\/04\/044-pen-and-paper-300-100x100.png\" class=\"product-thumbnail product-table-image\" alt=\"Add-on : T\u00e2ches de service\" title=\"044-pen-and-paper-300\" data-caption=\"Add-on : T\u00e2ches de service\" data-src=\"https:\/\/maxc.io\/wp-content\/uploads\/2023\/04\/044-pen-and-paper-300.png\" data-large_image=\"https:\/\/maxc.io\/wp-content\/uploads\/2023\/04\/044-pen-and-paper-300.png\" data-large_image_width=\"300\" data-large_image_height=\"300\" \/><\/a><\/div><\/td><td><a href=\"https:\/\/maxc.io\/fr\/produit\/taches-de-services-complementaires\/\" class=\"single-product-link\" data-product_id=\"4188\">Add-on : T\u00e2ches de service<\/a><\/td><td><p>5 t\u00e2ches par an, pour tous les services souscrits<\/p>\n<\/td><td data-sort=\"11.72\"> <span class=\"woocommerce-Price-amount amount\"><span class=\"woocommerce-Price-currencySymbol\"><\/span><span class=\"woocommerce-Price-amount amount\"><bdi><span class=\"woocommerce-Price-currencySymbol\">&euro;<\/span>11,72<\/bdi><\/span><\/span> \/ month <\/td><td><div class=\"add-to-cart-wrapper multi-cart no-cart-button with-quantity\">   <form class=\"cart\" action=\"\" method=\"post\" enctype='multipart\/form-data'> <div class=\"add-to-cart-button\"> <div class=\"quantity\"> <label class=\"screen-reader-text\" for=\"quantity_69e7aa2bc3702\">quantit\u00e9 de Add-on : T\u00e2ches de service<\/label> <input type=\"number\" id=\"quantity_69e7aa2bc3702\" class=\"input-text qty text\" name=\"quantity\" value=\"1\" aria-label=\"Quantit\u00e9 de produits\" min=\"1\" step=\"1\" placeholder=\"\" inputmode=\"numeric\" autocomplete=\"off\" \/> <\/div> <button type=\"submit\" name=\"add-to-cart\" value=\"4188\" class=\"single_add_to_cart_button button alt wp-element-button\">Subscribe<\/button> <\/div> <\/form>  <div class=\"multi-cart-check\"> <input type=\"hidden\" name=\"wpt_product_price\" value=\"11.72\" form=\"multi-cart\"\/> <input type=\"checkbox\" name=\"product_ids[]\" value=\"4188\" form=\"multi-cart\"\/> <span class=\"wpt-multi-checkbox\"><\/span> <input type=\"hidden\" name=\"cart_data[p4188][quantity]\" data-input-name=\"quantity\" value=\"1\" form=\"multi-cart\" \/> <\/div> <\/div><\/td><\/tr><tr id=\"product-row-8277\" class=\"product product-row product-8277 instock virtual product-type-simple purchasable\"><td><div data-thumb=\"https:\/\/maxc.io\/wp-content\/uploads\/2023\/04\/044-pen-and-paper-300-100x100.png\" class=\"product-thumbnail-wrapper woocommerce-product-gallery__image\"><a href=\"https:\/\/maxc.io\/wp-content\/uploads\/2023\/04\/044-pen-and-paper-300.png\"><img decoding=\"async\" width=\"70\" height=\"70\" src=\"https:\/\/maxc.io\/wp-content\/uploads\/2023\/04\/044-pen-and-paper-300-100x100.png\" class=\"product-thumbnail product-table-image\" alt=\"Add-on : Bloc de d\u00e9veloppement\" title=\"044-pen-and-paper-300\" data-caption=\"Add-on : Bloc de d\u00e9veloppement\" data-src=\"https:\/\/maxc.io\/wp-content\/uploads\/2023\/04\/044-pen-and-paper-300.png\" data-large_image=\"https:\/\/maxc.io\/wp-content\/uploads\/2023\/04\/044-pen-and-paper-300.png\" data-large_image_width=\"300\" data-large_image_height=\"300\" \/><\/a><\/div><\/td><td><a href=\"https:\/\/maxc.io\/fr\/produit\/add-on-development-block\/\" class=\"single-product-link\" data-product_id=\"8277\">Add-on : Bloc de d\u00e9veloppement<\/a><\/td><td><p>8 heures de d\u00e9veloppement sur mesure<\/p>\n<\/td><td data-sort=\"11.72\"><del><span class=\"woocommerce-Price-amount amount\"><span class=\"woocommerce-Price-currencySymbol\"><\/span><span class=\"woocommerce-Price-amount amount\"><bdi><span class=\"woocommerce-Price-currencySymbol\">&euro;<\/span>11,72<\/bdi><\/span><\/span><\/del> <span class=\"woocommerce-Price-amount amount\"><span class=\"woocommerce-Price-currencySymbol\"><\/span><span class=\"woocommerce-Price-amount amount\"><bdi><span class=\"woocommerce-Price-currencySymbol\">&euro;<\/span>10,00<\/bdi><\/span><\/span> \/ month <\/td><td><div class=\"add-to-cart-wrapper multi-cart no-cart-button with-quantity\">   <form class=\"cart\" action=\"\" method=\"post\" enctype='multipart\/form-data'> <div class=\"add-to-cart-button\"> <div class=\"quantity\"> <label class=\"screen-reader-text\" for=\"quantity_69e7aa2bc4bb2\">quantit\u00e9 de Add-on : Bloc de d\u00e9veloppement<\/label> <input type=\"number\" id=\"quantity_69e7aa2bc4bb2\" class=\"input-text qty text\" name=\"quantity\" value=\"1\" aria-label=\"Quantit\u00e9 de produits\" min=\"1\" step=\"1\" placeholder=\"\" inputmode=\"numeric\" autocomplete=\"off\" \/> <\/div> <button type=\"submit\" name=\"add-to-cart\" value=\"8277\" class=\"single_add_to_cart_button button alt wp-element-button\">Subscribe<\/button> <\/div> <\/form>  <div class=\"multi-cart-check\"> <input type=\"hidden\" name=\"wpt_product_price\" value=\"11.72\" form=\"multi-cart\"\/> <input type=\"checkbox\" name=\"product_ids[]\" value=\"8277\" form=\"multi-cart\"\/> <span class=\"wpt-multi-checkbox\"><\/span> <input type=\"hidden\" name=\"cart_data[p8277][quantity]\" data-input-name=\"quantity\" value=\"1\" form=\"multi-cart\" \/> <\/div> <\/div><\/td><\/tr><tr id=\"product-row-4126\" class=\"product product-row product-4126 instock virtual product-type-simple purchasable\"><td><div data-thumb=\"https:\/\/maxc.io\/wp-content\/uploads\/2023\/04\/015-people-network-300-100x100.png\" class=\"product-thumbnail-wrapper woocommerce-product-gallery__image\"><a href=\"https:\/\/maxc.io\/wp-content\/uploads\/2023\/04\/015-people-network-300.png\"><img decoding=\"async\" width=\"70\" height=\"70\" src=\"https:\/\/maxc.io\/wp-content\/uploads\/2023\/04\/015-people-network-300-100x100.png\" class=\"product-thumbnail product-table-image\" alt=\"Add-on : Soutien aux utilisateurs\" title=\"015-people-network-300\" data-caption=\"Add-on : Soutien aux utilisateurs\" data-src=\"https:\/\/maxc.io\/wp-content\/uploads\/2023\/04\/015-people-network-300.png\" data-large_image=\"https:\/\/maxc.io\/wp-content\/uploads\/2023\/04\/015-people-network-300.png\" data-large_image_width=\"300\" data-large_image_height=\"300\" \/><\/a><\/div><\/td><td><a href=\"https:\/\/maxc.io\/fr\/produit\/support-utilisateur-additionnel\/\" class=\"single-product-link\" data-product_id=\"4126\">Add-on : Soutien aux utilisateurs<\/a><\/td><td><p>10 utilisateurs acc\u00e8s d&rsquo;\u00e9quipe, pour tous les services souscrits<\/p>\n<\/td><td data-sort=\"11.72\"> <span class=\"woocommerce-Price-amount amount\"><span class=\"woocommerce-Price-currencySymbol\"><\/span><span class=\"woocommerce-Price-amount amount\"><bdi><span class=\"woocommerce-Price-currencySymbol\">&euro;<\/span>11,72<\/bdi><\/span><\/span> \/ month <\/td><td><div class=\"add-to-cart-wrapper multi-cart no-cart-button with-quantity\">   <form class=\"cart\" action=\"\" method=\"post\" enctype='multipart\/form-data'> <div class=\"add-to-cart-button\"> <div class=\"quantity\"> <label class=\"screen-reader-text\" for=\"quantity_69e7aa2bc66eb\">quantit\u00e9 de Add-on : Soutien aux utilisateurs<\/label> <input type=\"number\" id=\"quantity_69e7aa2bc66eb\" class=\"input-text qty text\" name=\"quantity\" value=\"1\" aria-label=\"Quantit\u00e9 de produits\" min=\"1\" step=\"1\" placeholder=\"\" inputmode=\"numeric\" autocomplete=\"off\" \/> <\/div> <button type=\"submit\" name=\"add-to-cart\" value=\"4126\" class=\"single_add_to_cart_button button alt wp-element-button\">Subscribe<\/button> <\/div> <\/form>  <div class=\"multi-cart-check\"> <input type=\"hidden\" name=\"wpt_product_price\" value=\"11.72\" form=\"multi-cart\"\/> <input type=\"checkbox\" name=\"product_ids[]\" value=\"4126\" form=\"multi-cart\"\/> <span class=\"wpt-multi-checkbox\"><\/span> <input type=\"hidden\" name=\"cart_data[p4126][quantity]\" data-input-name=\"quantity\" value=\"1\" form=\"multi-cart\" \/> <\/div> <\/div><\/td><\/tr><\/tbody><\/table><\/div>\n","protected":false},"excerpt":{"rendered":"<p>Des services compl\u00e9mentaires pour r\u00e9pondre \u00e0 vos besoins sp\u00e9cifiques et \u00e0 ceux de vos utilisateurs.<\/p>\n","protected":false},"author":1,"featured_media":0,"parent":0,"menu_order":0,"comment_status":"closed","ping_status":"closed","template":"","meta":{"slim_seo":{"title":"Plans de soutien - maxc.io","description":"Des services compl\u00e9mentaires pour r\u00e9pondre \u00e0 vos besoins sp\u00e9cifiques et \u00e0 ceux de vos utilisateurs. Image Name Summary Price Buy S\u00e9lectionner tout Add-on : T\u00e2ch"},"footnotes":""},"class_list":["post-4299","page","type-page","status-publish","hentry"],"pp_statuses_selecting_workflow":false,"pp_workflow_action":"current","pp_status_selection":"publish","_links":{"self":[{"href":"https:\/\/maxc.io\/fr\/wp-json\/wp\/v2\/pages\/4299","targetHints":{"allow":["GET"]}}],"collection":[{"href":"https:\/\/maxc.io\/fr\/wp-json\/wp\/v2\/pages"}],"about":[{"href":"https:\/\/maxc.io\/fr\/wp-json\/wp\/v2\/types\/page"}],"author":[{"embeddable":true,"href":"https:\/\/maxc.io\/fr\/wp-json\/wp\/v2\/users\/1"}],"replies":[{"embeddable":true,"href":"https:\/\/maxc.io\/fr\/wp-json\/wp\/v2\/comments?post=4299"}],"version-history":[{"count":3,"href":"https:\/\/maxc.io\/fr\/wp-json\/wp\/v2\/pages\/4299\/revisions"}],"predecessor-version":[{"id":6905,"href":"https:\/\/maxc.io\/fr\/wp-json\/wp\/v2\/pages\/4299\/revisions\/6905"}],"wp:attachment":[{"href":"https:\/\/maxc.io\/fr\/wp-json\/wp\/v2\/media?parent=4299"}],"curies":[{"name":"wp","href":"https:\/\/api.w.org\/{rel}","templated":true}]}}