{"id":4305,"date":"2023-04-07T16:01:15","date_gmt":"2023-04-07T15:01:15","guid":{"rendered":"https:\/\/maxc.io\/website-bookings\/"},"modified":"2025-03-20T12:11:29","modified_gmt":"2025-03-20T12:11:29","slug":"bookings","status":"publish","type":"page","link":"https:\/\/maxc.io\/fr\/services\/bookings\/","title":{"rendered":"R\u00e9servations"},"content":{"rendered":"\n<div class=\"wp-block-cover alignwide is-light\" style=\"border-radius:10px\"><span aria-hidden=\"true\" class=\"wp-block-cover__background has-background-dim-10 has-background-dim\" style=\"background-color:#d8d6ea\"><\/span><img decoding=\"async\" width=\"225\" height=\"225\" src=\"https:\/\/maxc.io\/wp-content\/uploads\/2025\/03\/booking-image-1.jpg\" class=\"wp-block-cover__image-background wp-post-image\" alt=\"Booking image\" data-object-fit=\"cover\" data-object-position=\"50% 0%\" style=\"object-position:50% 0%;\" srcset=\"https:\/\/maxc.io\/wp-content\/uploads\/2025\/03\/booking-image-1.jpg 225w, https:\/\/maxc.io\/wp-content\/uploads\/2025\/03\/booking-image-1-150x150.jpg 150w, https:\/\/maxc.io\/wp-content\/uploads\/2025\/03\/booking-image-1-50x50.jpg 50w, https:\/\/maxc.io\/wp-content\/uploads\/2025\/03\/booking-image-1-100x100.jpg 100w\" sizes=\"(max-width: 225px) 100vw, 225px\" \/><div class=\"wp-block-cover__inner-container is-layout-flow wp-block-cover-is-layout-flow\">\n<p class=\"has-text-align-center has-large-font-size\"><\/p>\n<\/div><\/div>\n\n<div class=\"wp-block-columns alignwide is-layout-flex wp-container-core-columns-is-layout-28f84493 wp-block-columns-is-layout-flex\">\n<div class=\"wp-block-column is-vertically-aligned-center is-layout-flow wp-block-column-is-layout-flow\" style=\"flex-basis:66.66%\">\n<blockquote class=\"wp-block-quote is-layout-flow wp-block-quote-is-layout-flow\">\n<p class=\"has-text-align-left\">La plateforme de r\u00e9servation open-source que nous recommandons vous permet de r\u00e9server en ligne des rendez-vous, des sessions et des cours.<\/p>\n\n\n\n<p>Cette plateforme est le plugin de <a href=\"https:\/\/apphourbooking.dwbooster.com\/\" title=\"R&#xE9;servation d'une heure de rendez-vous\">r\u00e9servation d&rsquo;heures de rendez-vous<\/a> pour WordPress. Nous h\u00e9bergeons votre propre service de r\u00e9servation sur notre plateforme de serveurs s\u00e9curis\u00e9s. Ajoutez notre extension <a href=\"https:\/\/maxc.io\/fr\/services\/commerce-electronique\/\" title=\"\">Ecommerce<\/a> pour accepter les paiements en ligne.<\/p>\n<\/blockquote>\n<\/div>\n\n\n\n<div class=\"wp-block-column is-vertically-aligned-center is-layout-flow wp-block-column-is-layout-flow\" style=\"flex-basis:33.33%\">\n<div class=\"wp-block-buttons is-content-justification-center is-layout-flex wp-container-core-buttons-is-layout-a89b3969 wp-block-buttons-is-layout-flex\">\n<div class=\"wp-block-button\"><a class=\"wp-block-button__link wp-element-button\" href=\"#pricing\">nos prix<\/a><\/div>\n\n\n\n<div class=\"wp-block-button\"><a class=\"wp-block-button__link wp-element-button\" href=\"#contact\">nous contacter<\/a><\/div>\n<\/div>\n<\/div>\n<\/div>\n\n<h2 class=\"wp-block-heading\">Description du service<\/h2>\n\n<ul class=\"wp-block-list\">\n<li>Plugin Appointment Hour pour WordPress<\/li>\n\n\n\n<li>Configur\u00e9 selon vos propres besoins<\/li>\n\n\n\n<li>Portail d&rsquo;assistance pour les utilisateurs de l&rsquo;administration<\/li>\n\n\n\n<li>Maintenu et toujours mis \u00e0 jour<\/li>\n<\/ul>\n\n<p>Les \u00e9l\u00e9ments suivants font partie de la norme de tous nos services :<\/p>\n\n<ul class=\"wp-block-list\">\n<li> H\u00e9bergement s\u00e9curis\u00e9 sur notre plateforme d&rsquo;infrastructure en nuage<\/li>\n\n\n\n<li>Application et donn\u00e9es isol\u00e9es dans votre propre conteneur de serveur d\u00e9di\u00e9<\/li>\n\n\n\n<li>Surveillance 24 heures sur 24, 7 jours sur 7<\/li>\n\n\n\n<li>Sauvegarde compl\u00e8te et r\u00e9cup\u00e9ration<\/li>\n\n\n\n<li>Distribution fiable du courrier \u00e9lectronique SMTP<\/li>\n\n\n\n<li>Certificats s\u00e9curis\u00e9s TLS de Let&rsquo;s Encrypt toujours mis \u00e0 jour<\/li>\n\n\n\n<li>Mises \u00e0 jour r\u00e9guli\u00e8res de l&rsquo;application vers la derni\u00e8re version<\/li>\n\n\n\n<li>Portail d&rsquo;assistance aux utilisateurs pour l&rsquo;administration<\/li>\n\n\n\n<li>Page de statut du client individuel<\/li>\n\n\n\n<li>Une infrastructure aliment\u00e9e \u00e0 100 % par des \u00e9nergies renouvelables<\/li>\n<\/ul>\n\n<h2 class=\"wp-block-heading\" id=\"pricing\">Tarification<\/h2>\n\n<ul class=\"wp-block-list\">\n<li>Notre tarification est bas\u00e9e sur un abonnement mensuel.<\/li>\n\n\n\n<li>Nous facturons l&rsquo;h\u00e9bergement du site web ainsi que la maintenance et l&rsquo;assistance syst\u00e8me.<\/li>\n\n\n\n<li>Les extensions n\u00e9cessitent un abonnement au service sous-jacent, \u00e0 moins qu&rsquo;il ne soit d\u00e9j\u00e0 souscrit.<\/li>\n\n\n\n<li>Les compl\u00e9ments peuvent \u00eatre achet\u00e9s en tant qu&rsquo;\u00e9l\u00e9ments d&rsquo;abonnement suppl\u00e9mentaires et multipli\u00e9s selon les besoins.<\/li>\n<\/ul>\n\n<ul class=\"wp-block-list\">\n<li><strong>Application<\/strong>: WordPress<\/li>\n\n\n\n<li><strong>Extension<\/strong>: WordPress Bookings<\/li>\n<\/ul>\n\n<div class=\"alignwide\"><div class=\"woocommerce\"><\/div><table id=\"wcpt_7fdaa44cadb38e1e_1\" class=\"wc-product-table woocommerce multicart-enabled\" width=\"100%\" data-config=\"{&quot;pageLength&quot;:25,&quot;pagingType&quot;:&quot;numbers&quot;,&quot;serverSide&quot;:false,&quot;autoWidth&quot;:true,&quot;clickFilter&quot;:&quot;false&quot;,&quot;scrollOffset&quot;:0,&quot;resetButton&quot;:false,&quot;multiAddToCart&quot;:true,&quot;multiCartLocation&quot;:&quot;bottom&quot;,&quot;variations&quot;:&quot;dropdown&quot;,&quot;ajaxCart&quot;:false,&quot;numOrder&quot;:false,&quot;stickyHeader&quot;:false,&quot;lengthMenu&quot;:[[10,25,50,100,-1],[10,25,50,100,&quot;Tous&quot;]],&quot;columnDefs&quot;:[{&quot;className&quot;:&quot;col-image&quot;,&quot;targets&quot;:0,&quot;type&quot;:&quot;html&quot;},{&quot;className&quot;:&quot;col-name&quot;,&quot;targets&quot;:1,&quot;type&quot;:&quot;html&quot;},{&quot;className&quot;:&quot;col-summary col-short-description&quot;,&quot;targets&quot;:2,&quot;type&quot;:&quot;html&quot;},{&quot;className&quot;:&quot;col-price&quot;,&quot;targets&quot;:3,&quot;type&quot;:&quot;html-num&quot;},{&quot;className&quot;:&quot;col-buy col-add-to-cart&quot;,&quot;targets&quot;:4,&quot;type&quot;:&quot;html&quot;}],&quot;responsive&quot;:{&quot;details&quot;:{&quot;display&quot;:&quot;child_row&quot;}},&quot;search&quot;:{&quot;search&quot;:&quot;&quot;},&quot;dom&quot;:&quot;&lt;\\&quot;wc-product-table-wrapper twentytwentytwo wpt-styling-custom\\&quot;&lt;\\&quot;wc-product-table-controls wc-product-table-above\\&quot;&gt;t&lt;\\&quot;wc-product-table-controls wc-product-table-below\\&quot;&gt;&gt;&quot;}\" data-filters=\"false\" data-order=\"[]\"><thead><tr><th class=\"all\" data-name=\"image\" data-orderable=\"false\" data-searchable=\"false\" data-width=\"70px\" data-priority=\"4\">Image<\/th><th data-name=\"name\" data-orderable=\"true\" data-searchable=\"true\" data-priority=\"1\">Name<\/th><th data-name=\"summary\" data-orderable=\"true\" data-searchable=\"true\" data-priority=\"11\">Summary<\/th><th data-name=\"price\" data-orderable=\"true\" data-searchable=\"true\" data-priority=\"3\">Price<\/th><th data-name=\"buy\" data-orderable=\"false\" data-searchable=\"true\" data-priority=\"2\">Buy<span class=\"wpt-bulk-select-wrap\"><label class=\"wpt-bulk-select-label\">S\u00e9lectionner tout<\/label><input type=\"checkbox\" class=\"wpt-bulk-select\"\/><span class=\"wpt-multi-checkbox\"><\/span><\/span><\/th><\/tr><\/thead><tbody><tr id=\"product-row-4079\" class=\"product product-row product-4079 instock virtual product-type-simple purchasable\"><td><div data-thumb=\"https:\/\/maxc.io\/wp-content\/uploads\/2023\/07\/056-web-design-300-100x100.png\" class=\"product-thumbnail-wrapper woocommerce-product-gallery__image\"><a href=\"https:\/\/maxc.io\/wp-content\/uploads\/2023\/07\/056-web-design-300.png\"><img decoding=\"async\" width=\"70\" height=\"70\" src=\"https:\/\/maxc.io\/wp-content\/uploads\/2023\/07\/056-web-design-300-100x100.png\" class=\"product-thumbnail product-table-image\" alt=\"Professionnel WordPress\" title=\"056-web-design-300\" data-caption=\"Professionnel WordPress\" data-src=\"https:\/\/maxc.io\/wp-content\/uploads\/2023\/07\/056-web-design-300.png\" data-large_image=\"https:\/\/maxc.io\/wp-content\/uploads\/2023\/07\/056-web-design-300.png\" data-large_image_width=\"300\" data-large_image_height=\"300\" \/><\/a><\/div><\/td><td><a href=\"https:\/\/maxc.io\/fr\/produit\/wordpress-website-professional\/\" class=\"single-product-link\" data-product_id=\"4079\">Professionnel WordPress<\/a><\/td><td><p>H\u00e9bergement WordPress dans un conteneur partag\u00e9, maintenance et support<\/p>\n<\/td><td data-sort=\"11.70\"> <span class=\"woocommerce-Price-amount amount\"><span class=\"woocommerce-Price-currencySymbol\"><\/span><span class=\"woocommerce-Price-amount amount\"><bdi><span class=\"woocommerce-Price-currencySymbol\">&euro;<\/span>11,70<\/bdi><\/span><\/span> \/ month <\/td><td><div class=\"add-to-cart-wrapper multi-cart no-cart-button with-quantity\">   <form class=\"cart\" action=\"\" method=\"post\" enctype='multipart\/form-data'> <div class=\"add-to-cart-button\"> <div class=\"quantity\"> <label class=\"screen-reader-text\" for=\"quantity_69db18d9134e0\">quantit\u00e9 de Professionnel WordPress<\/label> <input type=\"number\" id=\"quantity_69db18d9134e0\" class=\"input-text qty text\" name=\"quantity\" value=\"1\" aria-label=\"Quantit\u00e9 de produits\" min=\"1\" step=\"1\" placeholder=\"\" inputmode=\"numeric\" autocomplete=\"off\" \/> <\/div> <button type=\"submit\" name=\"add-to-cart\" value=\"4079\" class=\"single_add_to_cart_button button alt wp-element-button\">Subscribe<\/button> <\/div> <\/form>  <div class=\"multi-cart-check\"> <input type=\"hidden\" name=\"wpt_product_price\" value=\"11.7\" form=\"multi-cart\"\/> <input type=\"checkbox\" name=\"product_ids[]\" value=\"4079\" form=\"multi-cart\"\/> <span class=\"wpt-multi-checkbox\"><\/span> <input type=\"hidden\" name=\"cart_data[p4079][quantity]\" data-input-name=\"quantity\" value=\"1\" form=\"multi-cart\" \/> <\/div> <\/div><\/td><\/tr><tr id=\"product-row-4224\" class=\"product product-row product-4224 instock virtual product-type-simple purchasable\"><td><div data-thumb=\"https:\/\/maxc.io\/wp-content\/uploads\/2023\/07\/056-web-design-300-100x100.png\" class=\"product-thumbnail-wrapper woocommerce-product-gallery__image\"><a href=\"https:\/\/maxc.io\/wp-content\/uploads\/2023\/07\/056-web-design-300.png\"><img decoding=\"async\" width=\"70\" height=\"70\" src=\"https:\/\/maxc.io\/wp-content\/uploads\/2023\/07\/056-web-design-300-100x100.png\" class=\"product-thumbnail product-table-image\" alt=\"WordPress Business\" title=\"056-web-design-300\" data-caption=\"WordPress Business\" data-src=\"https:\/\/maxc.io\/wp-content\/uploads\/2023\/07\/056-web-design-300.png\" data-large_image=\"https:\/\/maxc.io\/wp-content\/uploads\/2023\/07\/056-web-design-300.png\" data-large_image_width=\"300\" data-large_image_height=\"300\" \/><\/a><\/div><\/td><td><a href=\"https:\/\/maxc.io\/fr\/produit\/wordpress-website-business\/\" class=\"single-product-link\" data-product_id=\"4224\">WordPress Business<\/a><\/td><td><p>H\u00e9bergement de WordPress dans son propre conteneur, maintenance et assistance<\/p>\n<\/td><td data-sort=\"23.41\"> <span class=\"woocommerce-Price-amount amount\"><span class=\"woocommerce-Price-currencySymbol\"><\/span><span class=\"woocommerce-Price-amount amount\"><bdi><span class=\"woocommerce-Price-currencySymbol\">&euro;<\/span>23,41<\/bdi><\/span><\/span> \/ month <\/td><td><div class=\"add-to-cart-wrapper multi-cart no-cart-button with-quantity\">   <form class=\"cart\" action=\"\" method=\"post\" enctype='multipart\/form-data'> <div class=\"add-to-cart-button\"> <div class=\"quantity\"> <label class=\"screen-reader-text\" for=\"quantity_69db18d914f78\">quantit\u00e9 de WordPress Business<\/label> <input type=\"number\" id=\"quantity_69db18d914f78\" class=\"input-text qty text\" name=\"quantity\" value=\"1\" aria-label=\"Quantit\u00e9 de produits\" min=\"1\" step=\"1\" placeholder=\"\" inputmode=\"numeric\" autocomplete=\"off\" \/> <\/div> <button type=\"submit\" name=\"add-to-cart\" value=\"4224\" class=\"single_add_to_cart_button button alt wp-element-button\">Subscribe<\/button> <\/div> <\/form>  <div class=\"multi-cart-check\"> <input type=\"hidden\" name=\"wpt_product_price\" value=\"23.41\" form=\"multi-cart\"\/> <input type=\"checkbox\" name=\"product_ids[]\" value=\"4224\" form=\"multi-cart\"\/> <span class=\"wpt-multi-checkbox\"><\/span> <input type=\"hidden\" name=\"cart_data[p4224][quantity]\" data-input-name=\"quantity\" value=\"1\" form=\"multi-cart\" \/> <\/div> <\/div><\/td><\/tr><tr id=\"product-row-8070\" class=\"product product-row product-8070 instock virtual product-type-simple purchasable\"><td><div data-thumb=\"https:\/\/maxc.io\/wp-content\/uploads\/2023\/07\/056-web-design-300-100x100.png\" class=\"product-thumbnail-wrapper woocommerce-product-gallery__image\"><a href=\"https:\/\/maxc.io\/wp-content\/uploads\/2023\/07\/056-web-design-300.png\"><img decoding=\"async\" width=\"70\" height=\"70\" src=\"https:\/\/maxc.io\/wp-content\/uploads\/2023\/07\/056-web-design-300-100x100.png\" class=\"product-thumbnail product-table-image\" alt=\"WordPress Entreprise\" title=\"056-web-design-300\" data-caption=\"WordPress Entreprise\" data-src=\"https:\/\/maxc.io\/wp-content\/uploads\/2023\/07\/056-web-design-300.png\" data-large_image=\"https:\/\/maxc.io\/wp-content\/uploads\/2023\/07\/056-web-design-300.png\" data-large_image_width=\"300\" data-large_image_height=\"300\" \/><\/a><\/div><\/td><td><a href=\"https:\/\/maxc.io\/fr\/produit\/wordpress-website-enterprise\/\" class=\"single-product-link\" data-product_id=\"8070\">WordPress Entreprise<\/a><\/td><td><p>H\u00e9bergement WordPress sur votre propre serveur, maintenance et support<\/p>\n<\/td><td data-sort=\"58.51\"> <span class=\"woocommerce-Price-amount amount\"><span class=\"woocommerce-Price-currencySymbol\"><\/span><span class=\"woocommerce-Price-amount amount\"><bdi><span class=\"woocommerce-Price-currencySymbol\">&euro;<\/span>58,51<\/bdi><\/span><\/span> \/ month <\/td><td><div class=\"add-to-cart-wrapper multi-cart no-cart-button with-quantity\">   <form class=\"cart\" action=\"\" method=\"post\" enctype='multipart\/form-data'> <div class=\"add-to-cart-button\"> <div class=\"quantity\"> <label class=\"screen-reader-text\" for=\"quantity_69db18d91688b\">quantit\u00e9 de WordPress Entreprise<\/label> <input type=\"number\" id=\"quantity_69db18d91688b\" class=\"input-text qty text\" name=\"quantity\" value=\"1\" aria-label=\"Quantit\u00e9 de produits\" min=\"1\" step=\"1\" placeholder=\"\" inputmode=\"numeric\" autocomplete=\"off\" \/> <\/div> <button type=\"submit\" name=\"add-to-cart\" value=\"8070\" class=\"single_add_to_cart_button button alt wp-element-button\">Subscribe<\/button> <\/div> <\/form>  <div class=\"multi-cart-check\"> <input type=\"hidden\" name=\"wpt_product_price\" value=\"58.51\" form=\"multi-cart\"\/> <input type=\"checkbox\" name=\"product_ids[]\" value=\"8070\" form=\"multi-cart\"\/> <span class=\"wpt-multi-checkbox\"><\/span> <input type=\"hidden\" name=\"cart_data[p8070][quantity]\" data-input-name=\"quantity\" value=\"1\" form=\"multi-cart\" \/> <\/div> <\/div><\/td><\/tr><tr id=\"product-row-4157\" class=\"product product-row product-4157 instock downloadable virtual product-type-simple purchasable\"><td><div data-thumb=\"https:\/\/maxc.io\/wp-content\/uploads\/2023\/04\/061-diary-300-100x100.png\" class=\"product-thumbnail-wrapper woocommerce-product-gallery__image\"><a href=\"https:\/\/maxc.io\/wp-content\/uploads\/2023\/04\/061-diary-300.png\"><img decoding=\"async\" width=\"70\" height=\"70\" src=\"https:\/\/maxc.io\/wp-content\/uploads\/2023\/04\/061-diary-300-100x100.png\" class=\"product-thumbnail product-table-image\" alt=\"R\u00e9servations pour WordPress - Rendez-vous \/ Sessions\" title=\"061-diary-300\" data-caption=\"R\u00e9servations pour WordPress - Rendez-vous \/ Sessions\" data-src=\"https:\/\/maxc.io\/wp-content\/uploads\/2023\/04\/061-diary-300.png\" data-large_image=\"https:\/\/maxc.io\/wp-content\/uploads\/2023\/04\/061-diary-300.png\" data-large_image_width=\"300\" data-large_image_height=\"300\" \/><\/a><\/div><\/td><td><a href=\"https:\/\/maxc.io\/fr\/produit\/bookings-for-wordpress-website\/\" class=\"single-product-link\" data-product_id=\"4157\">R\u00e9servations pour WordPress - Rendez-vous \/ Sessions<\/a><\/td><td><p>Plugin Heures de rendez-vous<\/p>\n<\/td><td data-sort=\"11.70\"> <span class=\"woocommerce-Price-amount amount\"><span class=\"woocommerce-Price-currencySymbol\"><\/span><span class=\"woocommerce-Price-amount amount\"><bdi><span class=\"woocommerce-Price-currencySymbol\">&euro;<\/span>11,70<\/bdi><\/span><\/span> \/ month <\/td><td><div class=\"add-to-cart-wrapper multi-cart no-cart-button with-quantity\">   <form class=\"cart\" action=\"\" method=\"post\" enctype='multipart\/form-data'> <div class=\"add-to-cart-button\"> <div class=\"quantity\"> <label class=\"screen-reader-text\" for=\"quantity_69db18d9185cc\">quantit\u00e9 de R\u00e9servations pour WordPress - Rendez-vous \/ Sessions<\/label> <input type=\"number\" id=\"quantity_69db18d9185cc\" class=\"input-text qty text\" name=\"quantity\" value=\"1\" aria-label=\"Quantit\u00e9 de produits\" min=\"1\" step=\"1\" placeholder=\"\" inputmode=\"numeric\" autocomplete=\"off\" \/> <\/div> <button type=\"submit\" name=\"add-to-cart\" value=\"4157\" class=\"single_add_to_cart_button button alt wp-element-button\">Subscribe<\/button> <\/div> <\/form>  <div class=\"multi-cart-check\"> <input type=\"hidden\" name=\"wpt_product_price\" value=\"11.7\" form=\"multi-cart\"\/> <input type=\"checkbox\" name=\"product_ids[]\" value=\"4157\" form=\"multi-cart\"\/> <span class=\"wpt-multi-checkbox\"><\/span> <input type=\"hidden\" name=\"cart_data[p4157][quantity]\" data-input-name=\"quantity\" value=\"1\" form=\"multi-cart\" \/> <\/div> <\/div><\/td><\/tr><tr id=\"product-row-4132\" class=\"product product-row product-4132 instock downloadable virtual product-type-simple purchasable\"><td><div data-thumb=\"https:\/\/maxc.io\/wp-content\/uploads\/2023\/04\/076-shopping-cart-300-100x100.png\" class=\"product-thumbnail-wrapper woocommerce-product-gallery__image\"><a href=\"https:\/\/maxc.io\/wp-content\/uploads\/2023\/04\/076-shopping-cart-300.png\"><img decoding=\"async\" width=\"70\" height=\"70\" src=\"https:\/\/maxc.io\/wp-content\/uploads\/2023\/04\/076-shopping-cart-300-100x100.png\" class=\"product-thumbnail product-table-image\" alt=\"Ecommerce pour WordPress - Woocommerce\" title=\"076-shopping-cart-300\" data-caption=\"Ecommerce pour WordPress - Woocommerce\" data-src=\"https:\/\/maxc.io\/wp-content\/uploads\/2023\/04\/076-shopping-cart-300.png\" data-large_image=\"https:\/\/maxc.io\/wp-content\/uploads\/2023\/04\/076-shopping-cart-300.png\" data-large_image_width=\"300\" data-large_image_height=\"300\" \/><\/a><\/div><\/td><td><a href=\"https:\/\/maxc.io\/fr\/produit\/ecommerce-pour-les-sites-wordpress-woocommerce\/\" class=\"single-product-link\" data-product_id=\"4132\">Ecommerce pour WordPress - Woocommerce<\/a><\/td><td><p>Woocommerce et Stripe<\/p>\n<\/td><td data-sort=\"11.70\"> <span class=\"woocommerce-Price-amount amount\"><span class=\"woocommerce-Price-currencySymbol\"><\/span><span class=\"woocommerce-Price-amount amount\"><bdi><span class=\"woocommerce-Price-currencySymbol\">&euro;<\/span>11,70<\/bdi><\/span><\/span> \/ month <\/td><td><div class=\"add-to-cart-wrapper multi-cart no-cart-button with-quantity\">   <form class=\"cart\" action=\"\" method=\"post\" enctype='multipart\/form-data'> <div class=\"add-to-cart-button\"> <div class=\"quantity\"> <label class=\"screen-reader-text\" for=\"quantity_69db18d91a0b8\">quantit\u00e9 de Ecommerce pour WordPress - Woocommerce<\/label> <input type=\"number\" id=\"quantity_69db18d91a0b8\" class=\"input-text qty text\" name=\"quantity\" value=\"1\" aria-label=\"Quantit\u00e9 de produits\" min=\"1\" step=\"1\" placeholder=\"\" inputmode=\"numeric\" autocomplete=\"off\" \/> <\/div> <button type=\"submit\" name=\"add-to-cart\" value=\"4132\" class=\"single_add_to_cart_button button alt wp-element-button\">Subscribe<\/button> <\/div> <\/form>  <div class=\"multi-cart-check\"> <input type=\"hidden\" name=\"wpt_product_price\" value=\"11.7\" form=\"multi-cart\"\/> <input type=\"checkbox\" name=\"product_ids[]\" value=\"4132\" form=\"multi-cart\"\/> <span class=\"wpt-multi-checkbox\"><\/span> <input type=\"hidden\" name=\"cart_data[p4132][quantity]\" data-input-name=\"quantity\" value=\"1\" form=\"multi-cart\" \/> <\/div> <\/div><\/td><\/tr><tr id=\"product-row-4188\" class=\"product product-row product-4188 instock virtual product-type-simple purchasable\"><td><div data-thumb=\"https:\/\/maxc.io\/wp-content\/uploads\/2023\/04\/044-pen-and-paper-300-100x100.png\" class=\"product-thumbnail-wrapper woocommerce-product-gallery__image\"><a href=\"https:\/\/maxc.io\/wp-content\/uploads\/2023\/04\/044-pen-and-paper-300.png\"><img decoding=\"async\" width=\"70\" height=\"70\" src=\"https:\/\/maxc.io\/wp-content\/uploads\/2023\/04\/044-pen-and-paper-300-100x100.png\" class=\"product-thumbnail product-table-image\" alt=\"Add-on : T\u00e2ches de service\" title=\"044-pen-and-paper-300\" data-caption=\"Add-on : T\u00e2ches de service\" data-src=\"https:\/\/maxc.io\/wp-content\/uploads\/2023\/04\/044-pen-and-paper-300.png\" data-large_image=\"https:\/\/maxc.io\/wp-content\/uploads\/2023\/04\/044-pen-and-paper-300.png\" data-large_image_width=\"300\" data-large_image_height=\"300\" \/><\/a><\/div><\/td><td><a href=\"https:\/\/maxc.io\/fr\/produit\/taches-de-services-complementaires\/\" class=\"single-product-link\" data-product_id=\"4188\">Add-on : T\u00e2ches de service<\/a><\/td><td><p>5 t\u00e2ches par an, pour tous les services souscrits<\/p>\n<\/td><td data-sort=\"11.70\"> <span class=\"woocommerce-Price-amount amount\"><span class=\"woocommerce-Price-currencySymbol\"><\/span><span class=\"woocommerce-Price-amount amount\"><bdi><span class=\"woocommerce-Price-currencySymbol\">&euro;<\/span>11,70<\/bdi><\/span><\/span> \/ month <\/td><td><div class=\"add-to-cart-wrapper multi-cart no-cart-button with-quantity\">   <form class=\"cart\" action=\"\" method=\"post\" enctype='multipart\/form-data'> <div class=\"add-to-cart-button\"> <div class=\"quantity\"> <label class=\"screen-reader-text\" for=\"quantity_69db18d91bb79\">quantit\u00e9 de Add-on : T\u00e2ches de service<\/label> <input type=\"number\" id=\"quantity_69db18d91bb79\" class=\"input-text qty text\" name=\"quantity\" value=\"1\" aria-label=\"Quantit\u00e9 de produits\" min=\"1\" step=\"1\" placeholder=\"\" inputmode=\"numeric\" autocomplete=\"off\" \/> <\/div> <button type=\"submit\" name=\"add-to-cart\" value=\"4188\" class=\"single_add_to_cart_button button alt wp-element-button\">Subscribe<\/button> <\/div> <\/form>  <div class=\"multi-cart-check\"> <input type=\"hidden\" name=\"wpt_product_price\" value=\"11.7\" form=\"multi-cart\"\/> <input type=\"checkbox\" name=\"product_ids[]\" value=\"4188\" form=\"multi-cart\"\/> <span class=\"wpt-multi-checkbox\"><\/span> <input type=\"hidden\" name=\"cart_data[p4188][quantity]\" data-input-name=\"quantity\" value=\"1\" form=\"multi-cart\" \/> <\/div> <\/div><\/td><\/tr><\/tbody><\/table><\/div>\n","protected":false},"excerpt":{"rendered":"<p>La plateforme de r\u00e9servation open-source que nous recommandons vous permet de r\u00e9server en ligne des rendez-vous, des sessions et des cours. Cette plateforme est le plugin de r\u00e9servation d&rsquo;heures de rendez-vous pour WordPress. Nous h\u00e9bergeons votre propre service de r\u00e9servation sur notre plateforme de serveurs s\u00e9curis\u00e9s. Ajoutez notre extension Ecommerce pour accepter les paiements en [&hellip;]<\/p>\n","protected":false},"author":1,"featured_media":8728,"parent":4347,"menu_order":107,"comment_status":"closed","ping_status":"closed","template":"","meta":{"slim_seo":{"title":"R\u00e9servations - maxc.io","description":"La plateforme de r\u00e9servation open-source que nous recommandons vous permet de r\u00e9server en ligne des rendez-vous, des sessions et des cours. Cette plateforme est"},"footnotes":""},"class_list":["post-4305","page","type-page","status-publish","has-post-thumbnail","hentry"],"pp_statuses_selecting_workflow":false,"pp_workflow_action":"current","pp_status_selection":"publish","_links":{"self":[{"href":"https:\/\/maxc.io\/fr\/wp-json\/wp\/v2\/pages\/4305","targetHints":{"allow":["GET"]}}],"collection":[{"href":"https:\/\/maxc.io\/fr\/wp-json\/wp\/v2\/pages"}],"about":[{"href":"https:\/\/maxc.io\/fr\/wp-json\/wp\/v2\/types\/page"}],"author":[{"embeddable":true,"href":"https:\/\/maxc.io\/fr\/wp-json\/wp\/v2\/users\/1"}],"replies":[{"embeddable":true,"href":"https:\/\/maxc.io\/fr\/wp-json\/wp\/v2\/comments?post=4305"}],"version-history":[{"count":11,"href":"https:\/\/maxc.io\/fr\/wp-json\/wp\/v2\/pages\/4305\/revisions"}],"predecessor-version":[{"id":8841,"href":"https:\/\/maxc.io\/fr\/wp-json\/wp\/v2\/pages\/4305\/revisions\/8841"}],"up":[{"embeddable":true,"href":"https:\/\/maxc.io\/fr\/wp-json\/wp\/v2\/pages\/4347"}],"wp:featuredmedia":[{"embeddable":true,"href":"https:\/\/maxc.io\/fr\/wp-json\/wp\/v2\/media\/8728"}],"wp:attachment":[{"href":"https:\/\/maxc.io\/fr\/wp-json\/wp\/v2\/media?parent=4305"}],"curies":[{"name":"wp","href":"https:\/\/api.w.org\/{rel}","templated":true}]}}