{"id":4368,"date":"2022-06-15T17:17:18","date_gmt":"2022-06-15T16:17:18","guid":{"rendered":"https:\/\/maxc.io\/website-terms-and-conditions\/"},"modified":"2023-11-02T12:50:26","modified_gmt":"2023-11-02T12:50:26","slug":"site-web-termes-et-conditions","status":"publish","type":"page","link":"https:\/\/maxc.io\/fr\/site-web-termes-et-conditions\/","title":{"rendered":"Conditions d&rsquo;utilisation du site web"},"content":{"rendered":"\n<p><strong>1. Introduction<\/strong><\/p>\n\n<p>1.1 Les pr\u00e9sentes conditions g\u00e9n\u00e9rales r\u00e9gissent votre utilisation de notre site web.<\/p>\n\n<p>1.2 En utilisant notre site web, vous acceptez les pr\u00e9sentes conditions dans leur int\u00e9gralit\u00e9 ; par cons\u00e9quent, si vous n&rsquo;\u00eates pas d&rsquo;accord avec tout ou partie des pr\u00e9sentes conditions, vous ne devez pas utiliser notre site web.<\/p>\n\n<p>1.3 Si vous vous inscrivez sur notre site web, si vous y soumettez du mat\u00e9riel ou si vous utilisez l&rsquo;un de nos services, nous vous demanderons d&rsquo;accepter express\u00e9ment les pr\u00e9sentes conditions g\u00e9n\u00e9rales.<\/p>\n\n<p><strong>2. Avis de droit d&rsquo;auteur<\/strong><\/p>\n\n<p>2.1 Copyright (c) 2023 Maxicandi Ltd.<\/p>\n\n<p>2.2 Sous r\u00e9serve des dispositions expresses des pr\u00e9sentes conditions g\u00e9n\u00e9rales :<\/p>\n\n<p>(a) nous, ainsi que nos conc\u00e9dants, d\u00e9tenons et contr\u00f4lons tous les droits d&rsquo;auteur et autres droits de propri\u00e9t\u00e9 intellectuelle sur notre site web et le mat\u00e9riel qui y figure ; et<\/p>\n\n<p>(b) tous les droits d&rsquo;auteur et autres droits de propri\u00e9t\u00e9 intellectuelle relatifs \u00e0 notre site web et \u00e0 son contenu sont r\u00e9serv\u00e9s.<\/p>\n\n<p><strong>3. Autorisation d&rsquo;utiliser le site web<\/strong><\/p>\n\n<p>3.1 Vous pouvez :<\/p>\n\n<p>(a) consulter les pages de notre site web dans un navigateur web ;<\/p>\n\n<p>(b) t\u00e9l\u00e9charger des pages de notre site web pour les mettre en cache dans un navigateur web ;<\/p>\n\n<p>(c) imprimer des pages de notre site web pour votre usage personnel et non commercial ;<\/p>\n\n<p>(d) diffuser des fichiers audio et vid\u00e9o \u00e0 partir de notre site web en utilisant le lecteur multim\u00e9dia de notre site web ; et<\/p>\n\n<p>(e) utiliser les services de notre site web au moyen d&rsquo;un navigateur web,<\/p>\n\n<p>sous r\u00e9serve des autres dispositions des pr\u00e9sentes conditions g\u00e9n\u00e9rales.<\/p>\n\n<p>3.2 Sauf autorisation expresse de la section 3.1 ou des autres dispositions des pr\u00e9sentes conditions g\u00e9n\u00e9rales, vous ne devez pas t\u00e9l\u00e9charger de mat\u00e9riel \u00e0 partir de notre site web ni enregistrer ce mat\u00e9riel sur votre ordinateur.<\/p>\n\n<p>3.3 Vous ne pouvez utiliser notre site web qu&rsquo;\u00e0 des fins personnelles et professionnelles ; vous ne devez pas utiliser notre site web \u00e0 d&rsquo;autres fins.<\/p>\n\n<p>3.4 Sauf autorisation expresse des pr\u00e9sentes conditions g\u00e9n\u00e9rales, vous ne devez pas \u00e9diter ou modifier de quelque mani\u00e8re que ce soit le contenu de notre site web.<\/p>\n\n<p>3.5 \u00c0 moins que vous ne poss\u00e9diez ou ne contr\u00f4liez les droits pertinents sur le mat\u00e9riel, vous ne devez pas :<\/p>\n\n<p>(a) republier du mat\u00e9riel provenant de notre site web (y compris la republication sur un autre site web) ;<\/p>\n\n<p>(b) vendre, louer ou conc\u00e9der des sous-licences sur le mat\u00e9riel de notre site web ;<\/p>\n\n<p>(c) montrer en public tout mat\u00e9riel provenant de notre site web ;<\/p>\n\n<p>(d) exploiter le mat\u00e9riel de notre site web \u00e0 des fins commerciales ; ou<\/p>\n\n<p>(e) redistribuer du mat\u00e9riel provenant de notre site web.<\/p>\n\n<p>3.6 Nonobstant l&rsquo;article 3.5, vous pouvez redistribuer notre lettre d&rsquo;information sous forme imprim\u00e9e et \u00e9lectronique \u00e0 toute personne.<\/p>\n\n<p>3.7 Nous nous r\u00e9servons le droit de suspendre ou de restreindre l&rsquo;acc\u00e8s \u00e0 notre site web, \u00e0 des zones de notre site web et\/ou \u00e0 des fonctionnalit\u00e9s de notre site web. Nous pouvons, par exemple, suspendre l&rsquo;acc\u00e8s au site web pendant la maintenance du serveur ou lorsque nous mettons \u00e0 jour le site web. Vous ne devez pas contourner, ni tenter de contourner, ni tenter de contourner les mesures de restriction d&rsquo;acc\u00e8s au site web.<\/p>\n\n<p><strong>4. Utilisation abusive du site web<\/strong><\/p>\n\n<p>4.1 Vous ne devez pas :<\/p>\n\n<p>(a) utiliser notre site web de quelque mani\u00e8re que ce soit ou prendre des mesures qui causent, ou peuvent causer, des dommages au site web ou une atteinte aux performances, \u00e0 la disponibilit\u00e9, \u00e0 l&rsquo;accessibilit\u00e9, \u00e0 l&rsquo;int\u00e9grit\u00e9 ou \u00e0 la s\u00e9curit\u00e9 du site web ;<\/p>\n\n<p>(b) utiliser notre site web d&rsquo;une mani\u00e8re ill\u00e9gale, illicite, frauduleuse ou pr\u00e9judiciable, ou dans le cadre d&rsquo;un objectif ou d&rsquo;une activit\u00e9 ill\u00e9gale, illicite, frauduleuse ou pr\u00e9judiciable ;<\/p>\n\n<p>(c) pirater ou alt\u00e9rer de toute autre mani\u00e8re notre site web ;<\/p>\n\n<p>(d) sonder, scanner ou tester la vuln\u00e9rabilit\u00e9 de notre site web sans notre autorisation ;<\/p>\n\n<p>(e) contourner tout syst\u00e8me ou processus d&rsquo;authentification ou de s\u00e9curit\u00e9 sur ou en rapport avec notre site web ;<\/p>\n\n<p>(f) utiliser notre site web pour copier, stocker, h\u00e9berger, transmettre, envoyer, utiliser, publier ou distribuer tout mat\u00e9riel qui consiste en (ou est li\u00e9 \u00e0) un logiciel espion, un virus informatique, un cheval de Troie, un ver, un enregistreur de frappe, un rootkit ou tout autre logiciel informatique malveillant ;<\/p>\n\n<p>(g) imposer une charge d\u00e9raisonnable aux ressources de notre site web (y compris la bande passante, la capacit\u00e9 de stockage et la capacit\u00e9 de traitement) ;<\/p>\n\n<p>(h) d\u00e9crypter ou d\u00e9chiffrer toute communication envoy\u00e9e par ou vers notre site web sans notre autorisation ;<\/p>\n\n<p>(i) mener des activit\u00e9s de collecte de donn\u00e9es syst\u00e9matiques ou automatis\u00e9es (y compris, mais sans s&rsquo;y limiter, le scraping, le data mining, l&rsquo;extraction de donn\u00e9es et la r\u00e9colte de donn\u00e9es) sur notre site web ou en relation avec celui-ci, sans notre consentement \u00e9crit expr\u00e8s ;<\/p>\n\n<p>(j) acc\u00e9der \u00e0 notre site web ou interagir avec lui par le biais d&rsquo;un robot, d&rsquo;une araign\u00e9e ou d&rsquo;autres moyens automatis\u00e9s, sauf \u00e0 des fins d&rsquo;indexation par un moteur de recherche ;<\/p>\n\n<p>(k) utiliser notre site web autrement que par le biais de nos interfaces publiques ;<\/p>\n\n<p>(l) violer les directives \u00e9nonc\u00e9es dans le fichier robots.txt de notre site web ;<\/p>\n\n<p>(m) utiliser les donn\u00e9es collect\u00e9es sur notre site web pour toute activit\u00e9 de marketing direct (y compris, mais sans s&rsquo;y limiter, le marketing par courrier \u00e9lectronique, le marketing par SMS, le t\u00e9l\u00e9marketing et le publipostage) ; ou<\/p>\n\n<p>(n) faire quoi que ce soit qui interf\u00e8re avec l&rsquo;utilisation normale de notre site web.<\/p>\n\n<p>4.2 Vous ne devez pas utiliser les donn\u00e9es collect\u00e9es sur notre site web pour contacter des individus, des entreprises ou d&rsquo;autres personnes ou entit\u00e9s.<\/p>\n\n<p>4.3 Vous devez vous assurer que toutes les informations que vous nous fournissez par l&rsquo;interm\u00e9diaire de notre site web, ou en relation avec notre site web, sont vraies, exactes, actuelles, compl\u00e8tes et non trompeuses.<\/p>\n\n<p><strong>5. Enregistrement et comptes<\/strong><\/p>\n\n<p>5.1 Vous pouvez ouvrir un compte sur notre site web en remplissant et en soumettant le formulaire d&rsquo;ouverture de compte sur notre site web et en cliquant sur le lien de v\u00e9rification figurant dans l&rsquo;e-mail que le site web vous enverra.<\/p>\n\n<p>5.2 Vous ne devez pas permettre \u00e0 une autre personne d&rsquo;utiliser votre compte pour acc\u00e9der au site web.<\/p>\n\n<p>5.3 Vous devez nous informer imm\u00e9diatement par \u00e9crit si vous avez connaissance d&rsquo;une utilisation non autoris\u00e9e de votre compte.<\/p>\n\n<p>5.4 Vous ne devez pas utiliser le compte d&rsquo;une autre personne pour acc\u00e9der au site web.<\/p>\n\n<p><strong>6. Donn\u00e9es de connexion de l&rsquo;utilisateur<\/strong><\/p>\n\n<p>6.1 Si vous cr\u00e9ez un compte sur notre site web, il vous sera demand\u00e9 de choisir un nom d&rsquo;utilisateur et un mot de passe.<\/p>\n\n<p>6.2 Votre identifiant ne doit pas \u00eatre susceptible d&rsquo;induire en erreur et doit \u00eatre conforme aux r\u00e8gles de contenu \u00e9nonc\u00e9es \u00e0 l&rsquo;article 10 ; vous ne devez pas utiliser votre compte ou votre identifiant pour usurper l&rsquo;identit\u00e9 d&rsquo;une personne ou en relation avec une telle usurpation.<\/p>\n\n<p>6.3 Vous devez garder votre mot de passe confidentiel.<\/p>\n\n<p>6.4 Vous devez nous informer imm\u00e9diatement par \u00e9crit si vous avez connaissance d&rsquo;une divulgation de votre mot de passe.<\/p>\n\n<p>6.5 Vous \u00eates responsable de toute activit\u00e9 sur notre site web r\u00e9sultant d&rsquo;un manquement \u00e0 la confidentialit\u00e9 de votre mot de passe, et pouvez \u00eatre tenu responsable de toute perte r\u00e9sultant d&rsquo;un tel manquement.<\/p>\n\n<p><strong>7. Nos droits d&rsquo;utilisation de votre contenu<\/strong><\/p>\n\n<p>7.1 Dans les pr\u00e9sentes conditions g\u00e9n\u00e9rales, on entend par \u00ab\u00a0votre contenu\u00a0\u00bb toutes les \u0153uvres et tous les mat\u00e9riels (y compris, mais sans s&rsquo;y limiter, les textes, les graphiques, les images, le mat\u00e9riel audio, le mat\u00e9riel vid\u00e9o, le mat\u00e9riel audiovisuel, les scripts, les logiciels et les fichiers) que vous nous soumettez ou que vous soumettez \u00e0 notre site web en vue de leur stockage ou de leur publication sur notre site web, de leur traitement ou de leur transmission par l&rsquo;interm\u00e9diaire de notre site web.<\/p>\n\n<p>7.2 Vous nous accordez une licence mondiale, irr\u00e9vocable, non exclusive et libre de redevances pour utiliser, reproduire, stocker, adapter, publier, traduire et distribuer votre contenu dans tout m\u00e9dia existant ou futur.<\/p>\n\n<p>7.3 Vous nous accordez le droit de conc\u00e9der des sous-licences sur les droits conc\u00e9d\u00e9s en vertu de l&rsquo;article 7.2.<\/p>\n\n<p>7.4 Vous nous accordez le droit d&rsquo;intenter une action pour violation des droits conc\u00e9d\u00e9s en vertu de l&rsquo;article 7.2.<\/p>\n\n<p>7.5 Vous renoncez par la pr\u00e9sente \u00e0 tous vos droits moraux sur votre contenu dans la mesure maximale autoris\u00e9e par la loi applicable ; et vous garantissez et d\u00e9clarez que tous les autres droits moraux sur votre contenu ont \u00e9t\u00e9 abandonn\u00e9s dans la mesure maximale autoris\u00e9e par la loi applicable.<\/p>\n\n<p>7.6 Vous pouvez modifier votre contenu dans la mesure permise en utilisant la fonctionnalit\u00e9 d&rsquo;\u00e9dition disponible sur notre site web.<\/p>\n\n<p>7.7 Sans pr\u00e9judice de nos autres droits en vertu des pr\u00e9sentes conditions g\u00e9n\u00e9rales, si vous enfreignez l&rsquo;une des dispositions des pr\u00e9sentes conditions g\u00e9n\u00e9rales de quelque mani\u00e8re que ce soit, ou si nous soup\u00e7onnons raisonnablement que vous avez enfreint les pr\u00e9sentes conditions g\u00e9n\u00e9rales de quelque mani\u00e8re que ce soit, nous pouvons supprimer, d\u00e9publier ou \u00e9diter tout ou partie de votre contenu.<\/p>\n\n<p><strong>8. R\u00e8gles relatives au contenu<\/strong><\/p>\n\n<p>8.1 Vous garantissez et d\u00e9clarez que votre contenu est conforme aux pr\u00e9sentes conditions g\u00e9n\u00e9rales.<\/p>\n\n<p>8.2 Votre contenu ne doit pas \u00eatre ill\u00e9gal ou illicite, ne doit pas enfreindre les droits l\u00e9gaux de quiconque et ne doit pas pouvoir donner lieu \u00e0 une action en justice \u00e0 l&rsquo;encontre de quiconque (dans chaque cas, dans n&rsquo;importe quelle juridiction et en vertu de n&rsquo;importe quelle loi applicable).<\/p>\n\n<p>8.3 Votre contenu et l&rsquo;utilisation de votre contenu par nous conform\u00e9ment aux pr\u00e9sentes conditions g\u00e9n\u00e9rales ne doivent pas :<\/p>\n\n<p>(a) \u00eatre diffamatoire ou malicieusement faux ;<\/p>\n\n<p>(b) \u00eatre obsc\u00e8ne ou ind\u00e9cent ;<\/p>\n\n<p>(c) enfreindre un droit d&rsquo;auteur, un droit moral, un droit de base de donn\u00e9es, un droit de marque, un droit de conception, un droit de substitution ou tout autre droit de propri\u00e9t\u00e9 intellectuelle ;<\/p>\n\n<p>(d) enfreindre tout droit de confidentialit\u00e9, droit \u00e0 la vie priv\u00e9e ou droit en vertu de la l\u00e9gislation sur la protection des donn\u00e9es ;<\/p>\n\n<p>(e) constituer un conseil n\u00e9gligent ou contenir une d\u00e9claration n\u00e9gligente ;<\/p>\n\n<p>(f) constituent une incitation \u00e0 commettre un d\u00e9lit, des instructions pour la commission d&rsquo;un d\u00e9lit ou la promotion d&rsquo;une activit\u00e9 criminelle ;<\/p>\n\n<p>(g) se rendre coupable d&rsquo;outrage \u00e0 magistrat ou de violation d&rsquo;une d\u00e9cision de justice ;<\/p>\n\n<p>(h) \u00eatre en infraction avec la l\u00e9gislation relative \u00e0 la haine ou \u00e0 la discrimination raciale ou religieuse ;<\/p>\n\n<p>(i) \u00eatre blasph\u00e9matoire ;<\/p>\n\n<p>(j) \u00eatre en infraction avec la l\u00e9gislation sur les secrets d&rsquo;\u00c9tat ;<\/p>\n\n<p>(k) manquer \u00e0 une obligation contractuelle \u00e0 l&rsquo;\u00e9gard d&rsquo;une personne ;<\/p>\n\n<p>(l) repr\u00e9senter la violence de mani\u00e8re explicite, graphique ou gratuite ;<\/p>\n\n<p>(m) \u00eatre pornographique, obsc\u00e8ne, suggestif ou sexuellement explicite ;<\/p>\n\n<p>(n) \u00eatre fausses, erron\u00e9es, inexactes ou trompeuses ;<\/p>\n\n<p>(o) consistent ou contiennent des instructions, des conseils ou d&rsquo;autres informations susceptibles d&rsquo;\u00eatre suivis d&rsquo;effets et de provoquer des maladies, des blessures ou la mort, ou toute autre perte ou tout autre dommage ;<\/p>\n\n<p>(p) constituer du spam ;<\/p>\n\n<p>(q) \u00eatre offensants, trompeurs, frauduleux, mena\u00e7ants, abusifs, harcelants, antisociaux, mena\u00e7ants, haineux, discriminatoires ou incendiaires ; ou<\/p>\n\n<p>(r) causer des ennuis, des d\u00e9sagr\u00e9ments ou une anxi\u00e9t\u00e9 inutile \u00e0 toute personne.<\/p>\n\n<p><strong>9. Garanties limit\u00e9es<\/strong><\/p>\n\n<p>9.1 Nous ne garantissons pas et ne repr\u00e9sentons pas :<\/p>\n\n<p>(a) l&rsquo;exhaustivit\u00e9 ou l&rsquo;exactitude des informations publi\u00e9es sur notre site web ;<\/p>\n\n<p>(b) que le mat\u00e9riel sur le site web est \u00e0 jour ;<\/p>\n\n<p>(c) que le site web fonctionnera sans d\u00e9faut ; ou<\/p>\n\n<p>(d) que le site web ou tout service sur le site web restera disponible.<\/p>\n\n<p>9.2 Nous nous r\u00e9servons le droit d&rsquo;interrompre ou de modifier tout ou partie des services de notre site web, et de cesser de publier notre site web, \u00e0 tout moment et \u00e0 notre seule discr\u00e9tion, sans pr\u00e9avis ni explication ; et sauf disposition contraire expresse dans les pr\u00e9sentes conditions g\u00e9n\u00e9rales, vous n&rsquo;aurez droit \u00e0 aucune compensation ou autre paiement en cas d&rsquo;interruption ou de modification des services du site web, ou si nous cessons de publier le site web.<\/p>\n\n<p>9.3 Dans la mesure maximale autoris\u00e9e par la loi applicable et sous r\u00e9serve de l&rsquo;article 10.1, nous excluons toutes les d\u00e9clarations et garanties relatives \u00e0 l&rsquo;objet des pr\u00e9sentes conditions g\u00e9n\u00e9rales, \u00e0 notre site web et \u00e0 l&rsquo;utilisation de notre site web.<\/p>\n\n<p><strong>10. Limitations et exclusions de responsabilit\u00e9<\/strong><\/p>\n\n<p>10.1 Aucune disposition des pr\u00e9sentes conditions g\u00e9n\u00e9rales n&rsquo;est applicable :<\/p>\n\n<p>(a) limiter ou exclure toute responsabilit\u00e9 en cas de d\u00e9c\u00e8s ou de dommages corporels r\u00e9sultant d&rsquo;une n\u00e9gligence ;<\/p>\n\n<p>(b) limiter ou exclure toute responsabilit\u00e9 en cas de fraude ou de d\u00e9claration frauduleuse ;<\/p>\n\n<p>(c) limiter toute responsabilit\u00e9 d&rsquo;une mani\u00e8re qui n&rsquo;est pas autoris\u00e9e par le droit applicable ; ou<\/p>\n\n<p>(d) exclure toute responsabilit\u00e9 qui ne peut \u00eatre exclue en vertu du droit applicable.<\/p>\n\n<p>10.2 Les limitations et exclusions de responsabilit\u00e9 \u00e9nonc\u00e9es dans la pr\u00e9sente section 10 et ailleurs dans les pr\u00e9sentes conditions g\u00e9n\u00e9rales :<\/p>\n\n<p>(a) sont soumis \u00e0 la section 10.1 ; et<\/p>\n\n<p>(b) r\u00e9gissent toutes les responsabilit\u00e9s d\u00e9coulant des pr\u00e9sentes conditions g\u00e9n\u00e9rales ou li\u00e9es \u00e0 l&rsquo;objet des pr\u00e9sentes conditions g\u00e9n\u00e9rales, y compris les responsabilit\u00e9s contractuelles, d\u00e9lictuelles (y compris la n\u00e9gligence) et pour manquement \u00e0 une obligation l\u00e9gale, sauf dans la mesure o\u00f9 les pr\u00e9sentes conditions g\u00e9n\u00e9rales en disposent express\u00e9ment autrement.<\/p>\n\n<p>10.3 Dans la mesure o\u00f9 notre site web et les informations et services qu&rsquo;il contient sont fournis gratuitement, nous ne sommes pas responsables des pertes ou dommages de quelque nature que ce soit.<\/p>\n\n<p>10.4 Nous ne serons pas responsables envers vous des pertes r\u00e9sultant d&rsquo;un ou de plusieurs \u00e9v\u00e9nements \u00e9chappant \u00e0 notre contr\u00f4le raisonnable.<\/p>\n\n<p>10.5 Nous ne serons pas responsables envers vous des pertes commerciales, y compris (sans limitation) la perte ou l&rsquo;endommagement de b\u00e9n\u00e9fices, de revenus, de recettes, d&rsquo;utilisation, de production, d&rsquo;\u00e9conomies anticip\u00e9es, d&rsquo;affaires, de contrats, d&rsquo;opportunit\u00e9s commerciales ou de fonds de commerce.<\/p>\n\n<p>10.6 Nous ne serons pas responsables envers vous de la perte ou de la corruption de toute donn\u00e9e, base de donn\u00e9es ou logiciel.<\/p>\n\n<p>10.7 Nous ne serons pas responsables envers vous des pertes ou dommages sp\u00e9ciaux, indirects ou cons\u00e9cutifs.<\/p>\n\n<p>10.8 Vous acceptez que nous ayons int\u00e9r\u00eat \u00e0 limiter la responsabilit\u00e9 personnelle de nos dirigeants et employ\u00e9s et, compte tenu de cet int\u00e9r\u00eat, vous reconnaissez que nous sommes une entit\u00e9 \u00e0 responsabilit\u00e9 limit\u00e9e ; vous acceptez de ne pas porter plainte personnellement contre nos dirigeants ou employ\u00e9s pour toute perte subie en rapport avec le site web ou les pr\u00e9sentes conditions g\u00e9n\u00e9rales (ceci ne limitera ni n&rsquo;exclura, bien entendu, la responsabilit\u00e9 de l&rsquo;entit\u00e9 \u00e0 responsabilit\u00e9 limit\u00e9e elle-m\u00eame pour les actes et omissions de nos dirigeants et employ\u00e9s).<\/p>\n\n<p><strong>11. Violation des pr\u00e9sentes conditions g\u00e9n\u00e9rales<\/strong><\/p>\n\n<p>11.1 Sans pr\u00e9judice de nos autres droits en vertu des pr\u00e9sentes conditions g\u00e9n\u00e9rales, si vous enfreignez les pr\u00e9sentes conditions g\u00e9n\u00e9rales de quelque mani\u00e8re que ce soit, ou si nous soup\u00e7onnons raisonnablement que vous avez enfreint les pr\u00e9sentes conditions g\u00e9n\u00e9rales de quelque mani\u00e8re que ce soit, nous pouvons.. :<\/p>\n\n<p>(a) vous adresser un ou plusieurs avertissements formels ;<\/p>\n\n<p>(b) suspendre temporairement votre acc\u00e8s \u00e0 notre site web ;<\/p>\n\n<p>(c) vous interdire d\u00e9finitivement l&rsquo;acc\u00e8s \u00e0 notre site web ;<\/p>\n\n<p>(d) emp\u00eacher les ordinateurs utilisant votre adresse IP d&rsquo;acc\u00e9der \u00e0 notre site web ;<\/p>\n\n<p>(e) intenter une action en justice contre vous, que ce soit pour rupture de contrat ou autre ; et\/ou<\/p>\n\n<p>(f) suspendre ou supprimer votre compte sur notre site web.<\/p>\n\n<p>11.2 Lorsque nous suspendons, interdisons ou bloquons votre acc\u00e8s \u00e0 notre site web ou \u00e0 une partie de celui-ci, vous ne devez prendre aucune mesure pour contourner cette suspension, cette interdiction ou ce blocage (y compris, sans s&rsquo;y limiter, la cr\u00e9ation et\/ou l&rsquo;utilisation d&rsquo;un compte diff\u00e9rent).<\/p>\n\n<p><strong>12. Variation<\/strong><\/p>\n\n<p>12.1 Nous pouvons r\u00e9viser les pr\u00e9sentes conditions g\u00e9n\u00e9rales de temps \u00e0 autre.<\/p>\n\n<p>12.2 Les conditions g\u00e9n\u00e9rales r\u00e9vis\u00e9es s&rsquo;appliquent \u00e0 l&rsquo;utilisation de notre site web \u00e0 compter de la date de publication des conditions g\u00e9n\u00e9rales r\u00e9vis\u00e9es sur le site web, et vous renoncez par la pr\u00e9sente \u00e0 tout droit que vous pourriez avoir par ailleurs d&rsquo;\u00eatre inform\u00e9 des r\u00e9visions de ces conditions g\u00e9n\u00e9rales ou d&rsquo;y consentir.<\/p>\n\n<p>12.3 Si vous avez donn\u00e9 votre accord expr\u00e8s \u00e0 ces conditions g\u00e9n\u00e9rales, nous vous demanderons votre accord expr\u00e8s pour toute r\u00e9vision de ces conditions g\u00e9n\u00e9rales ; et si vous ne donnez pas votre accord expr\u00e8s aux conditions g\u00e9n\u00e9rales r\u00e9vis\u00e9es dans le d\u00e9lai que nous pouvons sp\u00e9cifier, nous d\u00e9sactiverons ou supprimerons votre compte sur le site web, et vous devrez cesser d&rsquo;utiliser le site web.<\/p>\n\n<p><strong>13. Affectation<\/strong><\/p>\n\n<p>13.1 Vous acceptez par la pr\u00e9sente que nous puissions c\u00e9der, transf\u00e9rer, sous-traiter ou traiter de toute autre mani\u00e8re nos droits et\/ou obligations en vertu des pr\u00e9sentes conditions g\u00e9n\u00e9rales.<\/p>\n\n<p>13.2 Vous ne pouvez pas, sans notre consentement \u00e9crit pr\u00e9alable, c\u00e9der, transf\u00e9rer, sous-traiter ou traiter de toute autre mani\u00e8re l&rsquo;un quelconque de vos droits et\/ou obligations en vertu des pr\u00e9sentes conditions g\u00e9n\u00e9rales.<\/p>\n\n<p><strong>14. Divisibilit\u00e9<\/strong><\/p>\n\n<p>14.1 Si une disposition des pr\u00e9sentes conditions g\u00e9n\u00e9rales est jug\u00e9e ill\u00e9gale et\/ou inapplicable par un tribunal ou une autre autorit\u00e9 comp\u00e9tente, les autres dispositions resteront en vigueur.<\/p>\n\n<p>14.2 Si une disposition ill\u00e9gale et\/ou inapplicable des pr\u00e9sentes conditions g\u00e9n\u00e9rales serait l\u00e9gale ou applicable si une partie \u00e9tait supprim\u00e9e, cette partie sera consid\u00e9r\u00e9e comme supprim\u00e9e et le reste de la disposition restera en vigueur.<\/p>\n\n<p><strong>15. Droits des tiers<\/strong><\/p>\n\n<p>15.1 Un contrat conclu en vertu des pr\u00e9sentes conditions g\u00e9n\u00e9rales l&rsquo;est \u00e0 notre profit et au v\u00f4tre, et n&rsquo;est pas destin\u00e9 \u00e0 profiter \u00e0 un tiers ou \u00e0 lui \u00eatre opposable.<\/p>\n\n<p>15.2 L&rsquo;exercice des droits des parties dans le cadre d&rsquo;un contrat conclu en vertu des pr\u00e9sentes conditions g\u00e9n\u00e9rales n&rsquo;est pas subordonn\u00e9 au consentement d&rsquo;un tiers.<\/p>\n\n<p><strong>16. Int\u00e9gralit\u00e9 de l&rsquo;accord<\/strong><\/p>\n\n<p>16.1 Sous r\u00e9serve de l&rsquo;article 10.1, les pr\u00e9sentes conditions g\u00e9n\u00e9rales, ainsi que notre politique en mati\u00e8re de confidentialit\u00e9 et de cookies, constituent l&rsquo;int\u00e9gralit\u00e9 de l&rsquo;accord entre vous et nous en ce qui concerne votre utilisation de notre site web et remplacent tous les accords ant\u00e9rieurs entre vous et nous en ce qui concerne votre utilisation de notre site web.<\/p>\n\n<p><strong>17. Droit et juridiction<\/strong><\/p>\n\n<p>17.1 Les pr\u00e9sentes conditions g\u00e9n\u00e9rales sont r\u00e9gies et interpr\u00e9t\u00e9es conform\u00e9ment au droit anglais.<\/p>\n\n<p>17.2 Tout litige relatif aux pr\u00e9sentes conditions g\u00e9n\u00e9rales sera soumis \u00e0 la comp\u00e9tence exclusive des tribunaux d&rsquo;Angleterre.<\/p>\n\n<p><strong>18. Informations statutaires et r\u00e9glementaires<\/strong><\/p>\n\n<p>18.1 Notre num\u00e9ro de TVA est GB410680234.<\/p>\n\n<p><strong>19. Nos coordonn\u00e9es<\/strong><\/p>\n\n<p>19.1 Ce site web est d\u00e9tenu et exploit\u00e9 par Maxicandi Ltd.<\/p>\n\n<p>19.2 Nous sommes enregistr\u00e9s en Angleterre et au Pays de Galles sous le num\u00e9ro d&rsquo;enregistrement 10902855, et notre si\u00e8ge social est situ\u00e9 \u00e0 85 Great Portland Street, First Floor, Londres, Angleterre, W1W 7LT.<\/p>\n\n<p>19.3 Vous pouvez nous contacter :<\/p>\n\n<p>(a) en utilisant le formulaire de contact de notre site web ; ou<\/p>\n\n<p>(b) par courrier \u00e9lectronique, en utilisant l&rsquo;adresse \u00e9lectronique publi\u00e9e sur notre site web.<\/p>\n\n<div style=\"height:100px\" aria-hidden=\"true\" class=\"wp-block-spacer\"><\/div>\n","protected":false},"excerpt":{"rendered":"<p>1. Introduction 1.1 Les pr\u00e9sentes conditions g\u00e9n\u00e9rales r\u00e9gissent votre utilisation de notre site web. 1.2 En utilisant notre site web, vous acceptez les pr\u00e9sentes conditions dans leur int\u00e9gralit\u00e9 ; par cons\u00e9quent, si vous n&rsquo;\u00eates pas d&rsquo;accord avec tout ou partie des pr\u00e9sentes conditions, vous ne devez pas utiliser notre site web. 1.3 Si vous vous [&hellip;]<\/p>\n","protected":false},"author":1,"featured_media":0,"parent":0,"menu_order":0,"comment_status":"closed","ping_status":"closed","template":"","meta":{"slim_seo":{"title":"Conditions d'utilisation du site web - maxc.io","description":"1. Introduction 1.1 Les pr\u00e9sentes conditions g\u00e9n\u00e9rales r\u00e9gissent votre utilisation de notre site web. 1.2 En utilisant notre site web, vous acceptez les pr\u00e9sent"},"footnotes":""},"class_list":["post-4368","page","type-page","status-publish","hentry"],"pp_statuses_selecting_workflow":false,"pp_workflow_action":"current","pp_status_selection":"publish","_links":{"self":[{"href":"https:\/\/maxc.io\/fr\/wp-json\/wp\/v2\/pages\/4368","targetHints":{"allow":["GET"]}}],"collection":[{"href":"https:\/\/maxc.io\/fr\/wp-json\/wp\/v2\/pages"}],"about":[{"href":"https:\/\/maxc.io\/fr\/wp-json\/wp\/v2\/types\/page"}],"author":[{"embeddable":true,"href":"https:\/\/maxc.io\/fr\/wp-json\/wp\/v2\/users\/1"}],"replies":[{"embeddable":true,"href":"https:\/\/maxc.io\/fr\/wp-json\/wp\/v2\/comments?post=4368"}],"version-history":[{"count":4,"href":"https:\/\/maxc.io\/fr\/wp-json\/wp\/v2\/pages\/4368\/revisions"}],"predecessor-version":[{"id":6990,"href":"https:\/\/maxc.io\/fr\/wp-json\/wp\/v2\/pages\/4368\/revisions\/6990"}],"wp:attachment":[{"href":"https:\/\/maxc.io\/fr\/wp-json\/wp\/v2\/media?parent=4368"}],"curies":[{"name":"wp","href":"https:\/\/api.w.org\/{rel}","templated":true}]}}