{"id":4119,"date":"2023-04-07T18:22:05","date_gmt":"2023-04-07T17:22:05","guid":{"rendered":"https:\/\/maxc.io\/product\/collaboration-nextcloud\/"},"modified":"2025-03-20T12:00:35","modified_gmt":"2025-03-20T12:00:35","slug":"edition-de-documents-collaborative-pour-nextcloud-onlyoffice","status":"publish","type":"product","link":"https:\/\/maxc.io\/fr\/produit\/edition-de-documents-collaborative-pour-nextcloud-onlyoffice\/","title":{"rendered":"Documents collaboratifs pour Nextcloud &#8211; ONLYOFFICE"},"content":{"rendered":"\n<ul class=\"wp-block-list\">\n<li><a href=\"https:\/\/www.onlyoffice.com\/\">ONLYOFFICE<\/a>: \u00e9dition collaborative de documents \u00e0 distance et en temps r\u00e9el<\/li>\n<\/ul>\n","protected":false},"excerpt":{"rendered":"<p>Extension de collaboration documentaire <a href=\"https:\/\/www.onlyoffice.com\/\">ONLYOFFICE<\/a> pour Nextcloud<\/p>\n","protected":false},"featured_media":6500,"template":"","meta":{"slim_seo":{"title":"Documents collaboratifs pour Nextcloud - ONLYOFFICE - maxc.io","description":"Extension de collaboration documentaire ONLYOFFICE pour Nextcloud"}},"product_cat":[278,118],"product_tag":[139],"class_list":{"0":"post-4119","1":"product","2":"type-product","3":"status-publish","4":"has-post-thumbnail","6":"product_cat-documents-fr","7":"product_cat-extensions-fr","8":"product_tag-documents-fr","10":"first","11":"instock","12":"virtual","13":"sold-individually","14":"taxable","15":"purchasable","16":"product-type-simple"},"pp_statuses_selecting_workflow":false,"pp_workflow_action":"current","pp_status_selection":"publish","_links":{"self":[{"href":"https:\/\/maxc.io\/fr\/wp-json\/wp\/v2\/product\/4119","targetHints":{"allow":["GET"]}}],"collection":[{"href":"https:\/\/maxc.io\/fr\/wp-json\/wp\/v2\/product"}],"about":[{"href":"https:\/\/maxc.io\/fr\/wp-json\/wp\/v2\/types\/product"}],"wp:featuredmedia":[{"embeddable":true,"href":"https:\/\/maxc.io\/fr\/wp-json\/wp\/v2\/media\/6500"}],"wp:attachment":[{"href":"https:\/\/maxc.io\/fr\/wp-json\/wp\/v2\/media?parent=4119"}],"wp:term":[{"taxonomy":"product_cat","embeddable":true,"href":"https:\/\/maxc.io\/fr\/wp-json\/wp\/v2\/product_cat?post=4119"},{"taxonomy":"product_tag","embeddable":true,"href":"https:\/\/maxc.io\/fr\/wp-json\/wp\/v2\/product_tag?post=4119"}],"curies":[{"name":"wp","href":"https:\/\/api.w.org\/{rel}","templated":true}]}}