{"id":4140,"date":"2023-04-07T16:31:53","date_gmt":"2023-04-07T15:31:53","guid":{"rendered":"https:\/\/maxc.io\/product\/gestionnaire-de-mots-de-passe-pour-les-equipes\/"},"modified":"2025-03-20T12:00:35","modified_gmt":"2025-03-20T12:00:35","slug":"passbolt-gestionnaire-de-mots-de-passe-pour-les-equipes","status":"publish","type":"product","link":"https:\/\/maxc.io\/fr\/produit\/passbolt-gestionnaire-de-mots-de-passe-pour-les-equipes\/","title":{"rendered":"Passbolt &#8211; Gestionnaire de mots de passe pour les \u00e9quipes"},"content":{"rendered":"\n<ul class=\"wp-block-list\">\n<li>Passbolt Community Edition<\/li>\n\n\n\n<li>Logiciels libres<\/li>\n\n\n\n<li>Install\u00e9 sur un serveur d\u00e9di\u00e9 et isol\u00e9<\/li>\n\n\n\n<li>Configur\u00e9 selon vos propres besoins<\/li>\n\n\n\n<li>Portail d&rsquo;assistance pour les utilisateurs de l&rsquo;administration<\/li>\n\n\n\n<li>Maintenu et toujours mis \u00e0 jour<\/li>\n\n\n\n<li>10 utilisateurs<\/li>\n<\/ul>\n","protected":false},"excerpt":{"rendered":"<p>H\u00e9bergement, maintenance et support de Passbolt<\/p>\n","protected":false},"featured_media":6458,"template":"","meta":{"slim_seo":{"title":"Passbolt - Gestionnaire de mots de passe pour les \u00e9quipes - maxc.io","description":"H\u00e9bergement, maintenance et support de Passbolt"}},"product_cat":[304,106],"product_tag":[148],"class_list":{"0":"post-4140","1":"product","2":"type-product","3":"status-publish","4":"has-post-thumbnail","6":"product_cat-mots-de-passe","7":"product_cat-services-fr","8":"product_tag-mots-de-passe","10":"first","11":"instock","12":"virtual","13":"sold-individually","14":"taxable","15":"purchasable","16":"product-type-simple"},"pp_statuses_selecting_workflow":false,"pp_workflow_action":"current","pp_status_selection":"publish","_links":{"self":[{"href":"https:\/\/maxc.io\/fr\/wp-json\/wp\/v2\/product\/4140","targetHints":{"allow":["GET"]}}],"collection":[{"href":"https:\/\/maxc.io\/fr\/wp-json\/wp\/v2\/product"}],"about":[{"href":"https:\/\/maxc.io\/fr\/wp-json\/wp\/v2\/types\/product"}],"wp:featuredmedia":[{"embeddable":true,"href":"https:\/\/maxc.io\/fr\/wp-json\/wp\/v2\/media\/6458"}],"wp:attachment":[{"href":"https:\/\/maxc.io\/fr\/wp-json\/wp\/v2\/media?parent=4140"}],"wp:term":[{"taxonomy":"product_cat","embeddable":true,"href":"https:\/\/maxc.io\/fr\/wp-json\/wp\/v2\/product_cat?post=4140"},{"taxonomy":"product_tag","embeddable":true,"href":"https:\/\/maxc.io\/fr\/wp-json\/wp\/v2\/product_tag?post=4140"}],"curies":[{"name":"wp","href":"https:\/\/api.w.org\/{rel}","templated":true}]}}