{"id":4152,"date":"2023-04-07T16:28:50","date_gmt":"2023-04-07T15:28:50","guid":{"rendered":"https:\/\/maxc.io\/product\/pages-intranet\/"},"modified":"2025-03-20T12:00:23","modified_gmt":"2025-03-20T12:00:23","slug":"dokuwiki-wiki","status":"publish","type":"product","link":"https:\/\/maxc.io\/fr\/produit\/dokuwiki-wiki\/","title":{"rendered":"Wiki DokuWiki"},"content":{"rendered":"\n<ul class=\"wp-block-list\">\n<li><a href=\"https:\/\/www.dokuwiki.org\/\">DokuWiki<\/a><\/li>\n\n\n\n<li>Logiciels libres<\/li>\n\n\n\n<li>Install\u00e9 sur un serveur d\u00e9di\u00e9 et isol\u00e9<\/li>\n\n\n\n<li>Configur\u00e9 selon vos propres besoins<\/li>\n\n\n\n<li>Portail d&rsquo;assistance pour les utilisateurs de l&rsquo;administration<\/li>\n\n\n\n<li>Maintenu et toujours mis \u00e0 jour<\/li>\n\n\n\n<li>10 utilisateurs<\/li>\n<\/ul>\n","protected":false},"excerpt":{"rendered":"<p>H\u00e9bergement, maintenance et support de <a href=\"https:\/\/www.dokuwiki.org\/\">DokuWiki<\/a> <\/p>\n","protected":false},"featured_media":6454,"template":"","meta":{"slim_seo":{"title":"Wiki DokuWiki - maxc.io","description":"H\u00e9bergement, maintenance et support de DokuWiki"}},"product_cat":[292,106],"product_tag":[145],"class_list":{"0":"post-4152","1":"product","2":"type-product","3":"status-publish","4":"has-post-thumbnail","6":"product_cat-pages-intranet","7":"product_cat-services-fr","8":"product_tag-pages-intranet","10":"first","11":"instock","12":"virtual","13":"sold-individually","14":"taxable","15":"product-type-simple"},"pp_statuses_selecting_workflow":false,"pp_workflow_action":"current","pp_status_selection":"publish","_links":{"self":[{"href":"https:\/\/maxc.io\/fr\/wp-json\/wp\/v2\/product\/4152","targetHints":{"allow":["GET"]}}],"collection":[{"href":"https:\/\/maxc.io\/fr\/wp-json\/wp\/v2\/product"}],"about":[{"href":"https:\/\/maxc.io\/fr\/wp-json\/wp\/v2\/types\/product"}],"wp:featuredmedia":[{"embeddable":true,"href":"https:\/\/maxc.io\/fr\/wp-json\/wp\/v2\/media\/6454"}],"wp:attachment":[{"href":"https:\/\/maxc.io\/fr\/wp-json\/wp\/v2\/media?parent=4152"}],"wp:term":[{"taxonomy":"product_cat","embeddable":true,"href":"https:\/\/maxc.io\/fr\/wp-json\/wp\/v2\/product_cat?post=4152"},{"taxonomy":"product_tag","embeddable":true,"href":"https:\/\/maxc.io\/fr\/wp-json\/wp\/v2\/product_tag?post=4152"}],"curies":[{"name":"wp","href":"https:\/\/api.w.org\/{rel}","templated":true}]}}