{"id":4153,"date":"2023-04-07T15:37:58","date_gmt":"2023-04-07T14:37:58","guid":{"rendered":"https:\/\/maxc.io\/product\/crm\/"},"modified":"2025-03-20T12:00:23","modified_gmt":"2025-03-20T12:00:23","slug":"espocrm-gestionnaire-de-la-relation-client","status":"publish","type":"product","link":"https:\/\/maxc.io\/fr\/produit\/espocrm-gestionnaire-de-la-relation-client\/","title":{"rendered":"EspoCRM &#8211; Gestionnaire de la relation client"},"content":{"rendered":"\n<ul class=\"wp-block-list\">\n<li><a href=\"https:\/\/www.espocrm.com\/\">EspoCRM<\/a> Standard Edition<\/li>\n\n\n\n<li>Logiciels libres<\/li>\n\n\n\n<li>Install\u00e9 sur un serveur d\u00e9di\u00e9 et isol\u00e9<\/li>\n\n\n\n<li>Configur\u00e9 selon vos propres besoins<\/li>\n\n\n\n<li>Portail d&rsquo;assistance pour les utilisateurs de l&rsquo;administration<\/li>\n\n\n\n<li>Maintenu et toujours mis \u00e0 jour<\/li>\n\n\n\n<li>10 utilisateurs<\/li>\n<\/ul>\n","protected":false},"excerpt":{"rendered":"<p>H\u00e9bergement, maintenance et support d&rsquo;<a href=\"https:\/\/www.espocrm.com\/\">EspoCRM<\/a> <\/p>\n","protected":false},"featured_media":6430,"template":"","meta":{"slim_seo":{"title":"EspoCRM - Gestionnaire de la relation client - maxc.io","description":"H\u00e9bergement, maintenance et support d' EspoCRM"}},"product_cat":[275,106],"product_tag":[144],"class_list":{"0":"post-4153","1":"product","2":"type-product","3":"status-publish","4":"has-post-thumbnail","6":"product_cat-clients","7":"product_cat-services-fr","8":"product_tag-clients","10":"first","11":"instock","12":"virtual","13":"sold-individually","14":"taxable","15":"purchasable","16":"product-type-simple"},"pp_statuses_selecting_workflow":false,"pp_workflow_action":"current","pp_status_selection":"publish","_links":{"self":[{"href":"https:\/\/maxc.io\/fr\/wp-json\/wp\/v2\/product\/4153","targetHints":{"allow":["GET"]}}],"collection":[{"href":"https:\/\/maxc.io\/fr\/wp-json\/wp\/v2\/product"}],"about":[{"href":"https:\/\/maxc.io\/fr\/wp-json\/wp\/v2\/types\/product"}],"wp:featuredmedia":[{"embeddable":true,"href":"https:\/\/maxc.io\/fr\/wp-json\/wp\/v2\/media\/6430"}],"wp:attachment":[{"href":"https:\/\/maxc.io\/fr\/wp-json\/wp\/v2\/media?parent=4153"}],"wp:term":[{"taxonomy":"product_cat","embeddable":true,"href":"https:\/\/maxc.io\/fr\/wp-json\/wp\/v2\/product_cat?post=4153"},{"taxonomy":"product_tag","embeddable":true,"href":"https:\/\/maxc.io\/fr\/wp-json\/wp\/v2\/product_tag?post=4153"}],"curies":[{"name":"wp","href":"https:\/\/api.w.org\/{rel}","templated":true}]}}