{"id":4154,"date":"2023-04-07T16:27:55","date_gmt":"2023-04-07T15:27:55","guid":{"rendered":"https:\/\/maxc.io\/product\/chat-en-direct\/"},"modified":"2025-03-20T12:00:22","modified_gmt":"2025-03-20T12:00:22","slug":"livehelperchat-chat-dassistance-en-direct","status":"publish","type":"product","link":"https:\/\/maxc.io\/fr\/produit\/livehelperchat-chat-dassistance-en-direct\/","title":{"rendered":"LiveHelperChat &#8211; Chat d&rsquo;assistance en direct"},"content":{"rendered":"\n<ul class=\"wp-block-list\">\n<li><a href=\"https:\/\/livehelperchat.com\/\">Live Helper Chat<\/a><\/li>\n\n\n\n<li>Logiciels libres<\/li>\n\n\n\n<li>Install\u00e9 sur un serveur d\u00e9di\u00e9 et isol\u00e9<\/li>\n\n\n\n<li>Configur\u00e9 selon vos propres besoins<\/li>\n\n\n\n<li>Portail d&rsquo;assistance pour les utilisateurs de l&rsquo;administration<\/li>\n\n\n\n<li>Maintenu et toujours mis \u00e0 jour<\/li>\n\n\n\n<li>10 utilisateurs<\/li>\n<\/ul>\n","protected":false},"excerpt":{"rendered":"<p>H\u00e9bergement, maintenance et support du <a href=\"https:\/\/livehelperchat.com\/\">Live Helper Chat<\/a> <\/p>\n","protected":false},"featured_media":6450,"template":"","meta":{"slim_seo":{"title":"LiveHelperChat - Chat d'assistance en direct - maxc.io","description":"H\u00e9bergement, maintenance et support du Live Helper Chat"}},"product_cat":[293,106],"product_tag":[146],"class_list":{"0":"post-4154","1":"product","2":"type-product","3":"status-publish","4":"has-post-thumbnail","6":"product_cat-assistance-en-ligne-par-chat","7":"product_cat-services-fr","8":"product_tag-assistance-en-ligne-par-chat","10":"first","11":"instock","12":"virtual","13":"sold-individually","14":"taxable","15":"product-type-simple"},"pp_statuses_selecting_workflow":false,"pp_workflow_action":"current","pp_status_selection":"publish","_links":{"self":[{"href":"https:\/\/maxc.io\/fr\/wp-json\/wp\/v2\/product\/4154","targetHints":{"allow":["GET"]}}],"collection":[{"href":"https:\/\/maxc.io\/fr\/wp-json\/wp\/v2\/product"}],"about":[{"href":"https:\/\/maxc.io\/fr\/wp-json\/wp\/v2\/types\/product"}],"wp:featuredmedia":[{"embeddable":true,"href":"https:\/\/maxc.io\/fr\/wp-json\/wp\/v2\/media\/6450"}],"wp:attachment":[{"href":"https:\/\/maxc.io\/fr\/wp-json\/wp\/v2\/media?parent=4154"}],"wp:term":[{"taxonomy":"product_cat","embeddable":true,"href":"https:\/\/maxc.io\/fr\/wp-json\/wp\/v2\/product_cat?post=4154"},{"taxonomy":"product_tag","embeddable":true,"href":"https:\/\/maxc.io\/fr\/wp-json\/wp\/v2\/product_tag?post=4154"}],"curies":[{"name":"wp","href":"https:\/\/api.w.org\/{rel}","templated":true}]}}