{"id":4195,"date":"2023-04-01T20:44:01","date_gmt":"2023-04-01T19:44:01","guid":{"rendered":"https:\/\/maxc.io\/product\/listes-de-diffusion\/"},"modified":"2025-03-20T12:00:07","modified_gmt":"2025-03-20T12:00:07","slug":"listmonk-gestionnaire-de-listes-de-diffusion-de-lettres-dinformation-et-denvois-de-courriels","status":"publish","type":"product","link":"https:\/\/maxc.io\/fr\/produit\/listmonk-gestionnaire-de-listes-de-diffusion-de-lettres-dinformation-et-denvois-de-courriels\/","title":{"rendered":"listmonk &#8211; Gestionnaire de lettres d&rsquo;information et de listes de diffusion"},"content":{"rendered":"\n<ul class=\"wp-block-list\">\n<li><a href=\"https:\/\/listmonk.app\/\">listmonk<\/a> gestionnaire de listes de diffusion et de bulletins d&rsquo;information<\/li>\n\n\n\n<li>Logiciels libres<\/li>\n\n\n\n<li>Install\u00e9 sur un serveur d\u00e9di\u00e9 et isol\u00e9<\/li>\n\n\n\n<li>Configur\u00e9 selon vos propres besoins<\/li>\n\n\n\n<li>Portail d&rsquo;assistance pour les utilisateurs de l&rsquo;administration<\/li>\n\n\n\n<li>Maintenu et toujours mis \u00e0 jour<\/li>\n\n\n\n<li>Un compte d&rsquo;utilisateur administrateur<\/li>\n<\/ul>\n","protected":false},"excerpt":{"rendered":"<p>H\u00e9bergement, maintenance et support de <a href=\"https:\/\/listmonk.app\/\">listmonk<\/a> <\/p>\n","protected":false},"featured_media":6418,"template":"","meta":{"slim_seo":{"title":"listmonk - Gestionnaire de lettres d'information et de listes de diffusion - maxc.io","description":"H\u00e9bergement, maintenance et support de listmonk"}},"product_cat":[298,106],"product_tag":[195],"class_list":{"0":"post-4195","1":"product","2":"type-product","3":"status-publish","4":"has-post-thumbnail","6":"product_cat-listes-de-diffusion","7":"product_cat-services-fr","8":"product_tag-listes-de-diffusion","10":"first","11":"instock","12":"virtual","13":"sold-individually","14":"taxable","15":"purchasable","16":"product-type-simple"},"pp_statuses_selecting_workflow":false,"pp_workflow_action":"current","pp_status_selection":"publish","_links":{"self":[{"href":"https:\/\/maxc.io\/fr\/wp-json\/wp\/v2\/product\/4195","targetHints":{"allow":["GET"]}}],"collection":[{"href":"https:\/\/maxc.io\/fr\/wp-json\/wp\/v2\/product"}],"about":[{"href":"https:\/\/maxc.io\/fr\/wp-json\/wp\/v2\/types\/product"}],"wp:featuredmedia":[{"embeddable":true,"href":"https:\/\/maxc.io\/fr\/wp-json\/wp\/v2\/media\/6418"}],"wp:attachment":[{"href":"https:\/\/maxc.io\/fr\/wp-json\/wp\/v2\/media?parent=4195"}],"wp:term":[{"taxonomy":"product_cat","embeddable":true,"href":"https:\/\/maxc.io\/fr\/wp-json\/wp\/v2\/product_cat?post=4195"},{"taxonomy":"product_tag","embeddable":true,"href":"https:\/\/maxc.io\/fr\/wp-json\/wp\/v2\/product_tag?post=4195"}],"curies":[{"name":"wp","href":"https:\/\/api.w.org\/{rel}","templated":true}]}}