{"id":4219,"date":"2023-04-01T20:20:44","date_gmt":"2023-04-01T19:20:44","guid":{"rendered":"https:\/\/maxc.io\/product\/service-dassistance\/"},"modified":"2025-03-20T11:59:42","modified_gmt":"2025-03-20T11:59:42","slug":"freescout-helpdesk-et-boite-aux-lettres-partagee","status":"publish","type":"product","link":"https:\/\/maxc.io\/fr\/produit\/freescout-helpdesk-et-boite-aux-lettres-partagee\/","title":{"rendered":"FreeScout &#8211; Helpdesk et bo\u00eete aux lettres partag\u00e9e"},"content":{"rendered":"\n<ul class=\"wp-block-list\">\n<li><a href=\"https:\/\/freescout.net\/\">FreeScout<\/a> help desk et bo\u00eete aux lettres partag\u00e9e (alternative \u00e0 Zendesk \/ HelpScout)<\/li>\n\n\n\n<li>Install\u00e9 sur un serveur d\u00e9di\u00e9 et isol\u00e9<\/li>\n\n\n\n<li>Configur\u00e9 selon vos propres besoins<\/li>\n\n\n\n<li>Portail d&rsquo;assistance pour les utilisateurs de l&rsquo;administration<\/li>\n\n\n\n<li>Maintenu et toujours mis \u00e0 jour<\/li>\n\n\n\n<li>10 bo\u00eetes aux lettres<\/li>\n\n\n\n<li>10 Go de stockage<\/li>\n<\/ul>\n","protected":false},"excerpt":{"rendered":"<p>H\u00e9bergement, maintenance et support de <a href=\"https:\/\/freescout.net\/\">FreeScout<\/a> <\/p>\n","protected":false},"featured_media":6422,"template":"","meta":{"slim_seo":{"title":"FreeScout - Helpdesk et bo\u00eete aux lettres partag\u00e9e - maxc.io","description":"H\u00e9bergement, maintenance et support de FreeScout"}},"product_cat":[287,106],"product_tag":[172],"class_list":{"0":"post-4219","1":"product","2":"type-product","3":"status-publish","4":"has-post-thumbnail","6":"product_cat-service-dassistance","7":"product_cat-services-fr","8":"product_tag-service-dassistance","10":"first","11":"instock","12":"virtual","13":"sold-individually","14":"taxable","15":"purchasable","16":"product-type-simple"},"pp_statuses_selecting_workflow":false,"pp_workflow_action":"current","pp_status_selection":"publish","_links":{"self":[{"href":"https:\/\/maxc.io\/fr\/wp-json\/wp\/v2\/product\/4219","targetHints":{"allow":["GET"]}}],"collection":[{"href":"https:\/\/maxc.io\/fr\/wp-json\/wp\/v2\/product"}],"about":[{"href":"https:\/\/maxc.io\/fr\/wp-json\/wp\/v2\/types\/product"}],"wp:featuredmedia":[{"embeddable":true,"href":"https:\/\/maxc.io\/fr\/wp-json\/wp\/v2\/media\/6422"}],"wp:attachment":[{"href":"https:\/\/maxc.io\/fr\/wp-json\/wp\/v2\/media?parent=4219"}],"wp:term":[{"taxonomy":"product_cat","embeddable":true,"href":"https:\/\/maxc.io\/fr\/wp-json\/wp\/v2\/product_cat?post=4219"},{"taxonomy":"product_tag","embeddable":true,"href":"https:\/\/maxc.io\/fr\/wp-json\/wp\/v2\/product_tag?post=4219"}],"curies":[{"name":"wp","href":"https:\/\/api.w.org\/{rel}","templated":true}]}}