{"id":4226,"date":"2023-04-01T20:33:53","date_gmt":"2023-04-01T19:33:53","guid":{"rendered":"https:\/\/maxc.io\/product\/nextcloud-document-server\/"},"modified":"2025-03-20T11:59:53","modified_gmt":"2025-03-20T11:59:53","slug":"nextcloud-serveur-de-documents","status":"publish","type":"product","link":"https:\/\/maxc.io\/fr\/produit\/nextcloud-serveur-de-documents\/","title":{"rendered":"Nextcloud Serveur de Documents"},"content":{"rendered":"\n<ul class=\"wp-block-list\">\n<li><a href=\"https:\/\/nextcloud.com\/\">Nextcloud<\/a> &#8211; plateforme de collaboration de contenu<\/li>\n\n\n\n<li>Logiciels libres<\/li>\n\n\n\n<li>Install\u00e9 sur un serveur d\u00e9di\u00e9 et isol\u00e9<\/li>\n\n\n\n<li>Configur\u00e9 selon vos propres besoins<\/li>\n\n\n\n<li>Portail d&rsquo;assistance pour les utilisateurs de l&rsquo;administration<\/li>\n\n\n\n<li>Maintenu et toujours mis \u00e0 jour<\/li>\n\n\n\n<li>10 utilisateurs, 20 Go de stockage de fichiers. Modules compl\u00e9mentaires pour utilisateurs et espace de stockage suppl\u00e9mentaires<\/li>\n<\/ul>\n","protected":false},"excerpt":{"rendered":"<p>H\u00e9bergement, maintenance et support <a href=\"https:\/\/nextcloud.com\/\">Nextcloud<\/a> <\/p>\n","protected":false},"featured_media":6414,"template":"","meta":{"slim_seo":{"title":"Nextcloud Serveur de Documents - maxc.io","description":"H\u00e9bergement, maintenance et support Nextcloud"}},"product_cat":[278,106],"product_tag":[139],"class_list":{"0":"post-4226","1":"product","2":"type-product","3":"status-publish","4":"has-post-thumbnail","6":"product_cat-documents-fr","7":"product_cat-services-fr","8":"product_tag-documents-fr","10":"first","11":"instock","12":"virtual","13":"sold-individually","14":"taxable","15":"purchasable","16":"product-type-simple"},"pp_statuses_selecting_workflow":false,"pp_workflow_action":"current","pp_status_selection":"publish","_links":{"self":[{"href":"https:\/\/maxc.io\/fr\/wp-json\/wp\/v2\/product\/4226","targetHints":{"allow":["GET"]}}],"collection":[{"href":"https:\/\/maxc.io\/fr\/wp-json\/wp\/v2\/product"}],"about":[{"href":"https:\/\/maxc.io\/fr\/wp-json\/wp\/v2\/types\/product"}],"wp:featuredmedia":[{"embeddable":true,"href":"https:\/\/maxc.io\/fr\/wp-json\/wp\/v2\/media\/6414"}],"wp:attachment":[{"href":"https:\/\/maxc.io\/fr\/wp-json\/wp\/v2\/media?parent=4226"}],"wp:term":[{"taxonomy":"product_cat","embeddable":true,"href":"https:\/\/maxc.io\/fr\/wp-json\/wp\/v2\/product_cat?post=4226"},{"taxonomy":"product_tag","embeddable":true,"href":"https:\/\/maxc.io\/fr\/wp-json\/wp\/v2\/product_tag?post=4226"}],"curies":[{"name":"wp","href":"https:\/\/api.w.org\/{rel}","templated":true}]}}