{"id":8070,"date":"2023-03-03T13:46:13","date_gmt":"2023-03-03T13:46:13","guid":{"rendered":"https:\/\/maxc.io\/?post_type=product&#038;p=8070"},"modified":"2025-03-20T11:59:41","modified_gmt":"2025-03-20T11:59:41","slug":"wordpress-website-enterprise","status":"publish","type":"product","link":"https:\/\/maxc.io\/fr\/produit\/wordpress-website-enterprise\/","title":{"rendered":"WordPress Entreprise"},"content":{"rendered":"\n<ul class=\"wp-block-list\">\n<li>H\u00e9bergement WordPress rapide<\/li>\n\n\n\n<li>S\u00e9curit\u00e9 et protection contre les logiciels malveillants<\/li>\n\n\n\n<li>Serveur d\u00e9di\u00e9 avec jusqu&rsquo;\u00e0 3CPU et 6GB RAM<\/li>\n\n\n\n<li>Configur\u00e9 selon vos propres besoins<\/li>\n\n\n\n<li>Portail d&rsquo;assistance pour les utilisateurs de l&rsquo;administration<\/li>\n\n\n\n<li>Le noyau de WordPress, les plugins et les th\u00e8mes sont maintenus et toujours mis \u00e0 jour<\/li>\n\n\n\n<li>20 Go de stockage SSD. Compl\u00e9ments pour un stockage suppl\u00e9mentaire<\/li>\n\n\n\n<li>R\u00e9seau de diffusion de contenu optimis\u00e9 au Royaume-Uni, en Europe et en Am\u00e9rique du Nord<\/li>\n<\/ul>\n","protected":false},"excerpt":{"rendered":"<p>H\u00e9bergement WordPress sur votre propre serveur, maintenance et support<\/p>\n","protected":false},"featured_media":6398,"template":"","meta":{"slim_seo":{"title":"WordPress Entreprise - maxc.io","description":"H\u00e9bergement WordPress sur votre propre serveur, maintenance et support"}},"product_cat":[106,305],"product_tag":[176,175,424,107],"class_list":{"0":"post-8070","1":"product","2":"type-product","3":"status-publish","4":"has-post-thumbnail","6":"product_cat-services-fr","7":"product_cat-sites-web","8":"product_tag-commerce-electronique","9":"product_tag-multilingue-multidevise","10":"product_tag-reservations","11":"product_tag-sites-web","13":"first","14":"instock","15":"virtual","16":"taxable","17":"purchasable","18":"product-type-simple"},"pp_statuses_selecting_workflow":false,"pp_workflow_action":"current","pp_status_selection":"publish","_links":{"self":[{"href":"https:\/\/maxc.io\/fr\/wp-json\/wp\/v2\/product\/8070","targetHints":{"allow":["GET"]}}],"collection":[{"href":"https:\/\/maxc.io\/fr\/wp-json\/wp\/v2\/product"}],"about":[{"href":"https:\/\/maxc.io\/fr\/wp-json\/wp\/v2\/types\/product"}],"wp:featuredmedia":[{"embeddable":true,"href":"https:\/\/maxc.io\/fr\/wp-json\/wp\/v2\/media\/6398"}],"wp:attachment":[{"href":"https:\/\/maxc.io\/fr\/wp-json\/wp\/v2\/media?parent=8070"}],"wp:term":[{"taxonomy":"product_cat","embeddable":true,"href":"https:\/\/maxc.io\/fr\/wp-json\/wp\/v2\/product_cat?post=8070"},{"taxonomy":"product_tag","embeddable":true,"href":"https:\/\/maxc.io\/fr\/wp-json\/wp\/v2\/product_tag?post=8070"}],"curies":[{"name":"wp","href":"https:\/\/api.w.org\/{rel}","templated":true}]}}