{"id":8277,"date":"2024-07-05T17:47:21","date_gmt":"2024-07-05T16:47:21","guid":{"rendered":"https:\/\/maxc.io\/?post_type=product&#038;p=8277"},"modified":"2026-01-21T12:23:37","modified_gmt":"2026-01-21T12:23:37","slug":"add-on-development-block","status":"publish","type":"product","link":"https:\/\/maxc.io\/fr\/produit\/add-on-development-block\/","title":{"rendered":"Add-on : Bloc de d\u00e9veloppement"},"content":{"rendered":"\n<ul class=\"wp-block-list\">\n<li>8 heures de d\u00e9veloppement sur mesure<\/li>\n\n\n\n<li>comprend la d\u00e9couverte, la sp\u00e9cification, la conception, la mise en \u0153uvre, les essais, la mise en production<\/li>\n\n\n\n<li>applicable \u00e0 tous les services souscrits<\/li>\n\n\n\n<li>acheter des blocs suppl\u00e9mentaires si n\u00e9cessaire<\/li>\n<\/ul>\n","protected":false},"excerpt":{"rendered":"<p>8 heures de d\u00e9veloppement sur mesure<\/p>\n","protected":false},"featured_media":6520,"template":"","meta":{"slim_seo":{"title":"Add-on : Bloc de d\u00e9veloppement - maxc.io","description":"8 heures de d\u00e9veloppement sur mesure"}},"product_cat":[141,171],"product_tag":[176,107],"class_list":{"0":"post-8277","1":"product","2":"type-product","3":"status-publish","4":"has-post-thumbnail","6":"product_cat-complements","7":"product_cat-plans-de-soutien","8":"product_tag-commerce-electronique","9":"product_tag-sites-web","11":"first","12":"instock","13":"virtual","14":"taxable","15":"purchasable","16":"product-type-simple"},"pp_statuses_selecting_workflow":false,"pp_workflow_action":"current","pp_status_selection":"publish","_links":{"self":[{"href":"https:\/\/maxc.io\/fr\/wp-json\/wp\/v2\/product\/8277","targetHints":{"allow":["GET"]}}],"collection":[{"href":"https:\/\/maxc.io\/fr\/wp-json\/wp\/v2\/product"}],"about":[{"href":"https:\/\/maxc.io\/fr\/wp-json\/wp\/v2\/types\/product"}],"wp:featuredmedia":[{"embeddable":true,"href":"https:\/\/maxc.io\/fr\/wp-json\/wp\/v2\/media\/6520"}],"wp:attachment":[{"href":"https:\/\/maxc.io\/fr\/wp-json\/wp\/v2\/media?parent=8277"}],"wp:term":[{"taxonomy":"product_cat","embeddable":true,"href":"https:\/\/maxc.io\/fr\/wp-json\/wp\/v2\/product_cat?post=8277"},{"taxonomy":"product_tag","embeddable":true,"href":"https:\/\/maxc.io\/fr\/wp-json\/wp\/v2\/product_tag?post=8277"}],"curies":[{"name":"wp","href":"https:\/\/api.w.org\/{rel}","templated":true}]}}