{"id":9533,"date":"2026-05-11T14:20:40","date_gmt":"2026-05-11T13:20:40","guid":{"rendered":"https:\/\/maxc.io\/?post_type=product&#038;p=9533"},"modified":"2026-05-11T14:23:45","modified_gmt":"2026-05-11T13:23:45","slug":"hebergement-du-courrier-electronique-copy","status":"publish","type":"product","link":"https:\/\/maxc.io\/fr\/produit\/hebergement-du-courrier-electronique-copy\/","title":{"rendered":"H\u00e9bergement du courrier \u00e9lectronique (Copy)"},"content":{"rendered":"\n<ul class=\"wp-block-list\">\n<li>10 bo\u00eetes aux lettres<\/li>\n\n\n\n<li>20 Go de stockage SSD<\/li>\n<\/ul>\n","protected":false},"excerpt":{"rendered":"<p>H\u00e9bergement, maintenance et assistance pour le courrier \u00e9lectronique Postfix<\/p>\n","protected":false},"featured_media":6394,"template":"","meta":{"slim_seo":{"title":"H\u00e9bergement du courrier \u00e9lectronique (Copy) - maxc.io","description":"H\u00e9bergement, maintenance et assistance pour le courrier \u00e9lectronique Postfix"}},"product_cat":[286,106],"product_tag":[173],"class_list":{"0":"post-9533","1":"product","2":"type-product","3":"status-publish","4":"has-post-thumbnail","6":"product_cat-courriels","7":"product_cat-services-fr","8":"product_tag-courriels","10":"first","11":"instock","12":"virtual","13":"sold-individually","14":"taxable","15":"purchasable","16":"product-type-simple"},"pp_statuses_selecting_workflow":false,"pp_workflow_action":"current","pp_status_selection":"publish","_links":{"self":[{"href":"https:\/\/maxc.io\/fr\/wp-json\/wp\/v2\/product\/9533","targetHints":{"allow":["GET"]}}],"collection":[{"href":"https:\/\/maxc.io\/fr\/wp-json\/wp\/v2\/product"}],"about":[{"href":"https:\/\/maxc.io\/fr\/wp-json\/wp\/v2\/types\/product"}],"wp:featuredmedia":[{"embeddable":true,"href":"https:\/\/maxc.io\/fr\/wp-json\/wp\/v2\/media\/6394"}],"wp:attachment":[{"href":"https:\/\/maxc.io\/fr\/wp-json\/wp\/v2\/media?parent=9533"}],"wp:term":[{"taxonomy":"product_cat","embeddable":true,"href":"https:\/\/maxc.io\/fr\/wp-json\/wp\/v2\/product_cat?post=9533"},{"taxonomy":"product_tag","embeddable":true,"href":"https:\/\/maxc.io\/fr\/wp-json\/wp\/v2\/product_tag?post=9533"}],"curies":[{"name":"wp","href":"https:\/\/api.w.org\/{rel}","templated":true}]}}